{"id":1158,"date":"2023-10-03T14:50:59","date_gmt":"2023-10-03T14:50:59","guid":{"rendered":"https:\/\/web4.rkinformatika.net\/cristinasantiagocentroestetico\/?page_id=1158"},"modified":"2025-12-11T17:18:05","modified_gmt":"2025-12-11T17:18:05","slug":"oxigeno","status":"publish","type":"page","link":"https:\/\/cristinasantiagocentroestetico.es\/eu\/oxigeno\/","title":{"rendered":"Ox\u00edgeno"},"content":{"rendered":"<div data-elementor-type=\"wp-page\" data-elementor-id=\"1158\" class=\"elementor elementor-1158\" data-elementor-post-type=\"page\">\n\t\t\t\t<div class=\"elementor-element elementor-element-6f36b86 e-flex e-con-boxed e-con e-parent\" data-id=\"6f36b86\" data-element_type=\"container\" data-e-type=\"container\">\n\t\t\t\t\t<div class=\"e-con-inner\">\n\t\t\t\t<div class=\"elementor-element elementor-element-7555e55 elementor-widget-divider--view-line elementor-widget elementor-widget-divider\" data-id=\"7555e55\" data-element_type=\"widget\" data-e-type=\"widget\" data-widget_type=\"divider.default\">\n\t\t\t\t<div class=\"elementor-widget-container\">\n\t\t\t\t\t\t\t<div class=\"elementor-divider\">\n\t\t\t<span class=\"elementor-divider-separator\">\n\t\t\t\t\t\t<\/span>\n\t\t<\/div>\n\t\t\t\t\t\t<\/div>\n\t\t\t\t<\/div>\n\t\t\t\t\t<\/div>\n\t\t\t\t<\/div>\n\t\t<div class=\"elementor-element elementor-element-b76a383 e-flex e-con-boxed e-con e-parent\" data-id=\"b76a383\" data-element_type=\"container\" data-e-type=\"container\">\n\t\t\t\t\t<div class=\"e-con-inner\">\n\t\t\t\t<div class=\"elementor-element elementor-element-99dd3fd elementor-widget-tablet__width-initial elementor-widget elementor-widget-heading\" data-id=\"99dd3fd\" data-element_type=\"widget\" data-e-type=\"widget\" data-widget_type=\"heading.default\">\n\t\t\t\t<div class=\"elementor-widget-container\">\n\t\t\t\t\t<h2 class=\"elementor-heading-title elementor-size-default\">Oxigenaci\u00f3n y Detox Facial: Piel M\u00e1s Firme, Luminosa y Protegida<\/h2>\t\t\t\t<\/div>\n\t\t\t\t<\/div>\n\t\t\t\t\t<\/div>\n\t\t\t\t<\/div>\n\t\t<div class=\"elementor-element elementor-element-6dacdda e-flex e-con-boxed elementor-invisible e-con e-parent\" data-id=\"6dacdda\" data-element_type=\"container\" data-e-type=\"container\" data-settings=\"{&quot;animation&quot;:&quot;fadeInUp&quot;}\">\n\t\t\t\t\t<div class=\"e-con-inner\">\n\t\t<div class=\"elementor-element elementor-element-c740f3d e-con-full e-flex e-con e-child\" data-id=\"c740f3d\" data-element_type=\"container\" data-e-type=\"container\">\n\t\t\t\t<div class=\"elementor-element elementor-element-2512a32 elementor-widget elementor-widget-text-editor\" data-id=\"2512a32\" data-element_type=\"widget\" data-e-type=\"widget\" data-widget_type=\"text-editor.default\">\n\t\t\t\t<div class=\"elementor-widget-container\">\n\t\t\t\t\t\t\t\t\t<p data-start=\"197\" data-end=\"482\">Oxigena, detoxifica, regenera, defiende y fortalece la piel. Esta <strong data-start=\"263\" data-end=\"294\">terapia de nueva generaci\u00f3n<\/strong> combina eficacia cosm\u00e9tica y bienestar profundo gracias a un masaje exclusivo inspirado en la simbiosis de dos t\u00e9cnicas: una <strong data-start=\"420\" data-end=\"450\">terapia milenaria oriental<\/strong> y la <strong data-start=\"456\" data-end=\"479\">reflexolog\u00eda facial<\/strong>.<\/p><p data-start=\"484\" data-end=\"545\">El tratamiento incluye <strong data-start=\"507\" data-end=\"542\">dos m\u00e1scaras de alta tecnolog\u00eda<\/strong>:<\/p><ul data-start=\"546\" data-end=\"826\"><li data-start=\"546\" data-end=\"700\"><p data-start=\"548\" data-end=\"700\">Una <strong data-start=\"552\" data-end=\"574\">m\u00e1scara oxigenante<\/strong> basada en el popular fen\u00f3meno <em data-start=\"605\" data-end=\"618\">bubble mask<\/em>, que libera microburbujas para activar la microcirculaci\u00f3n y purificar la piel.<\/p><\/li><li data-start=\"701\" data-end=\"826\"><p data-start=\"703\" data-end=\"826\">Una <strong data-start=\"707\" data-end=\"731\">m\u00e1scara doble matriz<\/strong>, formada por dos capas complementarias que aportan hidrataci\u00f3n, firmeza y protecci\u00f3n avanzada.<\/p><\/li><\/ul><p data-start=\"828\" data-end=\"979\">El resultado es una piel m\u00e1s <strong data-start=\"857\" data-end=\"903\">vital, luminosa, equilibrada y fortalecida<\/strong>, lista para defenderse de los agentes externos y recuperar toda su energ\u00eda.<\/p>\t\t\t\t\t\t\t\t<\/div>\n\t\t\t\t<\/div>\n\t\t\t\t<\/div>\n\t\t\t\t\t<\/div>\n\t\t\t\t<\/div>\n\t\t<div class=\"elementor-element elementor-element-1004b85 e-flex e-con-boxed e-con e-parent\" data-id=\"1004b85\" data-element_type=\"container\" data-e-type=\"container\">\n\t\t\t\t\t<div class=\"e-con-inner\">\n\t\t<div class=\"elementor-element elementor-element-8ccf2a4 e-con-full e-flex e-con e-child\" data-id=\"8ccf2a4\" data-element_type=\"container\" data-e-type=\"container\">\n\t\t\t\t<div class=\"elementor-element elementor-element-0028f15 elementor-widget elementor-widget-image\" data-id=\"0028f15\" data-element_type=\"widget\" data-e-type=\"widget\" data-widget_type=\"image.default\">\n\t\t\t\t<div class=\"elementor-widget-container\">\n\t\t\t\t\t\t\t\t\t\t\t\t\t\t\t<img fetchpriority=\"high\" decoding=\"async\" width=\"575\" height=\"1024\" src=\"https:\/\/cristinasantiagocentroestetico.es\/wp-content\/uploads\/2023\/12\/IMG_20171114_121047-1-575x1024.jpg\" class=\"attachment-large size-large wp-image-2846\" alt=\"\" srcset=\"https:\/\/cristinasantiagocentroestetico.es\/wp-content\/uploads\/2023\/12\/IMG_20171114_121047-1-575x1024.jpg 575w, https:\/\/cristinasantiagocentroestetico.es\/wp-content\/uploads\/2023\/12\/IMG_20171114_121047-1-scaled-600x1068.jpg 600w, https:\/\/cristinasantiagocentroestetico.es\/wp-content\/uploads\/2023\/12\/IMG_20171114_121047-1-168x300.jpg 168w, https:\/\/cristinasantiagocentroestetico.es\/wp-content\/uploads\/2023\/12\/IMG_20171114_121047-1-768x1368.jpg 768w, https:\/\/cristinasantiagocentroestetico.es\/wp-content\/uploads\/2023\/12\/IMG_20171114_121047-1-863x1536.jpg 863w, https:\/\/cristinasantiagocentroestetico.es\/wp-content\/uploads\/2023\/12\/IMG_20171114_121047-1-1150x2048.jpg 1150w, https:\/\/cristinasantiagocentroestetico.es\/wp-content\/uploads\/2023\/12\/IMG_20171114_121047-1-7x12.jpg 7w, https:\/\/cristinasantiagocentroestetico.es\/wp-content\/uploads\/2023\/12\/IMG_20171114_121047-1-scaled.jpg 1438w\" sizes=\"(max-width: 575px) 100vw, 575px\" \/>\t\t\t\t\t\t\t\t\t\t\t\t\t\t\t<\/div>\n\t\t\t\t<\/div>\n\t\t\t\t<\/div>\n\t\t<div class=\"elementor-element elementor-element-bd50d2f e-con-full e-flex e-con e-child\" data-id=\"bd50d2f\" data-element_type=\"container\" data-e-type=\"container\">\n\t\t\t\t<div class=\"elementor-element elementor-element-8fd0e1f elementor-widget elementor-widget-image\" data-id=\"8fd0e1f\" data-element_type=\"widget\" data-e-type=\"widget\" data-widget_type=\"image.default\">\n\t\t\t\t<div class=\"elementor-widget-container\">\n\t\t\t\t\t\t\t\t\t\t\t\t\t\t\t<img decoding=\"async\" width=\"575\" height=\"1024\" src=\"https:\/\/cristinasantiagocentroestetico.es\/wp-content\/uploads\/2023\/12\/IMG_20171114_175440-1-575x1024.jpg\" class=\"attachment-large size-large wp-image-2847\" alt=\"\" srcset=\"https:\/\/cristinasantiagocentroestetico.es\/wp-content\/uploads\/2023\/12\/IMG_20171114_175440-1-575x1024.jpg 575w, https:\/\/cristinasantiagocentroestetico.es\/wp-content\/uploads\/2023\/12\/IMG_20171114_175440-1-scaled-600x1068.jpg 600w, https:\/\/cristinasantiagocentroestetico.es\/wp-content\/uploads\/2023\/12\/IMG_20171114_175440-1-168x300.jpg 168w, https:\/\/cristinasantiagocentroestetico.es\/wp-content\/uploads\/2023\/12\/IMG_20171114_175440-1-768x1368.jpg 768w, https:\/\/cristinasantiagocentroestetico.es\/wp-content\/uploads\/2023\/12\/IMG_20171114_175440-1-863x1536.jpg 863w, https:\/\/cristinasantiagocentroestetico.es\/wp-content\/uploads\/2023\/12\/IMG_20171114_175440-1-1150x2048.jpg 1150w, https:\/\/cristinasantiagocentroestetico.es\/wp-content\/uploads\/2023\/12\/IMG_20171114_175440-1-7x12.jpg 7w, https:\/\/cristinasantiagocentroestetico.es\/wp-content\/uploads\/2023\/12\/IMG_20171114_175440-1-scaled.jpg 1438w\" sizes=\"(max-width: 575px) 100vw, 575px\" \/>\t\t\t\t\t\t\t\t\t\t\t\t\t\t\t<\/div>\n\t\t\t\t<\/div>\n\t\t\t\t<\/div>\n\t\t<div class=\"elementor-element elementor-element-b585ccd e-con-full e-flex e-con e-child\" data-id=\"b585ccd\" data-element_type=\"container\" data-e-type=\"container\">\n\t\t\t\t<div class=\"elementor-element elementor-element-9a3697a elementor-widget elementor-widget-image\" data-id=\"9a3697a\" data-element_type=\"widget\" data-e-type=\"widget\" data-widget_type=\"image.default\">\n\t\t\t\t<div class=\"elementor-widget-container\">\n\t\t\t\t\t\t\t\t\t\t\t\t\t\t\t<img decoding=\"async\" width=\"575\" height=\"1024\" src=\"https:\/\/cristinasantiagocentroestetico.es\/wp-content\/uploads\/2023\/12\/IMG_20171114_173536-1-1-575x1024.jpg\" class=\"attachment-large size-large wp-image-2848\" alt=\"\" srcset=\"https:\/\/cristinasantiagocentroestetico.es\/wp-content\/uploads\/2023\/12\/IMG_20171114_173536-1-1-575x1024.jpg 575w, https:\/\/cristinasantiagocentroestetico.es\/wp-content\/uploads\/2023\/12\/IMG_20171114_173536-1-1-scaled-600x1068.jpg 600w, https:\/\/cristinasantiagocentroestetico.es\/wp-content\/uploads\/2023\/12\/IMG_20171114_173536-1-1-168x300.jpg 168w, https:\/\/cristinasantiagocentroestetico.es\/wp-content\/uploads\/2023\/12\/IMG_20171114_173536-1-1-768x1368.jpg 768w, https:\/\/cristinasantiagocentroestetico.es\/wp-content\/uploads\/2023\/12\/IMG_20171114_173536-1-1-863x1536.jpg 863w, https:\/\/cristinasantiagocentroestetico.es\/wp-content\/uploads\/2023\/12\/IMG_20171114_173536-1-1-1150x2048.jpg 1150w, https:\/\/cristinasantiagocentroestetico.es\/wp-content\/uploads\/2023\/12\/IMG_20171114_173536-1-1-7x12.jpg 7w, https:\/\/cristinasantiagocentroestetico.es\/wp-content\/uploads\/2023\/12\/IMG_20171114_173536-1-1-scaled.jpg 1438w\" sizes=\"(max-width: 575px) 100vw, 575px\" \/>\t\t\t\t\t\t\t\t\t\t\t\t\t\t\t<\/div>\n\t\t\t\t<\/div>\n\t\t\t\t<\/div>\n\t\t\t\t\t<\/div>\n\t\t\t\t<\/div>\n\t\t<div class=\"elementor-element elementor-element-0abf9cc e-flex e-con-boxed e-con e-parent\" data-id=\"0abf9cc\" data-element_type=\"container\" data-e-type=\"container\">\n\t\t\t\t\t<div class=\"e-con-inner\">\n\t\t<div class=\"elementor-element elementor-element-736c15e e-con-full e-flex e-con e-child\" data-id=\"736c15e\" data-element_type=\"container\" data-e-type=\"container\">\n\t\t\t\t<div class=\"elementor-element elementor-element-1712add elementor-widget elementor-widget-heading\" data-id=\"1712add\" data-element_type=\"widget\" data-e-type=\"widget\" data-widget_type=\"heading.default\">\n\t\t\t\t<div class=\"elementor-widget-container\">\n\t\t\t\t\t<h2 class=\"elementor-heading-title elementor-size-default\">Porque tu piel es \u00fanica<\/h2>\t\t\t\t<\/div>\n\t\t\t\t<\/div>\n\t\t\t\t<div class=\"elementor-element elementor-element-6582120 elementor-widget elementor-widget-text-editor\" data-id=\"6582120\" data-element_type=\"widget\" data-e-type=\"widget\" data-widget_type=\"text-editor.default\">\n\t\t\t\t<div class=\"elementor-widget-container\">\n\t\t\t\t\t\t\t\t\t<p style=\"text-align: center;\">Antes de realizar un tratamiento, realizamos un diagnostico exhaustivo, de las necesidades de tu piel. Y as\u00ed dise\u00f1ar una experiencia completamente adaptada a ti.<\/p><p style=\"text-align: center;\"><span style=\"font-size: 1rem;\">Precio diagn\u00f3stico 20\u20ac &#8211; Se descuenta del precio del servicio finalmente escogido:\u00a0<\/span><\/p><p style=\"text-align: center;\"><i>Radiofrecuencia &#8211; Vitamina C &#8211; Ox\u00edgeno &#8211; Hialur\u00f3nico &#8211; Despigmentante &#8211; Foto rejuvenecimiento &#8211; Foto acn\u00e9 &#8211; Acidos &#8211; Contorno &#8211; Dermapen &#8211; Cuello y escote, etc&#8230;<\/i><\/p>\t\t\t\t\t\t\t\t<\/div>\n\t\t\t\t<\/div>\n\t\t\t\t<div class=\"elementor-element elementor-element-79685e1 elementor-add-to-cart--align-center elementor-widget elementor-widget-wc-add-to-cart\" data-id=\"79685e1\" data-element_type=\"widget\" data-e-type=\"widget\" data-widget_type=\"wc-add-to-cart.default\">\n\t\t\t\t<div class=\"elementor-widget-container\">\n\t\t\t\t\t\t\t\t\t<div class=\"elementor-button-wrapper\">\n\t\t\t\t\t<a rel=\"nofollow\" href=\"\/eu\/oxigeno\/?add-to-cart=4467\" data-quantity=\"1\" data-product_id=\"4467\" class=\"product_type_simple add_to_cart_button ajax_add_to_cart elementor-button elementor-size-md\" role=\"button\">\n\t\t\t\t\t\t<span class=\"elementor-button-content-wrapper\">\n\t\t\t\t\t\t<span class=\"elementor-button-icon\">\n\t\t\t\t<svg aria-hidden=\"true\" class=\"e-font-icon-svg e-fas-shopping-cart\" viewbox=\"0 0 576 512\" xmlns=\"http:\/\/www.w3.org\/2000\/svg\"><path d=\"M528.12 301.319l47.273-208C578.806 78.301 567.391 64 551.99 64H159.208l-9.166-44.81C147.758 8.021 137.93 0 126.529 0H24C10.745 0 0 10.745 0 24v16c0 13.255 10.745 24 24 24h69.883l70.248 343.435C147.325 417.1 136 435.222 136 456c0 30.928 25.072 56 56 56s56-25.072 56-56c0-15.674-6.447-29.835-16.824-40h209.647C430.447 426.165 424 440.326 424 456c0 30.928 25.072 56 56 56s56-25.072 56-56c0-22.172-12.888-41.332-31.579-50.405l5.517-24.276c3.413-15.018-8.002-29.319-23.403-29.319H218.117l-6.545-32h293.145c11.206 0 20.92-7.754 23.403-18.681z\"><\/path><\/svg>\t\t\t<\/span>\n\t\t\t\t\t\t\t\t\t<span class=\"elementor-button-text\">Comprar diagn\u00f3stico<\/span>\n\t\t\t\t\t<\/span>\n\t\t\t\t\t<\/a>\n\t\t\t\t<\/div>\n\t\t\t\t\t\t\t\t<\/div>\n\t\t\t\t<\/div>\n\t\t\t\t<\/div>\n\t\t\t\t\t<\/div>\n\t\t\t\t<\/div>\n\t\t\t\t<\/div>","protected":false},"excerpt":{"rendered":"<p>Oxigenaci\u00f3n y Detox Facial: Piel M\u00e1s Firme, Luminosa y Protegida Oxigena, detoxifica, regenera, defiende y fortalece la piel. Esta terapia de nueva generaci\u00f3n combina eficacia cosm\u00e9tica y bienestar profundo gracias a un masaje exclusivo inspirado en la simbiosis de dos t\u00e9cnicas: una terapia milenaria oriental y la reflexolog\u00eda facial. El tratamiento incluye dos m\u00e1scaras de [&hellip;]<\/p>\n","protected":false},"author":1,"featured_media":38,"parent":0,"menu_order":0,"comment_status":"closed","ping_status":"closed","template":"elementor_canvas","meta":{"footnotes":""},"class_list":["post-1158","page","type-page","status-publish","has-post-thumbnail","hentry"],"yoast_head":"<!-- This site is optimized with the Yoast SEO plugin v27.5 - https:\/\/yoast.com\/product\/yoast-seo-wordpress\/ -->\n<title>Ox\u00edgeno - cristina santiago centro estetico<\/title>\n<meta name=\"robots\" content=\"index, follow, max-snippet:-1, max-image-preview:large, max-video-preview:-1\" \/>\n<link rel=\"canonical\" href=\"https:\/\/cristinasantiagocentroestetico.es\/eu\/oxigeno\/\" \/>\n<meta property=\"og:locale\" content=\"en_US\" \/>\n<meta property=\"og:type\" content=\"article\" \/>\n<meta property=\"og:title\" content=\"Ox\u00edgeno - cristina santiago centro estetico\" \/>\n<meta property=\"og:description\" content=\"Oxigenaci\u00f3n y Detox Facial: Piel M\u00e1s Firme, Luminosa y Protegida Oxigena, detoxifica, regenera, defiende y fortalece la piel. Esta terapia de nueva generaci\u00f3n combina eficacia cosm\u00e9tica y bienestar profundo gracias a un masaje exclusivo inspirado en la simbiosis de dos t\u00e9cnicas: una terapia milenaria oriental y la reflexolog\u00eda facial. El tratamiento incluye dos m\u00e1scaras de [&hellip;]\" \/>\n<meta property=\"og:url\" content=\"https:\/\/cristinasantiagocentroestetico.es\/eu\/oxigeno\/\" \/>\n<meta property=\"og:site_name\" content=\"cristina santiago centro estetico\" \/>\n<meta property=\"article:modified_time\" content=\"2025-12-11T17:18:05+00:00\" \/>\n<meta property=\"og:image\" content=\"https:\/\/cristinasantiagocentroestetico.es\/wp-content\/uploads\/2023\/09\/Captura-desde-2023-09-26-16-42-17.png\" \/>\n\t<meta property=\"og:image:width\" content=\"197\" \/>\n\t<meta property=\"og:image:height\" content=\"177\" \/>\n\t<meta property=\"og:image:type\" content=\"image\/png\" \/>\n<meta name=\"twitter:card\" content=\"summary_large_image\" \/>\n<meta name=\"twitter:label1\" content=\"Est. reading time\" \/>\n\t<meta name=\"twitter:data1\" content=\"2 minutua\" \/>\n<script type=\"application\/ld+json\" class=\"yoast-schema-graph\">{\"@context\":\"https:\\\/\\\/schema.org\",\"@graph\":[{\"@type\":\"WebPage\",\"@id\":\"https:\\\/\\\/cristinasantiagocentroestetico.es\\\/oxigeno\\\/\",\"url\":\"https:\\\/\\\/cristinasantiagocentroestetico.es\\\/oxigeno\\\/\",\"name\":\"Ox\u00edgeno - cristina santiago centro estetico\",\"isPartOf\":{\"@id\":\"https:\\\/\\\/cristinasantiagocentroestetico.es\\\/#website\"},\"primaryImageOfPage\":{\"@id\":\"https:\\\/\\\/cristinasantiagocentroestetico.es\\\/oxigeno\\\/#primaryimage\"},\"image\":{\"@id\":\"https:\\\/\\\/cristinasantiagocentroestetico.es\\\/oxigeno\\\/#primaryimage\"},\"thumbnailUrl\":\"https:\\\/\\\/cristinasantiagocentroestetico.es\\\/wp-content\\\/uploads\\\/2023\\\/09\\\/Captura-desde-2023-09-26-16-42-17.png\",\"datePublished\":\"2023-10-03T14:50:59+00:00\",\"dateModified\":\"2025-12-11T17:18:05+00:00\",\"breadcrumb\":{\"@id\":\"https:\\\/\\\/cristinasantiagocentroestetico.es\\\/oxigeno\\\/#breadcrumb\"},\"inLanguage\":\"eu\",\"potentialAction\":[{\"@type\":\"ReadAction\",\"target\":[\"https:\\\/\\\/cristinasantiagocentroestetico.es\\\/oxigeno\\\/\"]}]},{\"@type\":\"ImageObject\",\"inLanguage\":\"eu\",\"@id\":\"https:\\\/\\\/cristinasantiagocentroestetico.es\\\/oxigeno\\\/#primaryimage\",\"url\":\"https:\\\/\\\/cristinasantiagocentroestetico.es\\\/wp-content\\\/uploads\\\/2023\\\/09\\\/Captura-desde-2023-09-26-16-42-17.png\",\"contentUrl\":\"https:\\\/\\\/cristinasantiagocentroestetico.es\\\/wp-content\\\/uploads\\\/2023\\\/09\\\/Captura-desde-2023-09-26-16-42-17.png\",\"width\":197,\"height\":177},{\"@type\":\"BreadcrumbList\",\"@id\":\"https:\\\/\\\/cristinasantiagocentroestetico.es\\\/oxigeno\\\/#breadcrumb\",\"itemListElement\":[{\"@type\":\"ListItem\",\"position\":1,\"name\":\"Portada\",\"item\":\"https:\\\/\\\/cristinasantiagocentroestetico.es\\\/\"},{\"@type\":\"ListItem\",\"position\":2,\"name\":\"Ox\u00edgeno\"}]},{\"@type\":\"WebSite\",\"@id\":\"https:\\\/\\\/cristinasantiagocentroestetico.es\\\/#website\",\"url\":\"https:\\\/\\\/cristinasantiagocentroestetico.es\\\/\",\"name\":\"cristina santiago centro estetico\",\"description\":\"Tratamientos de belleza en Bilbao\",\"potentialAction\":[{\"@type\":\"SearchAction\",\"target\":{\"@type\":\"EntryPoint\",\"urlTemplate\":\"https:\\\/\\\/cristinasantiagocentroestetico.es\\\/?s={search_term_string}\"},\"query-input\":{\"@type\":\"PropertyValueSpecification\",\"valueRequired\":true,\"valueName\":\"search_term_string\"}}],\"inLanguage\":\"eu\"}]}<\/script>\n<!-- \/ Yoast SEO plugin. -->","yoast_head_json":{"title":"Ox\u00edgeno - cristina santiago centro estetico","robots":{"index":"index","follow":"follow","max-snippet":"max-snippet:-1","max-image-preview":"max-image-preview:large","max-video-preview":"max-video-preview:-1"},"canonical":"https:\/\/cristinasantiagocentroestetico.es\/eu\/oxigeno\/","og_locale":"en_US","og_type":"article","og_title":"Ox\u00edgeno - cristina santiago centro estetico","og_description":"Oxigenaci\u00f3n y Detox Facial: Piel M\u00e1s Firme, Luminosa y Protegida Oxigena, detoxifica, regenera, defiende y fortalece la piel. Esta terapia de nueva generaci\u00f3n combina eficacia cosm\u00e9tica y bienestar profundo gracias a un masaje exclusivo inspirado en la simbiosis de dos t\u00e9cnicas: una terapia milenaria oriental y la reflexolog\u00eda facial. El tratamiento incluye dos m\u00e1scaras de [&hellip;]","og_url":"https:\/\/cristinasantiagocentroestetico.es\/eu\/oxigeno\/","og_site_name":"cristina santiago centro estetico","article_modified_time":"2025-12-11T17:18:05+00:00","og_image":[{"width":197,"height":177,"url":"https:\/\/cristinasantiagocentroestetico.es\/wp-content\/uploads\/2023\/09\/Captura-desde-2023-09-26-16-42-17.png","type":"image\/png"}],"twitter_card":"summary_large_image","twitter_misc":{"Est. reading time":"2 minutua"},"schema":{"@context":"https:\/\/schema.org","@graph":[{"@type":"WebPage","@id":"https:\/\/cristinasantiagocentroestetico.es\/oxigeno\/","url":"https:\/\/cristinasantiagocentroestetico.es\/oxigeno\/","name":"Ox\u00edgeno - cristina santiago centro estetico","isPartOf":{"@id":"https:\/\/cristinasantiagocentroestetico.es\/#website"},"primaryImageOfPage":{"@id":"https:\/\/cristinasantiagocentroestetico.es\/oxigeno\/#primaryimage"},"image":{"@id":"https:\/\/cristinasantiagocentroestetico.es\/oxigeno\/#primaryimage"},"thumbnailUrl":"https:\/\/cristinasantiagocentroestetico.es\/wp-content\/uploads\/2023\/09\/Captura-desde-2023-09-26-16-42-17.png","datePublished":"2023-10-03T14:50:59+00:00","dateModified":"2025-12-11T17:18:05+00:00","breadcrumb":{"@id":"https:\/\/cristinasantiagocentroestetico.es\/oxigeno\/#breadcrumb"},"inLanguage":"eu","potentialAction":[{"@type":"ReadAction","target":["https:\/\/cristinasantiagocentroestetico.es\/oxigeno\/"]}]},{"@type":"ImageObject","inLanguage":"eu","@id":"https:\/\/cristinasantiagocentroestetico.es\/oxigeno\/#primaryimage","url":"https:\/\/cristinasantiagocentroestetico.es\/wp-content\/uploads\/2023\/09\/Captura-desde-2023-09-26-16-42-17.png","contentUrl":"https:\/\/cristinasantiagocentroestetico.es\/wp-content\/uploads\/2023\/09\/Captura-desde-2023-09-26-16-42-17.png","width":197,"height":177},{"@type":"BreadcrumbList","@id":"https:\/\/cristinasantiagocentroestetico.es\/oxigeno\/#breadcrumb","itemListElement":[{"@type":"ListItem","position":1,"name":"Portada","item":"https:\/\/cristinasantiagocentroestetico.es\/"},{"@type":"ListItem","position":2,"name":"Ox\u00edgeno"}]},{"@type":"WebSite","@id":"https:\/\/cristinasantiagocentroestetico.es\/#website","url":"https:\/\/cristinasantiagocentroestetico.es\/","name":"cristina santiago centro estetico","description":"Tratamientos de belleza en Bilbao","potentialAction":[{"@type":"SearchAction","target":{"@type":"EntryPoint","urlTemplate":"https:\/\/cristinasantiagocentroestetico.es\/?s={search_term_string}"},"query-input":{"@type":"PropertyValueSpecification","valueRequired":true,"valueName":"search_term_string"}}],"inLanguage":"eu"}]}},"jetpack_sharing_enabled":true,"_links":{"self":[{"href":"https:\/\/cristinasantiagocentroestetico.es\/eu\/wp-json\/wp\/v2\/pages\/1158","targetHints":{"allow":["GET"]}}],"collection":[{"href":"https:\/\/cristinasantiagocentroestetico.es\/eu\/wp-json\/wp\/v2\/pages"}],"about":[{"href":"https:\/\/cristinasantiagocentroestetico.es\/eu\/wp-json\/wp\/v2\/types\/page"}],"author":[{"embeddable":true,"href":"https:\/\/cristinasantiagocentroestetico.es\/eu\/wp-json\/wp\/v2\/users\/1"}],"replies":[{"embeddable":true,"href":"https:\/\/cristinasantiagocentroestetico.es\/eu\/wp-json\/wp\/v2\/comments?post=1158"}],"version-history":[{"count":44,"href":"https:\/\/cristinasantiagocentroestetico.es\/eu\/wp-json\/wp\/v2\/pages\/1158\/revisions"}],"predecessor-version":[{"id":4888,"href":"https:\/\/cristinasantiagocentroestetico.es\/eu\/wp-json\/wp\/v2\/pages\/1158\/revisions\/4888"}],"wp:featuredmedia":[{"embeddable":true,"href":"https:\/\/cristinasantiagocentroestetico.es\/eu\/wp-json\/wp\/v2\/media\/38"}],"wp:attachment":[{"href":"https:\/\/cristinasantiagocentroestetico.es\/eu\/wp-json\/wp\/v2\/media?parent=1158"}],"curies":[{"name":"wp","href":"https:\/\/api.w.org\/{rel}","templated":true}]}}