{"id":1164,"date":"2023-10-03T14:52:34","date_gmt":"2023-10-03T14:52:34","guid":{"rendered":"https:\/\/web4.rkinformatika.net\/cristinasantiagocentroestetico\/?page_id=1164"},"modified":"2025-12-16T16:22:10","modified_gmt":"2025-12-16T16:22:10","slug":"despigmentante","status":"publish","type":"page","link":"https:\/\/cristinasantiagocentroestetico.es\/eu\/despigmentante\/","title":{"rendered":"Tratamiento despigmentante facial"},"content":{"rendered":"<div data-elementor-type=\"wp-page\" data-elementor-id=\"1164\" class=\"elementor elementor-1164\" data-elementor-post-type=\"page\">\n\t\t\t\t\t\t<section class=\"elementor-section elementor-top-section elementor-element elementor-element-b89239a elementor-section-boxed elementor-section-height-default elementor-section-height-default\" data-id=\"b89239a\" data-element_type=\"section\" data-e-type=\"section\" data-settings=\"{&quot;background_background&quot;:&quot;classic&quot;}\">\n\t\t\t\t\t\t\t<div class=\"elementor-background-overlay\"><\/div>\n\t\t\t\t\t\t\t<div class=\"elementor-container elementor-column-gap-default\">\n\t\t\t\t\t<div class=\"elementor-column elementor-col-100 elementor-top-column elementor-element elementor-element-b2f18ac\" data-id=\"b2f18ac\" data-element_type=\"column\" data-e-type=\"column\">\n\t\t\t<div class=\"elementor-widget-wrap\">\n\t\t\t\t\t\t\t<\/div>\n\t\t<\/div>\n\t\t\t\t\t<\/div>\n\t\t<\/section>\n\t\t<div class=\"elementor-element elementor-element-5504a43 e-flex e-con-boxed e-con e-parent\" data-id=\"5504a43\" data-element_type=\"container\" data-e-type=\"container\">\n\t\t\t\t\t<div class=\"e-con-inner\">\n\t\t\t\t<div class=\"elementor-element elementor-element-35cca11 elementor-widget-divider--view-line elementor-widget elementor-widget-divider\" data-id=\"35cca11\" data-element_type=\"widget\" data-e-type=\"widget\" data-widget_type=\"divider.default\">\n\t\t\t\t<div class=\"elementor-widget-container\">\n\t\t\t\t\t\t\t<div class=\"elementor-divider\">\n\t\t\t<span class=\"elementor-divider-separator\">\n\t\t\t\t\t\t<\/span>\n\t\t<\/div>\n\t\t\t\t\t\t<\/div>\n\t\t\t\t<\/div>\n\t\t\t\t\t<\/div>\n\t\t\t\t<\/div>\n\t\t<div class=\"elementor-element elementor-element-41f8f62 e-flex e-con-boxed e-con e-parent\" data-id=\"41f8f62\" data-element_type=\"container\" data-e-type=\"container\">\n\t\t\t\t\t<div class=\"e-con-inner\">\n\t\t\t\t<div class=\"elementor-element elementor-element-2a529e1 elementor-widget-tablet__width-initial elementor-widget elementor-widget-heading\" data-id=\"2a529e1\" data-element_type=\"widget\" data-e-type=\"widget\" data-widget_type=\"heading.default\">\n\t\t\t\t<div class=\"elementor-widget-container\">\n\t\t\t\t\t<h2 class=\"elementor-heading-title elementor-size-default\">Tratamiento Anti-manchas en Santutxu: Piel Clara y Luminosidad Natural<\/h2>\t\t\t\t<\/div>\n\t\t\t\t<\/div>\n\t\t\t\t\t<\/div>\n\t\t\t\t<\/div>\n\t\t<div class=\"elementor-element elementor-element-6dacdda e-flex e-con-boxed elementor-invisible e-con e-parent\" data-id=\"6dacdda\" data-element_type=\"container\" data-e-type=\"container\" data-settings=\"{&quot;animation&quot;:&quot;fadeInUp&quot;}\">\n\t\t\t\t\t<div class=\"e-con-inner\">\n\t\t<div class=\"elementor-element elementor-element-c740f3d e-con-full e-flex e-con e-child\" data-id=\"c740f3d\" data-element_type=\"container\" data-e-type=\"container\">\n\t\t\t\t<div class=\"elementor-element elementor-element-2512a32 elementor-widget elementor-widget-text-editor\" data-id=\"2512a32\" data-element_type=\"widget\" data-e-type=\"widget\" data-widget_type=\"text-editor.default\">\n\t\t\t\t<div class=\"elementor-widget-container\">\n\t\t\t\t\t\t\t\t\t<div class=\"elementor-element elementor-element-f12f9b8 e-con-full e-flex e-con e-child\" data-id=\"f12f9b8\" data-element_type=\"container\" data-settings=\"{&quot;content_width&quot;:&quot;full&quot;}\"><div class=\"elementor-element elementor-element-3493d50 elementor-widget elementor-widget-text-editor\" data-id=\"3493d50\" data-element_type=\"widget\" data-widget_type=\"text-editor.default\"><div class=\"elementor-widget-container\"><p>\u00a0<\/p><\/div><\/div><\/div><div class=\"elementor-element elementor-element-fbfa594 e-con-full e-flex e-con e-child\" data-id=\"fbfa594\" data-element_type=\"container\" data-settings=\"{&quot;content_width&quot;:&quot;full&quot;}\"><div class=\"elementor-element elementor-element-ce4b2af elementor-widget elementor-widget-image\" data-id=\"ce4b2af\" data-element_type=\"widget\" data-widget_type=\"image.default\"><p style=\"text-align: left;\" data-start=\"256\" data-end=\"544\">Las <strong data-start=\"260\" data-end=\"301\">manchas en el rostro, cuello o escote<\/strong> son uno de los signos m\u00e1s visibles del envejecimiento y de la exposici\u00f3n solar. Nuestro <strong data-start=\"390\" data-end=\"432\">tratamiento despigmentante profesional<\/strong> est\u00e1 dise\u00f1ado para <strong data-start=\"452\" data-end=\"489\">reducir la pigmentaci\u00f3n irregular<\/strong>, unificar el tono de la piel y devolverle luminosidad.<\/p><p style=\"text-align: left;\" data-start=\"546\" data-end=\"767\">Mediante t\u00e9cnicas avanzadas y productos espec\u00edficos, el tratamiento act\u00faa sobre las <strong data-start=\"630\" data-end=\"676\">manchas, lentigos, marcas de sol y melasma<\/strong>, inhibiendo la producci\u00f3n excesiva de melanina y favoreciendo la <strong data-start=\"742\" data-end=\"764\">renovaci\u00f3n celular<\/strong>.<\/p><p style=\"text-align: left;\" data-start=\"769\" data-end=\"925\">Los resultados son una piel m\u00e1s <strong data-start=\"801\" data-end=\"831\">clara, uniforme y radiante<\/strong>, con un tono m\u00e1s equilibrado y saludable, protegiendo la piel frente a nuevas pigmentaciones.<\/p><\/div><\/div>\t\t\t\t\t\t\t\t<\/div>\n\t\t\t\t<\/div>\n\t\t\t\t<div class=\"elementor-element elementor-element-93f2735 elementor-add-to-cart--align-center elementor-widget elementor-widget-wc-add-to-cart\" data-id=\"93f2735\" data-element_type=\"widget\" data-e-type=\"widget\" data-widget_type=\"wc-add-to-cart.default\">\n\t\t\t\t<div class=\"elementor-widget-container\">\n\t\t\t\t\t\t\t\t\t<div class=\"elementor-button-wrapper\">\n\t\t\t\t\t<a rel=\"nofollow\" href=\"\/eu\/despigmentante\/?add-to-cart=4467\" data-quantity=\"1\" data-product_id=\"4467\" class=\"product_type_simple add_to_cart_button ajax_add_to_cart elementor-button elementor-size-md\" role=\"button\">\n\t\t\t\t\t\t<span class=\"elementor-button-content-wrapper\">\n\t\t\t\t\t\t<span class=\"elementor-button-icon\">\n\t\t\t\t<svg aria-hidden=\"true\" class=\"e-font-icon-svg e-fas-shopping-cart\" viewbox=\"0 0 576 512\" xmlns=\"http:\/\/www.w3.org\/2000\/svg\"><path d=\"M528.12 301.319l47.273-208C578.806 78.301 567.391 64 551.99 64H159.208l-9.166-44.81C147.758 8.021 137.93 0 126.529 0H24C10.745 0 0 10.745 0 24v16c0 13.255 10.745 24 24 24h69.883l70.248 343.435C147.325 417.1 136 435.222 136 456c0 30.928 25.072 56 56 56s56-25.072 56-56c0-15.674-6.447-29.835-16.824-40h209.647C430.447 426.165 424 440.326 424 456c0 30.928 25.072 56 56 56s56-25.072 56-56c0-22.172-12.888-41.332-31.579-50.405l5.517-24.276c3.413-15.018-8.002-29.319-23.403-29.319H218.117l-6.545-32h293.145c11.206 0 20.92-7.754 23.403-18.681z\"><\/path><\/svg>\t\t\t<\/span>\n\t\t\t\t\t\t\t\t\t<span class=\"elementor-button-text\">Comprar diagn\u00f3stico<\/span>\n\t\t\t\t\t<\/span>\n\t\t\t\t\t<\/a>\n\t\t\t\t<\/div>\n\t\t\t\t\t\t\t\t<\/div>\n\t\t\t\t<\/div>\n\t\t\t\t<\/div>\n\t\t\t\t\t<\/div>\n\t\t\t\t<\/div>\n\t\t<div class=\"elementor-element elementor-element-a1046ad e-flex e-con-boxed e-con e-parent\" data-id=\"a1046ad\" data-element_type=\"container\" data-e-type=\"container\">\n\t\t\t\t\t<div class=\"e-con-inner\">\n\t\t<div class=\"elementor-element elementor-element-017e547 e-con-full e-flex e-con e-child\" data-id=\"017e547\" data-element_type=\"container\" data-e-type=\"container\">\n\t\t\t\t<div class=\"elementor-element elementor-element-36d7710 elementor-widget elementor-widget-image\" data-id=\"36d7710\" data-element_type=\"widget\" data-e-type=\"widget\" data-widget_type=\"image.default\">\n\t\t\t\t<div class=\"elementor-widget-container\">\n\t\t\t\t\t\t\t\t\t\t\t\t\t\t\t<img fetchpriority=\"high\" decoding=\"async\" width=\"437\" height=\"508\" src=\"https:\/\/cristinasantiagocentroestetico.es\/wp-content\/uploads\/2024\/01\/Captura-de-pantalla-22.png\" class=\"attachment-large size-large wp-image-4025\" alt=\"\" srcset=\"https:\/\/cristinasantiagocentroestetico.es\/wp-content\/uploads\/2024\/01\/Captura-de-pantalla-22.png 437w, https:\/\/cristinasantiagocentroestetico.es\/wp-content\/uploads\/2024\/01\/Captura-de-pantalla-22-258x300.png 258w, https:\/\/cristinasantiagocentroestetico.es\/wp-content\/uploads\/2024\/01\/Captura-de-pantalla-22-10x12.png 10w\" sizes=\"(max-width: 437px) 100vw, 437px\" \/>\t\t\t\t\t\t\t\t\t\t\t\t\t\t\t<\/div>\n\t\t\t\t<\/div>\n\t\t\t\t<\/div>\n\t\t<div class=\"elementor-element elementor-element-66b74f8 e-con-full e-flex e-con e-child\" data-id=\"66b74f8\" data-element_type=\"container\" data-e-type=\"container\">\n\t\t\t\t<div class=\"elementor-element elementor-element-4427af4 elementor-widget elementor-widget-image\" data-id=\"4427af4\" data-element_type=\"widget\" data-e-type=\"widget\" data-widget_type=\"image.default\">\n\t\t\t\t<div class=\"elementor-widget-container\">\n\t\t\t\t\t\t\t\t\t\t\t\t\t\t\t<img decoding=\"async\" width=\"768\" height=\"1024\" src=\"https:\/\/cristinasantiagocentroestetico.es\/wp-content\/uploads\/2023\/12\/IMG20230425162541-1-768x1024.jpg\" class=\"attachment-large size-large wp-image-2984\" alt=\"\" srcset=\"https:\/\/cristinasantiagocentroestetico.es\/wp-content\/uploads\/2023\/12\/IMG20230425162541-1-768x1024.jpg 768w, https:\/\/cristinasantiagocentroestetico.es\/wp-content\/uploads\/2023\/12\/IMG20230425162541-1-scaled-600x800.jpg 600w, https:\/\/cristinasantiagocentroestetico.es\/wp-content\/uploads\/2023\/12\/IMG20230425162541-1-225x300.jpg 225w, https:\/\/cristinasantiagocentroestetico.es\/wp-content\/uploads\/2023\/12\/IMG20230425162541-1-1152x1536.jpg 1152w, https:\/\/cristinasantiagocentroestetico.es\/wp-content\/uploads\/2023\/12\/IMG20230425162541-1-1536x2048.jpg 1536w, https:\/\/cristinasantiagocentroestetico.es\/wp-content\/uploads\/2023\/12\/IMG20230425162541-1-9x12.jpg 9w, https:\/\/cristinasantiagocentroestetico.es\/wp-content\/uploads\/2023\/12\/IMG20230425162541-1-scaled.jpg 1920w\" sizes=\"(max-width: 768px) 100vw, 768px\" \/>\t\t\t\t\t\t\t\t\t\t\t\t\t\t\t<\/div>\n\t\t\t\t<\/div>\n\t\t\t\t<\/div>\n\t\t\t\t\t<\/div>\n\t\t\t\t<\/div>\n\t\t<div class=\"elementor-element elementor-element-fe9af5c e-flex e-con-boxed e-con e-parent\" data-id=\"fe9af5c\" data-element_type=\"container\" data-e-type=\"container\">\n\t\t\t\t\t<div class=\"e-con-inner\">\n\t\t<div class=\"elementor-element elementor-element-f431785 e-con-full e-flex e-con e-child\" data-id=\"f431785\" data-element_type=\"container\" data-e-type=\"container\">\n\t\t\t\t<div class=\"elementor-element elementor-element-d4e3220 elementor-widget elementor-widget-heading\" data-id=\"d4e3220\" data-element_type=\"widget\" data-e-type=\"widget\" data-widget_type=\"heading.default\">\n\t\t\t\t<div class=\"elementor-widget-container\">\n\t\t\t\t\t<h2 class=\"elementor-heading-title elementor-size-default\">Porque tu piel es \u00fanica<\/h2>\t\t\t\t<\/div>\n\t\t\t\t<\/div>\n\t\t\t\t<div class=\"elementor-element elementor-element-482dfed elementor-widget elementor-widget-text-editor\" data-id=\"482dfed\" data-element_type=\"widget\" data-e-type=\"widget\" data-widget_type=\"text-editor.default\">\n\t\t\t\t<div class=\"elementor-widget-container\">\n\t\t\t\t\t\t\t\t\t<p style=\"text-align: center;\">Antes de realizar un tratamiento, realizamos un diagnostico exhaustivo, de las necesidades de tu piel. Y as\u00ed dise\u00f1ar una experiencia completamente adaptada a ti.<\/p><p style=\"text-align: center;\"><span style=\"font-size: 1rem;\">Precio diagn\u00f3stico 20\u20ac &#8211; Se descuenta del precio del servicio finalmente escogido:\u00a0<\/span><\/p><p style=\"text-align: center;\"><i>Radiofrecuencia &#8211; Vitamina C &#8211; Ox\u00edgeno &#8211; Hialur\u00f3nico &#8211; Despigmentante &#8211; Foto rejuvenecimiento &#8211; Foto acn\u00e9 &#8211; Acidos &#8211; Contorno &#8211; Dermapen &#8211; Cuello y escote, etc&#8230;<\/i><\/p>\t\t\t\t\t\t\t\t<\/div>\n\t\t\t\t<\/div>\n\t\t\t\t<div class=\"elementor-element elementor-element-7896d5c elementor-add-to-cart--align-center elementor-widget elementor-widget-wc-add-to-cart\" data-id=\"7896d5c\" data-element_type=\"widget\" data-e-type=\"widget\" data-widget_type=\"wc-add-to-cart.default\">\n\t\t\t\t<div class=\"elementor-widget-container\">\n\t\t\t\t\t\t\t\t\t<div class=\"elementor-button-wrapper\">\n\t\t\t\t\t<a rel=\"nofollow\" href=\"\/eu\/despigmentante\/?add-to-cart=4467\" data-quantity=\"1\" data-product_id=\"4467\" class=\"product_type_simple add_to_cart_button ajax_add_to_cart elementor-button elementor-size-md\" role=\"button\">\n\t\t\t\t\t\t<span class=\"elementor-button-content-wrapper\">\n\t\t\t\t\t\t<span class=\"elementor-button-icon\">\n\t\t\t\t<svg aria-hidden=\"true\" class=\"e-font-icon-svg e-fas-shopping-cart\" viewbox=\"0 0 576 512\" xmlns=\"http:\/\/www.w3.org\/2000\/svg\"><path d=\"M528.12 301.319l47.273-208C578.806 78.301 567.391 64 551.99 64H159.208l-9.166-44.81C147.758 8.021 137.93 0 126.529 0H24C10.745 0 0 10.745 0 24v16c0 13.255 10.745 24 24 24h69.883l70.248 343.435C147.325 417.1 136 435.222 136 456c0 30.928 25.072 56 56 56s56-25.072 56-56c0-15.674-6.447-29.835-16.824-40h209.647C430.447 426.165 424 440.326 424 456c0 30.928 25.072 56 56 56s56-25.072 56-56c0-22.172-12.888-41.332-31.579-50.405l5.517-24.276c3.413-15.018-8.002-29.319-23.403-29.319H218.117l-6.545-32h293.145c11.206 0 20.92-7.754 23.403-18.681z\"><\/path><\/svg>\t\t\t<\/span>\n\t\t\t\t\t\t\t\t\t<span class=\"elementor-button-text\">Comprar diagn\u00f3stico<\/span>\n\t\t\t\t\t<\/span>\n\t\t\t\t\t<\/a>\n\t\t\t\t<\/div>\n\t\t\t\t\t\t\t\t<\/div>\n\t\t\t\t<\/div>\n\t\t\t\t<\/div>\n\t\t\t\t\t<\/div>\n\t\t\t\t<\/div>\n\t\t\t\t<\/div>","protected":false},"excerpt":{"rendered":"<p>Tratamiento Anti-manchas en Santutxu: Piel Clara y Luminosidad Natural \u00a0 Las manchas en el rostro, cuello o escote son uno de los signos m\u00e1s visibles del envejecimiento y de la exposici\u00f3n solar. Nuestro tratamiento despigmentante profesional est\u00e1 dise\u00f1ado para reducir la pigmentaci\u00f3n irregular, unificar el tono de la piel y devolverle luminosidad. Mediante t\u00e9cnicas avanzadas [&hellip;]<\/p>\n","protected":false},"author":1,"featured_media":38,"parent":0,"menu_order":0,"comment_status":"closed","ping_status":"closed","template":"elementor_canvas","meta":{"footnotes":""},"class_list":["post-1164","page","type-page","status-publish","has-post-thumbnail","hentry"],"yoast_head":"<!-- This site is optimized with the Yoast SEO plugin v27.6 - https:\/\/yoast.com\/product\/yoast-seo-wordpress\/ -->\n<title>Tratamiento despigmentante facial - cristina santiago centro estetico<\/title>\n<meta name=\"robots\" content=\"index, follow, max-snippet:-1, max-image-preview:large, max-video-preview:-1\" \/>\n<link rel=\"canonical\" href=\"https:\/\/cristinasantiagocentroestetico.es\/eu\/despigmentante\/\" \/>\n<meta property=\"og:locale\" content=\"en_US\" \/>\n<meta property=\"og:type\" content=\"article\" \/>\n<meta property=\"og:title\" content=\"Tratamiento despigmentante facial - cristina santiago centro estetico\" \/>\n<meta property=\"og:description\" content=\"Tratamiento Anti-manchas en Santutxu: Piel Clara y Luminosidad Natural \u00a0 Las manchas en el rostro, cuello o escote son uno de los signos m\u00e1s visibles del envejecimiento y de la exposici\u00f3n solar. Nuestro tratamiento despigmentante profesional est\u00e1 dise\u00f1ado para reducir la pigmentaci\u00f3n irregular, unificar el tono de la piel y devolverle luminosidad. Mediante t\u00e9cnicas avanzadas [&hellip;]\" \/>\n<meta property=\"og:url\" content=\"https:\/\/cristinasantiagocentroestetico.es\/eu\/despigmentante\/\" \/>\n<meta property=\"og:site_name\" content=\"cristina santiago centro estetico\" \/>\n<meta property=\"article:modified_time\" content=\"2025-12-16T16:22:10+00:00\" \/>\n<meta property=\"og:image\" content=\"https:\/\/cristinasantiagocentroestetico.es\/wp-content\/uploads\/2023\/09\/Captura-desde-2023-09-26-16-42-17.png\" \/>\n\t<meta property=\"og:image:width\" content=\"197\" \/>\n\t<meta property=\"og:image:height\" content=\"177\" \/>\n\t<meta property=\"og:image:type\" content=\"image\/png\" \/>\n<meta name=\"twitter:card\" content=\"summary_large_image\" \/>\n<meta name=\"twitter:label1\" content=\"Est. reading time\" \/>\n\t<meta name=\"twitter:data1\" content=\"2 minutua\" \/>\n<script type=\"application\/ld+json\" class=\"yoast-schema-graph\">{\"@context\":\"https:\\\/\\\/schema.org\",\"@graph\":[{\"@type\":\"WebPage\",\"@id\":\"https:\\\/\\\/cristinasantiagocentroestetico.es\\\/despigmentante\\\/\",\"url\":\"https:\\\/\\\/cristinasantiagocentroestetico.es\\\/despigmentante\\\/\",\"name\":\"Tratamiento despigmentante facial - cristina santiago centro estetico\",\"isPartOf\":{\"@id\":\"https:\\\/\\\/cristinasantiagocentroestetico.es\\\/#website\"},\"primaryImageOfPage\":{\"@id\":\"https:\\\/\\\/cristinasantiagocentroestetico.es\\\/despigmentante\\\/#primaryimage\"},\"image\":{\"@id\":\"https:\\\/\\\/cristinasantiagocentroestetico.es\\\/despigmentante\\\/#primaryimage\"},\"thumbnailUrl\":\"https:\\\/\\\/cristinasantiagocentroestetico.es\\\/wp-content\\\/uploads\\\/2023\\\/09\\\/Captura-desde-2023-09-26-16-42-17.png\",\"datePublished\":\"2023-10-03T14:52:34+00:00\",\"dateModified\":\"2025-12-16T16:22:10+00:00\",\"breadcrumb\":{\"@id\":\"https:\\\/\\\/cristinasantiagocentroestetico.es\\\/despigmentante\\\/#breadcrumb\"},\"inLanguage\":\"eu\",\"potentialAction\":[{\"@type\":\"ReadAction\",\"target\":[\"https:\\\/\\\/cristinasantiagocentroestetico.es\\\/despigmentante\\\/\"]}]},{\"@type\":\"ImageObject\",\"inLanguage\":\"eu\",\"@id\":\"https:\\\/\\\/cristinasantiagocentroestetico.es\\\/despigmentante\\\/#primaryimage\",\"url\":\"https:\\\/\\\/cristinasantiagocentroestetico.es\\\/wp-content\\\/uploads\\\/2023\\\/09\\\/Captura-desde-2023-09-26-16-42-17.png\",\"contentUrl\":\"https:\\\/\\\/cristinasantiagocentroestetico.es\\\/wp-content\\\/uploads\\\/2023\\\/09\\\/Captura-desde-2023-09-26-16-42-17.png\",\"width\":197,\"height\":177},{\"@type\":\"BreadcrumbList\",\"@id\":\"https:\\\/\\\/cristinasantiagocentroestetico.es\\\/despigmentante\\\/#breadcrumb\",\"itemListElement\":[{\"@type\":\"ListItem\",\"position\":1,\"name\":\"Portada\",\"item\":\"https:\\\/\\\/cristinasantiagocentroestetico.es\\\/\"},{\"@type\":\"ListItem\",\"position\":2,\"name\":\"Tratamiento despigmentante facial\"}]},{\"@type\":\"WebSite\",\"@id\":\"https:\\\/\\\/cristinasantiagocentroestetico.es\\\/#website\",\"url\":\"https:\\\/\\\/cristinasantiagocentroestetico.es\\\/\",\"name\":\"cristina santiago centro estetico\",\"description\":\"Tratamientos de belleza en Bilbao\",\"potentialAction\":[{\"@type\":\"SearchAction\",\"target\":{\"@type\":\"EntryPoint\",\"urlTemplate\":\"https:\\\/\\\/cristinasantiagocentroestetico.es\\\/?s={search_term_string}\"},\"query-input\":{\"@type\":\"PropertyValueSpecification\",\"valueRequired\":true,\"valueName\":\"search_term_string\"}}],\"inLanguage\":\"eu\"}]}<\/script>\n<!-- \/ Yoast SEO plugin. -->","yoast_head_json":{"title":"Tratamiento despigmentante facial - cristina santiago centro estetico","robots":{"index":"index","follow":"follow","max-snippet":"max-snippet:-1","max-image-preview":"max-image-preview:large","max-video-preview":"max-video-preview:-1"},"canonical":"https:\/\/cristinasantiagocentroestetico.es\/eu\/despigmentante\/","og_locale":"en_US","og_type":"article","og_title":"Tratamiento despigmentante facial - cristina santiago centro estetico","og_description":"Tratamiento Anti-manchas en Santutxu: Piel Clara y Luminosidad Natural \u00a0 Las manchas en el rostro, cuello o escote son uno de los signos m\u00e1s visibles del envejecimiento y de la exposici\u00f3n solar. Nuestro tratamiento despigmentante profesional est\u00e1 dise\u00f1ado para reducir la pigmentaci\u00f3n irregular, unificar el tono de la piel y devolverle luminosidad. Mediante t\u00e9cnicas avanzadas [&hellip;]","og_url":"https:\/\/cristinasantiagocentroestetico.es\/eu\/despigmentante\/","og_site_name":"cristina santiago centro estetico","article_modified_time":"2025-12-16T16:22:10+00:00","og_image":[{"width":197,"height":177,"url":"https:\/\/cristinasantiagocentroestetico.es\/wp-content\/uploads\/2023\/09\/Captura-desde-2023-09-26-16-42-17.png","type":"image\/png"}],"twitter_card":"summary_large_image","twitter_misc":{"Est. reading time":"2 minutua"},"schema":{"@context":"https:\/\/schema.org","@graph":[{"@type":"WebPage","@id":"https:\/\/cristinasantiagocentroestetico.es\/despigmentante\/","url":"https:\/\/cristinasantiagocentroestetico.es\/despigmentante\/","name":"Tratamiento despigmentante facial - cristina santiago centro estetico","isPartOf":{"@id":"https:\/\/cristinasantiagocentroestetico.es\/#website"},"primaryImageOfPage":{"@id":"https:\/\/cristinasantiagocentroestetico.es\/despigmentante\/#primaryimage"},"image":{"@id":"https:\/\/cristinasantiagocentroestetico.es\/despigmentante\/#primaryimage"},"thumbnailUrl":"https:\/\/cristinasantiagocentroestetico.es\/wp-content\/uploads\/2023\/09\/Captura-desde-2023-09-26-16-42-17.png","datePublished":"2023-10-03T14:52:34+00:00","dateModified":"2025-12-16T16:22:10+00:00","breadcrumb":{"@id":"https:\/\/cristinasantiagocentroestetico.es\/despigmentante\/#breadcrumb"},"inLanguage":"eu","potentialAction":[{"@type":"ReadAction","target":["https:\/\/cristinasantiagocentroestetico.es\/despigmentante\/"]}]},{"@type":"ImageObject","inLanguage":"eu","@id":"https:\/\/cristinasantiagocentroestetico.es\/despigmentante\/#primaryimage","url":"https:\/\/cristinasantiagocentroestetico.es\/wp-content\/uploads\/2023\/09\/Captura-desde-2023-09-26-16-42-17.png","contentUrl":"https:\/\/cristinasantiagocentroestetico.es\/wp-content\/uploads\/2023\/09\/Captura-desde-2023-09-26-16-42-17.png","width":197,"height":177},{"@type":"BreadcrumbList","@id":"https:\/\/cristinasantiagocentroestetico.es\/despigmentante\/#breadcrumb","itemListElement":[{"@type":"ListItem","position":1,"name":"Portada","item":"https:\/\/cristinasantiagocentroestetico.es\/"},{"@type":"ListItem","position":2,"name":"Tratamiento despigmentante facial"}]},{"@type":"WebSite","@id":"https:\/\/cristinasantiagocentroestetico.es\/#website","url":"https:\/\/cristinasantiagocentroestetico.es\/","name":"cristina santiago centro estetico","description":"Tratamientos de belleza en Bilbao","potentialAction":[{"@type":"SearchAction","target":{"@type":"EntryPoint","urlTemplate":"https:\/\/cristinasantiagocentroestetico.es\/?s={search_term_string}"},"query-input":{"@type":"PropertyValueSpecification","valueRequired":true,"valueName":"search_term_string"}}],"inLanguage":"eu"}]}},"jetpack_sharing_enabled":true,"_links":{"self":[{"href":"https:\/\/cristinasantiagocentroestetico.es\/eu\/wp-json\/wp\/v2\/pages\/1164","targetHints":{"allow":["GET"]}}],"collection":[{"href":"https:\/\/cristinasantiagocentroestetico.es\/eu\/wp-json\/wp\/v2\/pages"}],"about":[{"href":"https:\/\/cristinasantiagocentroestetico.es\/eu\/wp-json\/wp\/v2\/types\/page"}],"author":[{"embeddable":true,"href":"https:\/\/cristinasantiagocentroestetico.es\/eu\/wp-json\/wp\/v2\/users\/1"}],"replies":[{"embeddable":true,"href":"https:\/\/cristinasantiagocentroestetico.es\/eu\/wp-json\/wp\/v2\/comments?post=1164"}],"version-history":[{"count":50,"href":"https:\/\/cristinasantiagocentroestetico.es\/eu\/wp-json\/wp\/v2\/pages\/1164\/revisions"}],"predecessor-version":[{"id":4941,"href":"https:\/\/cristinasantiagocentroestetico.es\/eu\/wp-json\/wp\/v2\/pages\/1164\/revisions\/4941"}],"wp:featuredmedia":[{"embeddable":true,"href":"https:\/\/cristinasantiagocentroestetico.es\/eu\/wp-json\/wp\/v2\/media\/38"}],"wp:attachment":[{"href":"https:\/\/cristinasantiagocentroestetico.es\/eu\/wp-json\/wp\/v2\/media?parent=1164"}],"curies":[{"name":"wp","href":"https:\/\/api.w.org\/{rel}","templated":true}]}}