{"id":1165,"date":"2023-10-03T14:52:44","date_gmt":"2023-10-03T14:52:44","guid":{"rendered":"https:\/\/web4.rkinformatika.net\/cristinasantiagocentroestetico\/?page_id=1165"},"modified":"2025-12-16T16:14:50","modified_gmt":"2025-12-16T16:14:50","slug":"foto-acne","status":"publish","type":"page","link":"https:\/\/cristinasantiagocentroestetico.es\/eu\/foto-acne\/","title":{"rendered":"Tratamiento facial para acn\u00e9"},"content":{"rendered":"<div data-elementor-type=\"wp-page\" data-elementor-id=\"1165\" class=\"elementor elementor-1165\" data-elementor-post-type=\"page\">\n\t\t\t\t<div class=\"elementor-element elementor-element-b2e5fc5 e-flex e-con-boxed e-con e-parent\" data-id=\"b2e5fc5\" data-element_type=\"container\" data-e-type=\"container\">\n\t\t\t\t\t<div class=\"e-con-inner\">\n\t\t<div class=\"elementor-element elementor-element-7ed5873 e-con-full e-flex e-con e-child\" data-id=\"7ed5873\" data-element_type=\"container\" data-e-type=\"container\">\n\t\t\t\t<div class=\"elementor-element elementor-element-2408f31 elementor-widget elementor-widget-image\" data-id=\"2408f31\" data-element_type=\"widget\" data-e-type=\"widget\" data-widget_type=\"image.default\">\n\t\t\t\t<div class=\"elementor-widget-container\">\n\t\t\t\t\t\t\t\t\t\t\t\t\t\t\t<img fetchpriority=\"high\" decoding=\"async\" width=\"623\" height=\"699\" src=\"https:\/\/cristinasantiagocentroestetico.es\/wp-content\/uploads\/2024\/01\/Captura-de-pantalla-42.png\" class=\"attachment-large size-large wp-image-4033\" alt=\"\" srcset=\"https:\/\/cristinasantiagocentroestetico.es\/wp-content\/uploads\/2024\/01\/Captura-de-pantalla-42.png 623w, https:\/\/cristinasantiagocentroestetico.es\/wp-content\/uploads\/2024\/01\/Captura-de-pantalla-42-600x673.png 600w, https:\/\/cristinasantiagocentroestetico.es\/wp-content\/uploads\/2024\/01\/Captura-de-pantalla-42-267x300.png 267w, https:\/\/cristinasantiagocentroestetico.es\/wp-content\/uploads\/2024\/01\/Captura-de-pantalla-42-11x12.png 11w\" sizes=\"(max-width: 623px) 100vw, 623px\" \/>\t\t\t\t\t\t\t\t\t\t\t\t\t\t\t<\/div>\n\t\t\t\t<\/div>\n\t\t\t\t<\/div>\n\t\t<div class=\"elementor-element elementor-element-d6c54a3 e-con-full e-flex e-con e-child\" data-id=\"d6c54a3\" data-element_type=\"container\" data-e-type=\"container\">\n\t\t\t\t<div class=\"elementor-element elementor-element-876cc37 elementor-widget elementor-widget-text-editor\" data-id=\"876cc37\" data-element_type=\"widget\" data-e-type=\"widget\" data-widget_type=\"text-editor.default\">\n\t\t\t\t<div class=\"elementor-widget-container\">\n\t\t\t\t\t\t\t\t\t<p data-start=\"412\" data-end=\"762\">El <strong data-start=\"415\" data-end=\"434\">l\u00e1ser para acn\u00e9<\/strong> se ha convertido en una de las soluciones m\u00e1s eficaces para tratar el <strong data-start=\"505\" data-end=\"520\">acn\u00e9 activo<\/strong>, reducir la inflamaci\u00f3n y mejorar visiblemente la textura de la piel. Su tecnolog\u00eda act\u00faa directamente sobre la bacteria <strong data-start=\"642\" data-end=\"669\">Propionibacterium acnes<\/strong>, responsable de generar brotes, p\u00fastulas y comedones, elimin\u00e1ndola sin da\u00f1ar el tejido sano.<\/p><p data-start=\"764\" data-end=\"1067\">Al aplicar el <strong data-start=\"778\" data-end=\"801\">l\u00e1ser azul antiacn\u00e9<\/strong> sobre la piel, se produce un efecto bactericida inmediato que frena la infecci\u00f3n, calma la zona y acelera la recuperaci\u00f3n cut\u00e1nea. Sesi\u00f3n tras sesi\u00f3n, las lesiones se desinflaman, los poros se afinan y la piel recupera un aspecto m\u00e1s limpio, uniforme y equilibrado.<\/p><p data-start=\"1069\" data-end=\"1209\">Cuando se combina el tratamiento con una <strong data-start=\"1110\" data-end=\"1137\">higiene facial adecuada<\/strong> y una rutina cosm\u00e9tica adaptada, los resultados son a\u00fan m\u00e1s visibles:<\/p><ul data-start=\"1210\" data-end=\"1439\"><li data-start=\"1210\" data-end=\"1262\"><p data-start=\"1212\" data-end=\"1262\">\u2714 Disminuci\u00f3n progresiva de p\u00fastulas y comedones<\/p><\/li><li data-start=\"1263\" data-end=\"1314\"><p data-start=\"1265\" data-end=\"1314\">\u2714 Reducci\u00f3n del enrojecimiento y la inflamaci\u00f3n<\/p><\/li><li data-start=\"1315\" data-end=\"1351\"><p data-start=\"1317\" data-end=\"1351\">\u2714 Regulaci\u00f3n del exceso de grasa<\/p><\/li><li data-start=\"1352\" data-end=\"1401\"><p data-start=\"1354\" data-end=\"1401\">\u2714 Unificaci\u00f3n del tono y mejora de la textura<\/p><\/li><li data-start=\"1402\" data-end=\"1439\"><p data-start=\"1404\" data-end=\"1439\">\u2714 Piel m\u00e1s sana, suave y purificada<\/p><\/li><\/ul><p data-start=\"1441\" data-end=\"1646\">Es un tratamiento ideal para quienes buscan una alternativa <strong data-start=\"1501\" data-end=\"1528\">segura, c\u00f3moda y eficaz<\/strong> para combatir el acn\u00e9 sin medicaci\u00f3n oral ni procedimientos invasivos. Perfecto para rostro, cuello, pecho o espalda.<\/p><p data-start=\"1648\" data-end=\"1834\">El <strong data-start=\"1651\" data-end=\"1670\">l\u00e1ser para acn\u00e9<\/strong> no solo trata las lesiones presentes, sino que ayuda a prevenir nuevos brotes y mejora el aspecto general de la piel, devolvi\u00e9ndole claridad, frescura y bienestar.<\/p>\t\t\t\t\t\t\t\t<\/div>\n\t\t\t\t<\/div>\n\t\t\t\t<\/div>\n\t\t\t\t\t<\/div>\n\t\t\t\t<\/div>\n\t\t<div class=\"elementor-element elementor-element-65bfde0 e-flex e-con-boxed e-con e-parent\" data-id=\"65bfde0\" data-element_type=\"container\" data-e-type=\"container\">\n\t\t\t\t\t<div class=\"e-con-inner\">\n\t\t<div class=\"elementor-element elementor-element-4860522 e-con-full e-flex e-con e-child\" data-id=\"4860522\" data-element_type=\"container\" data-e-type=\"container\">\n\t\t\t\t<div class=\"elementor-element elementor-element-60e3049 elementor-widget elementor-widget-image\" data-id=\"60e3049\" data-element_type=\"widget\" data-e-type=\"widget\" data-widget_type=\"image.default\">\n\t\t\t\t<div class=\"elementor-widget-container\">\n\t\t\t\t\t\t\t\t\t\t\t\t\t\t\t<img decoding=\"async\" width=\"800\" height=\"800\" src=\"https:\/\/cristinasantiagocentroestetico.es\/wp-content\/uploads\/2023\/12\/Diseno-sin-titulo-2023-12-19T120947.572-1024x1024.png\" class=\"attachment-large size-large wp-image-2997\" alt=\"\" srcset=\"https:\/\/cristinasantiagocentroestetico.es\/wp-content\/uploads\/2023\/12\/Diseno-sin-titulo-2023-12-19T120947.572-1024x1024.png 1024w, https:\/\/cristinasantiagocentroestetico.es\/wp-content\/uploads\/2023\/12\/Diseno-sin-titulo-2023-12-19T120947.572-300x300.png 300w, https:\/\/cristinasantiagocentroestetico.es\/wp-content\/uploads\/2023\/12\/Diseno-sin-titulo-2023-12-19T120947.572-100x100.png 100w, https:\/\/cristinasantiagocentroestetico.es\/wp-content\/uploads\/2023\/12\/Diseno-sin-titulo-2023-12-19T120947.572-600x600.png 600w, https:\/\/cristinasantiagocentroestetico.es\/wp-content\/uploads\/2023\/12\/Diseno-sin-titulo-2023-12-19T120947.572-150x150.png 150w, https:\/\/cristinasantiagocentroestetico.es\/wp-content\/uploads\/2023\/12\/Diseno-sin-titulo-2023-12-19T120947.572-768x768.png 768w, https:\/\/cristinasantiagocentroestetico.es\/wp-content\/uploads\/2023\/12\/Diseno-sin-titulo-2023-12-19T120947.572-12x12.png 12w, https:\/\/cristinasantiagocentroestetico.es\/wp-content\/uploads\/2023\/12\/Diseno-sin-titulo-2023-12-19T120947.572.png 1080w\" sizes=\"(max-width: 800px) 100vw, 800px\" \/>\t\t\t\t\t\t\t\t\t\t\t\t\t\t\t<\/div>\n\t\t\t\t<\/div>\n\t\t\t\t<\/div>\n\t\t<div class=\"elementor-element elementor-element-3e81582 e-con-full e-flex e-con e-child\" data-id=\"3e81582\" data-element_type=\"container\" data-e-type=\"container\">\n\t\t\t\t<div class=\"elementor-element elementor-element-d92683d elementor-widget elementor-widget-image\" data-id=\"d92683d\" data-element_type=\"widget\" data-e-type=\"widget\" data-widget_type=\"image.default\">\n\t\t\t\t<div class=\"elementor-widget-container\">\n\t\t\t\t\t\t\t\t\t\t\t\t\t\t\t<img decoding=\"async\" width=\"800\" height=\"800\" src=\"https:\/\/cristinasantiagocentroestetico.es\/wp-content\/uploads\/2023\/12\/Diseno-sin-titulo-2023-12-19T121006.258-1024x1024.png\" class=\"attachment-large size-large wp-image-2998\" alt=\"\" srcset=\"https:\/\/cristinasantiagocentroestetico.es\/wp-content\/uploads\/2023\/12\/Diseno-sin-titulo-2023-12-19T121006.258-1024x1024.png 1024w, https:\/\/cristinasantiagocentroestetico.es\/wp-content\/uploads\/2023\/12\/Diseno-sin-titulo-2023-12-19T121006.258-300x300.png 300w, https:\/\/cristinasantiagocentroestetico.es\/wp-content\/uploads\/2023\/12\/Diseno-sin-titulo-2023-12-19T121006.258-100x100.png 100w, https:\/\/cristinasantiagocentroestetico.es\/wp-content\/uploads\/2023\/12\/Diseno-sin-titulo-2023-12-19T121006.258-600x600.png 600w, https:\/\/cristinasantiagocentroestetico.es\/wp-content\/uploads\/2023\/12\/Diseno-sin-titulo-2023-12-19T121006.258-150x150.png 150w, https:\/\/cristinasantiagocentroestetico.es\/wp-content\/uploads\/2023\/12\/Diseno-sin-titulo-2023-12-19T121006.258-768x768.png 768w, https:\/\/cristinasantiagocentroestetico.es\/wp-content\/uploads\/2023\/12\/Diseno-sin-titulo-2023-12-19T121006.258-12x12.png 12w, https:\/\/cristinasantiagocentroestetico.es\/wp-content\/uploads\/2023\/12\/Diseno-sin-titulo-2023-12-19T121006.258.png 1080w\" sizes=\"(max-width: 800px) 100vw, 800px\" \/>\t\t\t\t\t\t\t\t\t\t\t\t\t\t\t<\/div>\n\t\t\t\t<\/div>\n\t\t\t\t<\/div>\n\t\t\t\t\t<\/div>\n\t\t\t\t<\/div>\n\t\t<div class=\"elementor-element elementor-element-c926a72 e-flex e-con-boxed e-con e-parent\" data-id=\"c926a72\" data-element_type=\"container\" data-e-type=\"container\">\n\t\t\t\t\t<div class=\"e-con-inner\">\n\t\t<div class=\"elementor-element elementor-element-57e57a0 e-con-full e-flex e-con e-child\" data-id=\"57e57a0\" data-element_type=\"container\" data-e-type=\"container\">\n\t\t\t\t<div class=\"elementor-element elementor-element-a3728cd elementor-widget elementor-widget-heading\" data-id=\"a3728cd\" data-element_type=\"widget\" data-e-type=\"widget\" data-widget_type=\"heading.default\">\n\t\t\t\t<div class=\"elementor-widget-container\">\n\t\t\t\t\t<h2 class=\"elementor-heading-title elementor-size-default\">Porque tu piel es \u00fanica<\/h2>\t\t\t\t<\/div>\n\t\t\t\t<\/div>\n\t\t\t\t<div class=\"elementor-element elementor-element-c283d46 elementor-widget elementor-widget-text-editor\" data-id=\"c283d46\" data-element_type=\"widget\" data-e-type=\"widget\" data-widget_type=\"text-editor.default\">\n\t\t\t\t<div class=\"elementor-widget-container\">\n\t\t\t\t\t\t\t\t\t<p style=\"text-align: center;\">Antes de realizar un tratamiento, realizamos un diagnostico exhaustivo, de las necesidades de tu piel. Y as\u00ed dise\u00f1ar una experiencia completamente adaptada a ti.<\/p><p style=\"text-align: center;\"><span style=\"font-size: 1rem;\">Precio diagn\u00f3stico 20\u20ac &#8211; Se descuenta del precio del servicio finalmente escogido:\u00a0<\/span><\/p><p style=\"text-align: center;\"><i>Radiofrecuencia &#8211; Vitamina C &#8211; Ox\u00edgeno &#8211; Hialur\u00f3nico &#8211; Despigmentante &#8211; Foto rejuvenecimiento &#8211; Foto acn\u00e9 &#8211; Acidos &#8211; Contorno &#8211; Dermapen &#8211; Cuello y escote, etc&#8230;<\/i><\/p>\t\t\t\t\t\t\t\t<\/div>\n\t\t\t\t<\/div>\n\t\t\t\t<div class=\"elementor-element elementor-element-402df84 elementor-add-to-cart--align-center elementor-widget elementor-widget-wc-add-to-cart\" data-id=\"402df84\" data-element_type=\"widget\" data-e-type=\"widget\" data-widget_type=\"wc-add-to-cart.default\">\n\t\t\t\t<div class=\"elementor-widget-container\">\n\t\t\t\t\t\t\t\t\t<div class=\"elementor-button-wrapper\">\n\t\t\t\t\t<a rel=\"nofollow\" href=\"\/eu\/foto-acne\/?add-to-cart=4467\" data-quantity=\"1\" data-product_id=\"4467\" class=\"product_type_simple add_to_cart_button ajax_add_to_cart elementor-button elementor-size-md\" role=\"button\">\n\t\t\t\t\t\t<span class=\"elementor-button-content-wrapper\">\n\t\t\t\t\t\t<span class=\"elementor-button-icon\">\n\t\t\t\t<svg aria-hidden=\"true\" class=\"e-font-icon-svg e-fas-shopping-cart\" viewbox=\"0 0 576 512\" xmlns=\"http:\/\/www.w3.org\/2000\/svg\"><path d=\"M528.12 301.319l47.273-208C578.806 78.301 567.391 64 551.99 64H159.208l-9.166-44.81C147.758 8.021 137.93 0 126.529 0H24C10.745 0 0 10.745 0 24v16c0 13.255 10.745 24 24 24h69.883l70.248 343.435C147.325 417.1 136 435.222 136 456c0 30.928 25.072 56 56 56s56-25.072 56-56c0-15.674-6.447-29.835-16.824-40h209.647C430.447 426.165 424 440.326 424 456c0 30.928 25.072 56 56 56s56-25.072 56-56c0-22.172-12.888-41.332-31.579-50.405l5.517-24.276c3.413-15.018-8.002-29.319-23.403-29.319H218.117l-6.545-32h293.145c11.206 0 20.92-7.754 23.403-18.681z\"><\/path><\/svg>\t\t\t<\/span>\n\t\t\t\t\t\t\t\t\t<span class=\"elementor-button-text\">Comprar diagn\u00f3stico<\/span>\n\t\t\t\t\t<\/span>\n\t\t\t\t\t<\/a>\n\t\t\t\t<\/div>\n\t\t\t\t\t\t\t\t<\/div>\n\t\t\t\t<\/div>\n\t\t\t\t<\/div>\n\t\t\t\t\t<\/div>\n\t\t\t\t<\/div>\n\t\t\t\t<\/div>","protected":false},"excerpt":{"rendered":"<p>El l\u00e1ser para acn\u00e9 se ha convertido en una de las soluciones m\u00e1s eficaces para tratar el acn\u00e9 activo, reducir la inflamaci\u00f3n y mejorar visiblemente la textura de la piel. Su tecnolog\u00eda act\u00faa directamente sobre la bacteria Propionibacterium acnes, responsable de generar brotes, p\u00fastulas y comedones, elimin\u00e1ndola sin da\u00f1ar el tejido sano. Al aplicar el [&hellip;]<\/p>\n","protected":false},"author":1,"featured_media":38,"parent":0,"menu_order":0,"comment_status":"closed","ping_status":"closed","template":"elementor_canvas","meta":{"footnotes":""},"class_list":["post-1165","page","type-page","status-publish","has-post-thumbnail","hentry"],"yoast_head":"<!-- This site is optimized with the Yoast SEO plugin v27.6 - https:\/\/yoast.com\/product\/yoast-seo-wordpress\/ -->\n<title>Tratamiento facial para acn\u00e9 - cristina santiago centro estetico<\/title>\n<meta name=\"robots\" content=\"index, follow, max-snippet:-1, max-image-preview:large, max-video-preview:-1\" \/>\n<link rel=\"canonical\" href=\"https:\/\/cristinasantiagocentroestetico.es\/eu\/foto-acne\/\" \/>\n<meta property=\"og:locale\" content=\"en_US\" \/>\n<meta property=\"og:type\" content=\"article\" \/>\n<meta property=\"og:title\" content=\"Tratamiento facial para acn\u00e9 - cristina santiago centro estetico\" \/>\n<meta property=\"og:description\" content=\"El l\u00e1ser para acn\u00e9 se ha convertido en una de las soluciones m\u00e1s eficaces para tratar el acn\u00e9 activo, reducir la inflamaci\u00f3n y mejorar visiblemente la textura de la piel. Su tecnolog\u00eda act\u00faa directamente sobre la bacteria Propionibacterium acnes, responsable de generar brotes, p\u00fastulas y comedones, elimin\u00e1ndola sin da\u00f1ar el tejido sano. Al aplicar el [&hellip;]\" \/>\n<meta property=\"og:url\" content=\"https:\/\/cristinasantiagocentroestetico.es\/eu\/foto-acne\/\" \/>\n<meta property=\"og:site_name\" content=\"cristina santiago centro estetico\" \/>\n<meta property=\"article:modified_time\" content=\"2025-12-16T16:14:50+00:00\" \/>\n<meta property=\"og:image\" content=\"https:\/\/cristinasantiagocentroestetico.es\/wp-content\/uploads\/2023\/09\/Captura-desde-2023-09-26-16-42-17.png\" \/>\n\t<meta property=\"og:image:width\" content=\"197\" \/>\n\t<meta property=\"og:image:height\" content=\"177\" \/>\n\t<meta property=\"og:image:type\" content=\"image\/png\" \/>\n<meta name=\"twitter:card\" content=\"summary_large_image\" \/>\n<meta name=\"twitter:label1\" content=\"Est. reading time\" \/>\n\t<meta name=\"twitter:data1\" content=\"3 minutua\" \/>\n<script type=\"application\/ld+json\" class=\"yoast-schema-graph\">{\"@context\":\"https:\\\/\\\/schema.org\",\"@graph\":[{\"@type\":\"WebPage\",\"@id\":\"https:\\\/\\\/cristinasantiagocentroestetico.es\\\/foto-acne\\\/\",\"url\":\"https:\\\/\\\/cristinasantiagocentroestetico.es\\\/foto-acne\\\/\",\"name\":\"Tratamiento facial para acn\u00e9 - cristina santiago centro estetico\",\"isPartOf\":{\"@id\":\"https:\\\/\\\/cristinasantiagocentroestetico.es\\\/#website\"},\"primaryImageOfPage\":{\"@id\":\"https:\\\/\\\/cristinasantiagocentroestetico.es\\\/foto-acne\\\/#primaryimage\"},\"image\":{\"@id\":\"https:\\\/\\\/cristinasantiagocentroestetico.es\\\/foto-acne\\\/#primaryimage\"},\"thumbnailUrl\":\"https:\\\/\\\/cristinasantiagocentroestetico.es\\\/wp-content\\\/uploads\\\/2023\\\/09\\\/Captura-desde-2023-09-26-16-42-17.png\",\"datePublished\":\"2023-10-03T14:52:44+00:00\",\"dateModified\":\"2025-12-16T16:14:50+00:00\",\"breadcrumb\":{\"@id\":\"https:\\\/\\\/cristinasantiagocentroestetico.es\\\/foto-acne\\\/#breadcrumb\"},\"inLanguage\":\"eu\",\"potentialAction\":[{\"@type\":\"ReadAction\",\"target\":[\"https:\\\/\\\/cristinasantiagocentroestetico.es\\\/foto-acne\\\/\"]}]},{\"@type\":\"ImageObject\",\"inLanguage\":\"eu\",\"@id\":\"https:\\\/\\\/cristinasantiagocentroestetico.es\\\/foto-acne\\\/#primaryimage\",\"url\":\"https:\\\/\\\/cristinasantiagocentroestetico.es\\\/wp-content\\\/uploads\\\/2023\\\/09\\\/Captura-desde-2023-09-26-16-42-17.png\",\"contentUrl\":\"https:\\\/\\\/cristinasantiagocentroestetico.es\\\/wp-content\\\/uploads\\\/2023\\\/09\\\/Captura-desde-2023-09-26-16-42-17.png\",\"width\":197,\"height\":177},{\"@type\":\"BreadcrumbList\",\"@id\":\"https:\\\/\\\/cristinasantiagocentroestetico.es\\\/foto-acne\\\/#breadcrumb\",\"itemListElement\":[{\"@type\":\"ListItem\",\"position\":1,\"name\":\"Portada\",\"item\":\"https:\\\/\\\/cristinasantiagocentroestetico.es\\\/\"},{\"@type\":\"ListItem\",\"position\":2,\"name\":\"Tratamiento facial para acn\u00e9\"}]},{\"@type\":\"WebSite\",\"@id\":\"https:\\\/\\\/cristinasantiagocentroestetico.es\\\/#website\",\"url\":\"https:\\\/\\\/cristinasantiagocentroestetico.es\\\/\",\"name\":\"cristina santiago centro estetico\",\"description\":\"Tratamientos de belleza en Bilbao\",\"potentialAction\":[{\"@type\":\"SearchAction\",\"target\":{\"@type\":\"EntryPoint\",\"urlTemplate\":\"https:\\\/\\\/cristinasantiagocentroestetico.es\\\/?s={search_term_string}\"},\"query-input\":{\"@type\":\"PropertyValueSpecification\",\"valueRequired\":true,\"valueName\":\"search_term_string\"}}],\"inLanguage\":\"eu\"}]}<\/script>\n<!-- \/ Yoast SEO plugin. -->","yoast_head_json":{"title":"Tratamiento facial para acn\u00e9 - cristina santiago centro estetico","robots":{"index":"index","follow":"follow","max-snippet":"max-snippet:-1","max-image-preview":"max-image-preview:large","max-video-preview":"max-video-preview:-1"},"canonical":"https:\/\/cristinasantiagocentroestetico.es\/eu\/foto-acne\/","og_locale":"en_US","og_type":"article","og_title":"Tratamiento facial para acn\u00e9 - cristina santiago centro estetico","og_description":"El l\u00e1ser para acn\u00e9 se ha convertido en una de las soluciones m\u00e1s eficaces para tratar el acn\u00e9 activo, reducir la inflamaci\u00f3n y mejorar visiblemente la textura de la piel. Su tecnolog\u00eda act\u00faa directamente sobre la bacteria Propionibacterium acnes, responsable de generar brotes, p\u00fastulas y comedones, elimin\u00e1ndola sin da\u00f1ar el tejido sano. Al aplicar el [&hellip;]","og_url":"https:\/\/cristinasantiagocentroestetico.es\/eu\/foto-acne\/","og_site_name":"cristina santiago centro estetico","article_modified_time":"2025-12-16T16:14:50+00:00","og_image":[{"width":197,"height":177,"url":"https:\/\/cristinasantiagocentroestetico.es\/wp-content\/uploads\/2023\/09\/Captura-desde-2023-09-26-16-42-17.png","type":"image\/png"}],"twitter_card":"summary_large_image","twitter_misc":{"Est. reading time":"3 minutua"},"schema":{"@context":"https:\/\/schema.org","@graph":[{"@type":"WebPage","@id":"https:\/\/cristinasantiagocentroestetico.es\/foto-acne\/","url":"https:\/\/cristinasantiagocentroestetico.es\/foto-acne\/","name":"Tratamiento facial para acn\u00e9 - cristina santiago centro estetico","isPartOf":{"@id":"https:\/\/cristinasantiagocentroestetico.es\/#website"},"primaryImageOfPage":{"@id":"https:\/\/cristinasantiagocentroestetico.es\/foto-acne\/#primaryimage"},"image":{"@id":"https:\/\/cristinasantiagocentroestetico.es\/foto-acne\/#primaryimage"},"thumbnailUrl":"https:\/\/cristinasantiagocentroestetico.es\/wp-content\/uploads\/2023\/09\/Captura-desde-2023-09-26-16-42-17.png","datePublished":"2023-10-03T14:52:44+00:00","dateModified":"2025-12-16T16:14:50+00:00","breadcrumb":{"@id":"https:\/\/cristinasantiagocentroestetico.es\/foto-acne\/#breadcrumb"},"inLanguage":"eu","potentialAction":[{"@type":"ReadAction","target":["https:\/\/cristinasantiagocentroestetico.es\/foto-acne\/"]}]},{"@type":"ImageObject","inLanguage":"eu","@id":"https:\/\/cristinasantiagocentroestetico.es\/foto-acne\/#primaryimage","url":"https:\/\/cristinasantiagocentroestetico.es\/wp-content\/uploads\/2023\/09\/Captura-desde-2023-09-26-16-42-17.png","contentUrl":"https:\/\/cristinasantiagocentroestetico.es\/wp-content\/uploads\/2023\/09\/Captura-desde-2023-09-26-16-42-17.png","width":197,"height":177},{"@type":"BreadcrumbList","@id":"https:\/\/cristinasantiagocentroestetico.es\/foto-acne\/#breadcrumb","itemListElement":[{"@type":"ListItem","position":1,"name":"Portada","item":"https:\/\/cristinasantiagocentroestetico.es\/"},{"@type":"ListItem","position":2,"name":"Tratamiento facial para acn\u00e9"}]},{"@type":"WebSite","@id":"https:\/\/cristinasantiagocentroestetico.es\/#website","url":"https:\/\/cristinasantiagocentroestetico.es\/","name":"cristina santiago centro estetico","description":"Tratamientos de belleza en Bilbao","potentialAction":[{"@type":"SearchAction","target":{"@type":"EntryPoint","urlTemplate":"https:\/\/cristinasantiagocentroestetico.es\/?s={search_term_string}"},"query-input":{"@type":"PropertyValueSpecification","valueRequired":true,"valueName":"search_term_string"}}],"inLanguage":"eu"}]}},"jetpack_sharing_enabled":true,"_links":{"self":[{"href":"https:\/\/cristinasantiagocentroestetico.es\/eu\/wp-json\/wp\/v2\/pages\/1165","targetHints":{"allow":["GET"]}}],"collection":[{"href":"https:\/\/cristinasantiagocentroestetico.es\/eu\/wp-json\/wp\/v2\/pages"}],"about":[{"href":"https:\/\/cristinasantiagocentroestetico.es\/eu\/wp-json\/wp\/v2\/types\/page"}],"author":[{"embeddable":true,"href":"https:\/\/cristinasantiagocentroestetico.es\/eu\/wp-json\/wp\/v2\/users\/1"}],"replies":[{"embeddable":true,"href":"https:\/\/cristinasantiagocentroestetico.es\/eu\/wp-json\/wp\/v2\/comments?post=1165"}],"version-history":[{"count":50,"href":"https:\/\/cristinasantiagocentroestetico.es\/eu\/wp-json\/wp\/v2\/pages\/1165\/revisions"}],"predecessor-version":[{"id":4939,"href":"https:\/\/cristinasantiagocentroestetico.es\/eu\/wp-json\/wp\/v2\/pages\/1165\/revisions\/4939"}],"wp:featuredmedia":[{"embeddable":true,"href":"https:\/\/cristinasantiagocentroestetico.es\/eu\/wp-json\/wp\/v2\/media\/38"}],"wp:attachment":[{"href":"https:\/\/cristinasantiagocentroestetico.es\/eu\/wp-json\/wp\/v2\/media?parent=1165"}],"curies":[{"name":"wp","href":"https:\/\/api.w.org\/{rel}","templated":true}]}}