{"id":1169,"date":"2023-10-03T14:54:06","date_gmt":"2023-10-03T14:54:06","guid":{"rendered":"https:\/\/web4.rkinformatika.net\/cristinasantiagocentroestetico\/?page_id=1169"},"modified":"2025-12-16T16:11:11","modified_gmt":"2025-12-16T16:11:11","slug":"foto-rejuvenecimiento","status":"publish","type":"page","link":"https:\/\/cristinasantiagocentroestetico.es\/eu\/foto-rejuvenecimiento\/","title":{"rendered":"Rejuvenecimiento facial"},"content":{"rendered":"<style>.elementor-1169 .elementor-element.elementor-element-311a81a{--display:flex;--flex-direction:row;--container-widget-width:initial;--container-widget-height:100%;--container-widget-flex-grow:1;--container-widget-align-self:stretch;--flex-wrap-mobile:wrap;}.elementor-1169 .elementor-element.elementor-element-63ec013{--divider-border-style:solid;--divider-color:#FFFFFF;--divider-border-width:1px;}.elementor-1169 .elementor-element.elementor-element-63ec013 .elementor-divider-separator{width:100%;}.elementor-1169 .elementor-element.elementor-element-63ec013 .elementor-divider{padding-block-start:15px;padding-block-end:15px;}.elementor-1169 .elementor-element.elementor-element-0088e51{--display:flex;--flex-direction:row;--container-widget-width:initial;--container-widget-height:100%;--container-widget-flex-grow:1;--container-widget-align-self:stretch;--flex-wrap-mobile:wrap;}.elementor-1169 .elementor-element.elementor-element-b54b0f9 .elementor-heading-title{font-family:\"Playfair Display\", Sans-serif;font-size:75px;letter-spacing:10px;color:#5C7C71;}.elementor-1169 .elementor-element.elementor-element-b54b0f9.elementor-element{--flex-grow:0;--flex-shrink:0;}.elementor-1169 .elementor-element.elementor-element-d27df7a{--display:flex;--flex-direction:row;--container-widget-width:initial;--container-widget-height:100%;--container-widget-flex-grow:1;--container-widget-align-self:stretch;--flex-wrap-mobile:wrap;--gap:0px 0px;--row-gap:0px;--column-gap:0px;}.elementor-1169 .elementor-element.elementor-element-7662c9c{--display:flex;--flex-direction:column;--container-widget-width:100%;--container-widget-height:initial;--container-widget-flex-grow:0;--container-widget-align-self:initial;--flex-wrap-mobile:wrap;}.elementor-1169 .elementor-element.elementor-element-3c92673{--display:flex;--flex-direction:column;--container-widget-width:100%;--container-widget-height:initial;--container-widget-flex-grow:0;--container-widget-align-self:initial;--flex-wrap-mobile:wrap;}.elementor-1169 .elementor-element.elementor-element-37e7796{--display:flex;--flex-direction:column;--container-widget-width:100%;--container-widget-height:initial;--container-widget-flex-grow:0;--container-widget-align-self:initial;--flex-wrap-mobile:wrap;}.elementor-1169 .elementor-element.elementor-element-8ed468c{--display:flex;--flex-direction:column;--container-widget-width:100%;--container-widget-height:initial;--container-widget-flex-grow:0;--container-widget-align-self:initial;--flex-wrap-mobile:wrap;--overlay-opacity:0.5;--margin-top:0px;--margin-bottom:0px;--margin-left:0px;--margin-right:0px;--padding-top:50px;--padding-bottom:50px;--padding-left:0px;--padding-right:0px;}.elementor-1169 .elementor-element.elementor-element-8ed468c::before, .elementor-1169 .elementor-element.elementor-element-8ed468c > .elementor-background-video-container::before, .elementor-1169 .elementor-element.elementor-element-8ed468c > .e-con-inner > .elementor-background-video-container::before, .elementor-1169 .elementor-element.elementor-element-8ed468c > .elementor-background-slideshow::before, .elementor-1169 .elementor-element.elementor-element-8ed468c > .e-con-inner > .elementor-background-slideshow::before, .elementor-1169 .elementor-element.elementor-element-8ed468c > .elementor-motion-effects-container > .elementor-motion-effects-layer::before{--background-overlay:'';background-color:#E6E6E6;}.elementor-1169 .elementor-element.elementor-element-44818e2{text-align:center;}.elementor-1169 .elementor-element.elementor-element-44818e2 .elementor-heading-title{color:var( --e-global-color-92e5994 );}.elementor-1169 .elementor-element.elementor-element-c902281 .elementor-button-content-wrapper{flex-direction:row;}.elementor-1169 .elementor-element.elementor-element-c902281 .elementor-button{background-color:var( --e-global-color-70a3832 );}@media(min-width:768px){.elementor-1169 .elementor-element.elementor-element-7662c9c{--width:33.3333%;}.elementor-1169 .elementor-element.elementor-element-3c92673{--width:66.6666%;}.elementor-1169 .elementor-element.elementor-element-8ed468c{--width:100%;}}@media(max-width:1024px){.elementor-1169 .elementor-element.elementor-element-b54b0f9{text-align:center;width:var( --container-widget-width, 740.547px );max-width:740.547px;--container-widget-width:740.547px;--container-widget-flex-grow:0;}.elementor-1169 .elementor-element.elementor-element-b54b0f9 .elementor-heading-title{font-size:47px;}}@media(max-width:767px){.elementor-1169 .elementor-element.elementor-element-b54b0f9 .elementor-heading-title{font-size:21px;}}<\/style>\t\t<div data-elementor-type=\"wp-page\" data-elementor-id=\"1169\" class=\"elementor elementor-1169\" data-elementor-post-type=\"page\">\n\t\t\t\t<div class=\"elementor-element elementor-element-311a81a e-flex e-con-boxed e-con e-parent\" data-id=\"311a81a\" data-element_type=\"container\" data-e-type=\"container\">\n\t\t\t\t\t<div class=\"e-con-inner\">\n\t\t\t\t<div class=\"elementor-element elementor-element-63ec013 elementor-widget-divider--view-line elementor-widget elementor-widget-divider\" data-id=\"63ec013\" data-element_type=\"widget\" data-e-type=\"widget\" data-widget_type=\"divider.default\">\n\t\t\t\t<div class=\"elementor-widget-container\">\n\t\t\t\t\t\t\t<div class=\"elementor-divider\">\n\t\t\t<span class=\"elementor-divider-separator\">\n\t\t\t\t\t\t<\/span>\n\t\t<\/div>\n\t\t\t\t\t\t<\/div>\n\t\t\t\t<\/div>\n\t\t\t\t\t<\/div>\n\t\t\t\t<\/div>\n\t\t<div class=\"elementor-element elementor-element-0088e51 e-flex e-con-boxed e-con e-parent\" data-id=\"0088e51\" data-element_type=\"container\" data-e-type=\"container\">\n\t\t\t\t\t<div class=\"e-con-inner\">\n\t\t\t\t<div class=\"elementor-element elementor-element-b54b0f9 elementor-widget-tablet__width-initial elementor-widget elementor-widget-heading\" data-id=\"b54b0f9\" data-element_type=\"widget\" data-e-type=\"widget\" data-widget_type=\"heading.default\">\n\t\t\t\t<div class=\"elementor-widget-container\">\n\t\t\t\t\t<h2 class=\"elementor-heading-title elementor-size-default\">Tratamiento de Foto Rejuvenecimiento: Col\u00e1geno, Luminosidad y Poros Afinados<\/h2>\t\t\t\t<\/div>\n\t\t\t\t<\/div>\n\t\t\t\t\t<\/div>\n\t\t\t\t<\/div>\n\t\t<div class=\"elementor-element elementor-element-d27df7a e-flex e-con-boxed e-con e-parent\" data-id=\"d27df7a\" data-element_type=\"container\" data-e-type=\"container\">\n\t\t\t\t\t<div class=\"e-con-inner\">\n\t\t<div class=\"elementor-element elementor-element-7662c9c e-con-full e-flex e-con e-child\" data-id=\"7662c9c\" data-element_type=\"container\" data-e-type=\"container\">\n\t\t\t\t<div class=\"elementor-element elementor-element-2601889 elementor-widget elementor-widget-image\" data-id=\"2601889\" data-element_type=\"widget\" data-e-type=\"widget\" data-widget_type=\"image.default\">\n\t\t\t\t<div class=\"elementor-widget-container\">\n\t\t\t\t\t\t\t\t\t\t\t\t\t\t\t<img fetchpriority=\"high\" decoding=\"async\" width=\"595\" height=\"647\" src=\"https:\/\/cristinasantiagocentroestetico.es\/wp-content\/uploads\/2024\/01\/Captura-de-pantalla-40.png\" class=\"attachment-large size-large wp-image-4029\" alt=\"\" srcset=\"https:\/\/cristinasantiagocentroestetico.es\/wp-content\/uploads\/2024\/01\/Captura-de-pantalla-40.png 595w, https:\/\/cristinasantiagocentroestetico.es\/wp-content\/uploads\/2024\/01\/Captura-de-pantalla-40-276x300.png 276w, https:\/\/cristinasantiagocentroestetico.es\/wp-content\/uploads\/2024\/01\/Captura-de-pantalla-40-11x12.png 11w\" sizes=\"(max-width: 595px) 100vw, 595px\" \/>\t\t\t\t\t\t\t\t\t\t\t\t\t\t\t<\/div>\n\t\t\t\t<\/div>\n\t\t\t\t<\/div>\n\t\t<div class=\"elementor-element elementor-element-3c92673 e-con-full e-flex e-con e-child\" data-id=\"3c92673\" data-element_type=\"container\" data-e-type=\"container\">\n\t\t\t\t<div class=\"elementor-element elementor-element-3e3005c elementor-widget elementor-widget-text-editor\" data-id=\"3e3005c\" data-element_type=\"widget\" data-e-type=\"widget\" data-widget_type=\"text-editor.default\">\n\t\t\t\t<div class=\"elementor-widget-container\">\n\t\t\t\t\t\t\t\t\t<p data-start=\"402\" data-end=\"779\">El <strong data-start=\"405\" data-end=\"430\">foto rejuvenecimiento<\/strong> es uno de los tratamientos m\u00e1s eficaces para devolver a la piel un aspecto joven, firme y luminoso sin necesidad de procedimientos invasivos. Su tecnolog\u00eda act\u00faa directamente sobre las capas m\u00e1s profundas de la piel, <strong data-start=\"648\" data-end=\"688\">aumentando la producci\u00f3n de col\u00e1geno<\/strong>, estimulando las mitocondrias y potenciando la <strong data-start=\"736\" data-end=\"760\">regeneraci\u00f3n celular<\/strong> desde el interior.<\/p><p data-start=\"781\" data-end=\"840\">El resultado es una piel que se renueva de forma natural:<\/p><ul data-start=\"841\" data-end=\"996\"><li data-start=\"841\" data-end=\"880\"><p data-start=\"843\" data-end=\"880\"><strong data-start=\"843\" data-end=\"878\">Poros visiblemente m\u00e1s afinados<\/strong><\/p><\/li><li data-start=\"881\" data-end=\"917\"><p data-start=\"883\" data-end=\"917\"><strong data-start=\"883\" data-end=\"915\">Textura m\u00e1s suave y uniforme<\/strong><\/p><\/li><li data-start=\"918\" data-end=\"953\"><p data-start=\"920\" data-end=\"953\"><strong data-start=\"920\" data-end=\"951\">Mayor firmeza y elasticidad<\/strong><\/p><\/li><li data-start=\"954\" data-end=\"996\"><p data-start=\"956\" data-end=\"996\"><strong data-start=\"956\" data-end=\"996\">Tonificaci\u00f3n y luminosidad inmediata<\/strong><\/p><\/li><\/ul><p data-start=\"998\" data-end=\"1187\">Cada sesi\u00f3n mejora la calidad de la piel, corrige peque\u00f1as imperfecciones y aporta un efecto rejuvenecedor progresivo, dejando un rostro con un aspecto m\u00e1s fresco, revitalizado y saludable.<\/p><p data-start=\"1189\" data-end=\"1304\">Un tratamiento perfecto para quienes buscan <strong data-start=\"1233\" data-end=\"1259\">rejuvenecer sin agujas<\/strong>, con resultados seguros, c\u00f3modos y visibles.<\/p>\t\t\t\t\t\t\t\t<\/div>\n\t\t\t\t<\/div>\n\t\t\t\t<\/div>\n\t\t\t\t\t<\/div>\n\t\t\t\t<\/div>\n\t\t<div class=\"elementor-element elementor-element-37e7796 e-flex e-con-boxed e-con e-parent\" data-id=\"37e7796\" data-element_type=\"container\" data-e-type=\"container\">\n\t\t\t\t\t<div class=\"e-con-inner\">\n\t\t<div class=\"elementor-element elementor-element-8ed468c e-con-full e-flex e-con e-child\" data-id=\"8ed468c\" data-element_type=\"container\" data-e-type=\"container\">\n\t\t\t\t<div class=\"elementor-element elementor-element-44818e2 elementor-widget elementor-widget-heading\" data-id=\"44818e2\" data-element_type=\"widget\" data-e-type=\"widget\" data-widget_type=\"heading.default\">\n\t\t\t\t<div class=\"elementor-widget-container\">\n\t\t\t\t\t<h2 class=\"elementor-heading-title elementor-size-default\">Porque tu piel es \u00fanica<\/h2>\t\t\t\t<\/div>\n\t\t\t\t<\/div>\n\t\t\t\t<div class=\"elementor-element elementor-element-8389ae9 elementor-widget elementor-widget-text-editor\" data-id=\"8389ae9\" data-element_type=\"widget\" data-e-type=\"widget\" data-widget_type=\"text-editor.default\">\n\t\t\t\t<div class=\"elementor-widget-container\">\n\t\t\t\t\t\t\t\t\t<p style=\"text-align: center;\">Antes de realizar un tratamiento, realizamos un diagnostico exhaustivo, de las necesidades de tu piel. Y as\u00ed dise\u00f1ar una experiencia completamente adaptada a ti.<\/p><p style=\"text-align: center;\"><span style=\"font-size: 1rem;\">Precio diagn\u00f3stico 20\u20ac &#8211; Se descuenta del precio del servicio finalmente escogido:\u00a0<\/span><\/p><p style=\"text-align: center;\"><i>Radiofrecuencia &#8211; Vitamina C &#8211; Ox\u00edgeno &#8211; Hialur\u00f3nico &#8211; Despigmentante &#8211; Foto rejuvenecimiento &#8211; Foto acn\u00e9 &#8211; Acidos &#8211; Contorno &#8211; Dermapen &#8211; Cuello y escote, etc&#8230;<\/i><\/p>\t\t\t\t\t\t\t\t<\/div>\n\t\t\t\t<\/div>\n\t\t\t\t<div class=\"elementor-element elementor-element-c902281 elementor-add-to-cart--align-center elementor-widget elementor-widget-wc-add-to-cart\" data-id=\"c902281\" data-element_type=\"widget\" data-e-type=\"widget\" data-widget_type=\"wc-add-to-cart.default\">\n\t\t\t\t<div class=\"elementor-widget-container\">\n\t\t\t\t\t\t\t\t\t<div class=\"elementor-button-wrapper\">\n\t\t\t\t\t<a rel=\"nofollow\" href=\"\/eu\/foto-rejuvenecimiento\/?add-to-cart=4467\" data-quantity=\"1\" data-product_id=\"4467\" class=\"product_type_simple add_to_cart_button ajax_add_to_cart elementor-button elementor-size-md\" role=\"button\">\n\t\t\t\t\t\t<span class=\"elementor-button-content-wrapper\">\n\t\t\t\t\t\t<span class=\"elementor-button-icon\">\n\t\t\t\t<svg aria-hidden=\"true\" class=\"e-font-icon-svg e-fas-shopping-cart\" viewbox=\"0 0 576 512\" xmlns=\"http:\/\/www.w3.org\/2000\/svg\"><path d=\"M528.12 301.319l47.273-208C578.806 78.301 567.391 64 551.99 64H159.208l-9.166-44.81C147.758 8.021 137.93 0 126.529 0H24C10.745 0 0 10.745 0 24v16c0 13.255 10.745 24 24 24h69.883l70.248 343.435C147.325 417.1 136 435.222 136 456c0 30.928 25.072 56 56 56s56-25.072 56-56c0-15.674-6.447-29.835-16.824-40h209.647C430.447 426.165 424 440.326 424 456c0 30.928 25.072 56 56 56s56-25.072 56-56c0-22.172-12.888-41.332-31.579-50.405l5.517-24.276c3.413-15.018-8.002-29.319-23.403-29.319H218.117l-6.545-32h293.145c11.206 0 20.92-7.754 23.403-18.681z\"><\/path><\/svg>\t\t\t<\/span>\n\t\t\t\t\t\t\t\t\t<span class=\"elementor-button-text\">Comprar diagn\u00f3stico<\/span>\n\t\t\t\t\t<\/span>\n\t\t\t\t\t<\/a>\n\t\t\t\t<\/div>\n\t\t\t\t\t\t\t\t<\/div>\n\t\t\t\t<\/div>\n\t\t\t\t<\/div>\n\t\t\t\t\t<\/div>\n\t\t\t\t<\/div>\n\t\t\t\t<\/div>","protected":false},"excerpt":{"rendered":"<p>Tratamiento de Foto Rejuvenecimiento: Col\u00e1geno, Luminosidad y Poros Afinados El foto rejuvenecimiento es uno de los tratamientos m\u00e1s eficaces para devolver a la piel un aspecto joven, firme y luminoso sin necesidad de procedimientos invasivos. Su tecnolog\u00eda act\u00faa directamente sobre las capas m\u00e1s profundas de la piel, aumentando la producci\u00f3n de col\u00e1geno, estimulando las mitocondrias [&hellip;]<\/p>\n","protected":false},"author":1,"featured_media":38,"parent":0,"menu_order":0,"comment_status":"closed","ping_status":"closed","template":"elementor_canvas","meta":{"footnotes":""},"class_list":["post-1169","page","type-page","status-publish","has-post-thumbnail","hentry"],"yoast_head":"<!-- This site is optimized with the Yoast SEO plugin v27.4 - https:\/\/yoast.com\/product\/yoast-seo-wordpress\/ -->\n<title>Rejuvenecimiento facial - cristina santiago centro estetico<\/title>\n<meta name=\"robots\" content=\"index, follow, max-snippet:-1, max-image-preview:large, max-video-preview:-1\" \/>\n<link rel=\"canonical\" href=\"https:\/\/cristinasantiagocentroestetico.es\/eu\/foto-rejuvenecimiento\/\" \/>\n<meta property=\"og:locale\" content=\"en_US\" \/>\n<meta property=\"og:type\" content=\"article\" \/>\n<meta property=\"og:title\" content=\"Rejuvenecimiento facial - cristina santiago centro estetico\" \/>\n<meta property=\"og:description\" content=\"Tratamiento de Foto Rejuvenecimiento: Col\u00e1geno, Luminosidad y Poros Afinados El foto rejuvenecimiento es uno de los tratamientos m\u00e1s eficaces para devolver a la piel un aspecto joven, firme y luminoso sin necesidad de procedimientos invasivos. Su tecnolog\u00eda act\u00faa directamente sobre las capas m\u00e1s profundas de la piel, aumentando la producci\u00f3n de col\u00e1geno, estimulando las mitocondrias [&hellip;]\" \/>\n<meta property=\"og:url\" content=\"https:\/\/cristinasantiagocentroestetico.es\/eu\/foto-rejuvenecimiento\/\" \/>\n<meta property=\"og:site_name\" content=\"cristina santiago centro estetico\" \/>\n<meta property=\"article:modified_time\" content=\"2025-12-16T16:11:11+00:00\" \/>\n<meta property=\"og:image\" content=\"https:\/\/cristinasantiagocentroestetico.es\/wp-content\/uploads\/2023\/09\/Captura-desde-2023-09-26-16-42-17.png\" \/>\n\t<meta property=\"og:image:width\" content=\"197\" \/>\n\t<meta property=\"og:image:height\" content=\"177\" \/>\n\t<meta property=\"og:image:type\" content=\"image\/png\" \/>\n<meta name=\"twitter:card\" content=\"summary_large_image\" \/>\n<meta name=\"twitter:label1\" content=\"Est. reading time\" \/>\n\t<meta name=\"twitter:data1\" content=\"2 minutua\" \/>\n<script type=\"application\/ld+json\" class=\"yoast-schema-graph\">{\"@context\":\"https:\\\/\\\/schema.org\",\"@graph\":[{\"@type\":\"WebPage\",\"@id\":\"https:\\\/\\\/cristinasantiagocentroestetico.es\\\/foto-rejuvenecimiento\\\/\",\"url\":\"https:\\\/\\\/cristinasantiagocentroestetico.es\\\/foto-rejuvenecimiento\\\/\",\"name\":\"Rejuvenecimiento facial - cristina santiago centro estetico\",\"isPartOf\":{\"@id\":\"https:\\\/\\\/cristinasantiagocentroestetico.es\\\/#website\"},\"primaryImageOfPage\":{\"@id\":\"https:\\\/\\\/cristinasantiagocentroestetico.es\\\/foto-rejuvenecimiento\\\/#primaryimage\"},\"image\":{\"@id\":\"https:\\\/\\\/cristinasantiagocentroestetico.es\\\/foto-rejuvenecimiento\\\/#primaryimage\"},\"thumbnailUrl\":\"https:\\\/\\\/cristinasantiagocentroestetico.es\\\/wp-content\\\/uploads\\\/2023\\\/09\\\/Captura-desde-2023-09-26-16-42-17.png\",\"datePublished\":\"2023-10-03T14:54:06+00:00\",\"dateModified\":\"2025-12-16T16:11:11+00:00\",\"breadcrumb\":{\"@id\":\"https:\\\/\\\/cristinasantiagocentroestetico.es\\\/foto-rejuvenecimiento\\\/#breadcrumb\"},\"inLanguage\":\"eu\",\"potentialAction\":[{\"@type\":\"ReadAction\",\"target\":[\"https:\\\/\\\/cristinasantiagocentroestetico.es\\\/foto-rejuvenecimiento\\\/\"]}]},{\"@type\":\"ImageObject\",\"inLanguage\":\"eu\",\"@id\":\"https:\\\/\\\/cristinasantiagocentroestetico.es\\\/foto-rejuvenecimiento\\\/#primaryimage\",\"url\":\"https:\\\/\\\/cristinasantiagocentroestetico.es\\\/wp-content\\\/uploads\\\/2023\\\/09\\\/Captura-desde-2023-09-26-16-42-17.png\",\"contentUrl\":\"https:\\\/\\\/cristinasantiagocentroestetico.es\\\/wp-content\\\/uploads\\\/2023\\\/09\\\/Captura-desde-2023-09-26-16-42-17.png\",\"width\":197,\"height\":177},{\"@type\":\"BreadcrumbList\",\"@id\":\"https:\\\/\\\/cristinasantiagocentroestetico.es\\\/foto-rejuvenecimiento\\\/#breadcrumb\",\"itemListElement\":[{\"@type\":\"ListItem\",\"position\":1,\"name\":\"Portada\",\"item\":\"https:\\\/\\\/cristinasantiagocentroestetico.es\\\/\"},{\"@type\":\"ListItem\",\"position\":2,\"name\":\"Rejuvenecimiento facial\"}]},{\"@type\":\"WebSite\",\"@id\":\"https:\\\/\\\/cristinasantiagocentroestetico.es\\\/#website\",\"url\":\"https:\\\/\\\/cristinasantiagocentroestetico.es\\\/\",\"name\":\"cristina santiago centro estetico\",\"description\":\"Tratamientos de belleza en Bilbao\",\"potentialAction\":[{\"@type\":\"SearchAction\",\"target\":{\"@type\":\"EntryPoint\",\"urlTemplate\":\"https:\\\/\\\/cristinasantiagocentroestetico.es\\\/?s={search_term_string}\"},\"query-input\":{\"@type\":\"PropertyValueSpecification\",\"valueRequired\":true,\"valueName\":\"search_term_string\"}}],\"inLanguage\":\"eu\"}]}<\/script>\n<!-- \/ Yoast SEO plugin. -->","yoast_head_json":{"title":"Rejuvenecimiento facial - cristina santiago centro estetico","robots":{"index":"index","follow":"follow","max-snippet":"max-snippet:-1","max-image-preview":"max-image-preview:large","max-video-preview":"max-video-preview:-1"},"canonical":"https:\/\/cristinasantiagocentroestetico.es\/eu\/foto-rejuvenecimiento\/","og_locale":"en_US","og_type":"article","og_title":"Rejuvenecimiento facial - cristina santiago centro estetico","og_description":"Tratamiento de Foto Rejuvenecimiento: Col\u00e1geno, Luminosidad y Poros Afinados El foto rejuvenecimiento es uno de los tratamientos m\u00e1s eficaces para devolver a la piel un aspecto joven, firme y luminoso sin necesidad de procedimientos invasivos. Su tecnolog\u00eda act\u00faa directamente sobre las capas m\u00e1s profundas de la piel, aumentando la producci\u00f3n de col\u00e1geno, estimulando las mitocondrias [&hellip;]","og_url":"https:\/\/cristinasantiagocentroestetico.es\/eu\/foto-rejuvenecimiento\/","og_site_name":"cristina santiago centro estetico","article_modified_time":"2025-12-16T16:11:11+00:00","og_image":[{"width":197,"height":177,"url":"https:\/\/cristinasantiagocentroestetico.es\/wp-content\/uploads\/2023\/09\/Captura-desde-2023-09-26-16-42-17.png","type":"image\/png"}],"twitter_card":"summary_large_image","twitter_misc":{"Est. reading time":"2 minutua"},"schema":{"@context":"https:\/\/schema.org","@graph":[{"@type":"WebPage","@id":"https:\/\/cristinasantiagocentroestetico.es\/foto-rejuvenecimiento\/","url":"https:\/\/cristinasantiagocentroestetico.es\/foto-rejuvenecimiento\/","name":"Rejuvenecimiento facial - cristina santiago centro estetico","isPartOf":{"@id":"https:\/\/cristinasantiagocentroestetico.es\/#website"},"primaryImageOfPage":{"@id":"https:\/\/cristinasantiagocentroestetico.es\/foto-rejuvenecimiento\/#primaryimage"},"image":{"@id":"https:\/\/cristinasantiagocentroestetico.es\/foto-rejuvenecimiento\/#primaryimage"},"thumbnailUrl":"https:\/\/cristinasantiagocentroestetico.es\/wp-content\/uploads\/2023\/09\/Captura-desde-2023-09-26-16-42-17.png","datePublished":"2023-10-03T14:54:06+00:00","dateModified":"2025-12-16T16:11:11+00:00","breadcrumb":{"@id":"https:\/\/cristinasantiagocentroestetico.es\/foto-rejuvenecimiento\/#breadcrumb"},"inLanguage":"eu","potentialAction":[{"@type":"ReadAction","target":["https:\/\/cristinasantiagocentroestetico.es\/foto-rejuvenecimiento\/"]}]},{"@type":"ImageObject","inLanguage":"eu","@id":"https:\/\/cristinasantiagocentroestetico.es\/foto-rejuvenecimiento\/#primaryimage","url":"https:\/\/cristinasantiagocentroestetico.es\/wp-content\/uploads\/2023\/09\/Captura-desde-2023-09-26-16-42-17.png","contentUrl":"https:\/\/cristinasantiagocentroestetico.es\/wp-content\/uploads\/2023\/09\/Captura-desde-2023-09-26-16-42-17.png","width":197,"height":177},{"@type":"BreadcrumbList","@id":"https:\/\/cristinasantiagocentroestetico.es\/foto-rejuvenecimiento\/#breadcrumb","itemListElement":[{"@type":"ListItem","position":1,"name":"Portada","item":"https:\/\/cristinasantiagocentroestetico.es\/"},{"@type":"ListItem","position":2,"name":"Rejuvenecimiento facial"}]},{"@type":"WebSite","@id":"https:\/\/cristinasantiagocentroestetico.es\/#website","url":"https:\/\/cristinasantiagocentroestetico.es\/","name":"cristina santiago centro estetico","description":"Tratamientos de belleza en Bilbao","potentialAction":[{"@type":"SearchAction","target":{"@type":"EntryPoint","urlTemplate":"https:\/\/cristinasantiagocentroestetico.es\/?s={search_term_string}"},"query-input":{"@type":"PropertyValueSpecification","valueRequired":true,"valueName":"search_term_string"}}],"inLanguage":"eu"}]}},"jetpack_sharing_enabled":true,"_links":{"self":[{"href":"https:\/\/cristinasantiagocentroestetico.es\/eu\/wp-json\/wp\/v2\/pages\/1169","targetHints":{"allow":["GET"]}}],"collection":[{"href":"https:\/\/cristinasantiagocentroestetico.es\/eu\/wp-json\/wp\/v2\/pages"}],"about":[{"href":"https:\/\/cristinasantiagocentroestetico.es\/eu\/wp-json\/wp\/v2\/types\/page"}],"author":[{"embeddable":true,"href":"https:\/\/cristinasantiagocentroestetico.es\/eu\/wp-json\/wp\/v2\/users\/1"}],"replies":[{"embeddable":true,"href":"https:\/\/cristinasantiagocentroestetico.es\/eu\/wp-json\/wp\/v2\/comments?post=1169"}],"version-history":[{"count":44,"href":"https:\/\/cristinasantiagocentroestetico.es\/eu\/wp-json\/wp\/v2\/pages\/1169\/revisions"}],"predecessor-version":[{"id":4938,"href":"https:\/\/cristinasantiagocentroestetico.es\/eu\/wp-json\/wp\/v2\/pages\/1169\/revisions\/4938"}],"wp:featuredmedia":[{"embeddable":true,"href":"https:\/\/cristinasantiagocentroestetico.es\/eu\/wp-json\/wp\/v2\/media\/38"}],"wp:attachment":[{"href":"https:\/\/cristinasantiagocentroestetico.es\/eu\/wp-json\/wp\/v2\/media?parent=1169"}],"curies":[{"name":"wp","href":"https:\/\/api.w.org\/{rel}","templated":true}]}}