{"id":1238,"date":"2023-10-03T15:44:35","date_gmt":"2023-10-03T15:44:35","guid":{"rendered":"https:\/\/web4.rkinformatika.net\/cristinasantiagocentroestetico\/?page_id=1238"},"modified":"2024-12-02T11:41:39","modified_gmt":"2024-12-02T11:41:39","slug":"radiofrequencia-corporal","status":"publish","type":"page","link":"https:\/\/cristinasantiagocentroestetico.es\/eu\/radiofrequencia-corporal\/","title":{"rendered":"Radiofrequencia Corporal"},"content":{"rendered":"<div data-elementor-type=\"wp-page\" data-elementor-id=\"1238\" class=\"elementor elementor-1238\" data-elementor-post-type=\"page\">\n\t\t\t\t\t\t<section class=\"elementor-section elementor-top-section elementor-element elementor-element-b89239a elementor-section-boxed elementor-section-height-default elementor-section-height-default\" data-id=\"b89239a\" data-element_type=\"section\" data-e-type=\"section\" data-settings=\"{&quot;background_background&quot;:&quot;classic&quot;}\">\n\t\t\t\t\t\t\t<div class=\"elementor-background-overlay\"><\/div>\n\t\t\t\t\t\t\t<div class=\"elementor-container elementor-column-gap-default\">\n\t\t\t\t\t<div class=\"elementor-column elementor-col-100 elementor-top-column elementor-element elementor-element-b2f18ac\" data-id=\"b2f18ac\" data-element_type=\"column\" data-e-type=\"column\">\n\t\t\t<div class=\"elementor-widget-wrap\">\n\t\t\t\t\t\t\t<\/div>\n\t\t<\/div>\n\t\t\t\t\t<\/div>\n\t\t<\/section>\n\t\t<div class=\"elementor-element elementor-element-2484bef e-flex e-con-boxed e-con e-parent\" data-id=\"2484bef\" data-element_type=\"container\" data-e-type=\"container\">\n\t\t\t\t\t<div class=\"e-con-inner\">\n\t\t\t\t<div class=\"elementor-element elementor-element-3240380 elementor-widget elementor-widget-heading\" data-id=\"3240380\" data-element_type=\"widget\" data-e-type=\"widget\" data-widget_type=\"heading.default\">\n\t\t\t\t<div class=\"elementor-widget-container\">\n\t\t\t\t\t<h2 class=\"elementor-heading-title elementor-size-default\">Radiofrecuencia Corporal<\/h2>\t\t\t\t<\/div>\n\t\t\t\t<\/div>\n\t\t\t\t\t<\/div>\n\t\t\t\t<\/div>\n\t\t<div class=\"elementor-element elementor-element-6dacdda e-flex e-con-boxed elementor-invisible e-con e-parent\" data-id=\"6dacdda\" data-element_type=\"container\" data-e-type=\"container\" data-settings=\"{&quot;animation&quot;:&quot;fadeInUp&quot;}\">\n\t\t\t\t\t<div class=\"e-con-inner\">\n\t\t<div class=\"elementor-element elementor-element-c740f3d e-con-full e-flex e-con e-child\" data-id=\"c740f3d\" data-element_type=\"container\" data-e-type=\"container\">\n\t\t\t\t<div class=\"elementor-element elementor-element-2512a32 elementor-widget elementor-widget-text-editor\" data-id=\"2512a32\" data-element_type=\"widget\" data-e-type=\"widget\" data-widget_type=\"text-editor.default\">\n\t\t\t\t<div class=\"elementor-widget-container\">\n\t\t\t\t\t\t\t\t\t<p>La radiofrecuencia corporal es un tratamiento est\u00e9tico no invasivo que utiliza ondas electromagn\u00e9ticas para calentar las capas m\u00e1s profundas de la piel.\u00a0 Este calor provoca la contracci\u00f3n de las fibras de col\u00e1geno y estimula la producci\u00f3n de nuevo col\u00e1geno, lo que resulta una piel m\u00e1s firme y tersa.<\/p><p>Adem\u00e1s, ayuda a reducir la apariencia de celulitis ( suavizando la piel)\u00a0 y mejora la textura de la piel. Mejora la circulaci\u00f3n sangu\u00ednea, lo que ayuda a desintoxicar la piel.\u00a0 Contribuye a redefinir contornos , ideal , tambi\u00e9n\u00a0 para mujeres por-parto y post-p\u00e9rdida de peso, para recuperar la firmeza de la piel.\u00a0<\/p><p>Un tratamiento personalizado , para adaptar a las necesidades y objetivos espec\u00edficos de cada paciente.\u00a0<\/p>\t\t\t\t\t\t\t\t<\/div>\n\t\t\t\t<\/div>\n\t\t\t\t<\/div>\n\t\t\t\t\t<\/div>\n\t\t\t\t<\/div>\n\t\t<div class=\"elementor-element elementor-element-c3dc4c6 e-flex e-con-boxed e-con e-parent\" data-id=\"c3dc4c6\" data-element_type=\"container\" data-e-type=\"container\">\n\t\t\t\t\t<div class=\"e-con-inner\">\n\t\t<div class=\"elementor-element elementor-element-f189727 e-con-full e-flex e-con e-child\" data-id=\"f189727\" data-element_type=\"container\" data-e-type=\"container\">\n\t\t\t\t<div class=\"elementor-element elementor-element-4a95956 elementor-widget elementor-widget-heading\" data-id=\"4a95956\" data-element_type=\"widget\" data-e-type=\"widget\" data-widget_type=\"heading.default\">\n\t\t\t\t<div class=\"elementor-widget-container\">\n\t\t\t\t\t<h2 class=\"elementor-heading-title elementor-size-default\">C\u00f3mo trabajamos<\/h2>\t\t\t\t<\/div>\n\t\t\t\t<\/div>\n\t\t\t\t<div class=\"elementor-element elementor-element-6dbbeba elementor-widget elementor-widget-text-editor\" data-id=\"6dbbeba\" data-element_type=\"widget\" data-e-type=\"widget\" data-widget_type=\"text-editor.default\">\n\t\t\t\t<div class=\"elementor-widget-container\">\n\t\t\t\t\t\t\t\t\t<p style=\"text-align: center;\"><span style=\"font-size: 1rem;\">Los tratamientos corporales se combinan seg\u00fan lo que tu cuerpo necesite.<\/span><\/p><p style=\"text-align: center;\"><span style=\"font-size: 1rem;\">Es necesario previo diagn\u00f3stico sin coste alguno.<\/span><\/p><p style=\"text-align: center;\"><span style=\"font-size: 1rem;\">Las sesiones duran entre 60&#8242; a 75&#8242;.<\/span><\/p><p style=\"text-align: center;\">Se utilizar\u00e1n entre 2-3 t\u00e9cnicas diferentes en cada sesi\u00f3n. Recomendamos m\u00ednimo de 6 sesiones.<\/p><p style=\"text-align: center;\"><span style=\"font-weight: bold;\">Compra 1 sesi\u00f3n por\u00a0<\/span><span style=\"font-size: 1rem; font-weight: bold;\">65\u20ac\u00a0<\/span><span style=\"font-weight: bold; font-size: 1rem;\">o\u00a0<\/span><span style=\"font-size: 1rem; font-weight: bold;\">6 sesiones\u00a0<\/span><span style=\"font-weight: bold; font-size: 1rem;\">312\u20ac\u00a0<\/span><\/p>\t\t\t\t\t\t\t\t<\/div>\n\t\t\t\t<\/div>\n\t\t\t\t<div class=\"elementor-element elementor-element-f8003fb elementor-add-to-cart--align-center elementor-widget elementor-widget-wc-add-to-cart\" data-id=\"f8003fb\" data-element_type=\"widget\" data-e-type=\"widget\" data-widget_type=\"wc-add-to-cart.default\">\n\t\t\t\t<div class=\"elementor-widget-container\">\n\t\t\t\t\t\t\t\t\t<div class=\"elementor-button-wrapper\">\n\t\t\t\t\t<a rel=\"nofollow\" href=\"https:\/\/cristinasantiagocentroestetico.es\/eu\/produktua\/tratamiento-corporal\/\" data-quantity=\"1\" data-product_id=\"4493\" class=\"product_type_variable add_to_cart_button elementor-button elementor-size-md\" role=\"button\">\n\t\t\t\t\t\t<span class=\"elementor-button-content-wrapper\">\n\t\t\t\t\t\t<span class=\"elementor-button-icon\">\n\t\t\t\t<svg aria-hidden=\"true\" class=\"e-font-icon-svg e-fas-shopping-cart\" viewbox=\"0 0 576 512\" xmlns=\"http:\/\/www.w3.org\/2000\/svg\"><path d=\"M528.12 301.319l47.273-208C578.806 78.301 567.391 64 551.99 64H159.208l-9.166-44.81C147.758 8.021 137.93 0 126.529 0H24C10.745 0 0 10.745 0 24v16c0 13.255 10.745 24 24 24h69.883l70.248 343.435C147.325 417.1 136 435.222 136 456c0 30.928 25.072 56 56 56s56-25.072 56-56c0-15.674-6.447-29.835-16.824-40h209.647C430.447 426.165 424 440.326 424 456c0 30.928 25.072 56 56 56s56-25.072 56-56c0-22.172-12.888-41.332-31.579-50.405l5.517-24.276c3.413-15.018-8.002-29.319-23.403-29.319H218.117l-6.545-32h293.145c11.206 0 20.92-7.754 23.403-18.681z\"><\/path><\/svg>\t\t\t<\/span>\n\t\t\t\t\t\t\t\t\t<span class=\"elementor-button-text\">Comprar<\/span>\n\t\t\t\t\t<\/span>\n\t\t\t\t\t<\/a>\n\t\t\t\t<\/div>\n\t\t\t\t\t\t\t\t<\/div>\n\t\t\t\t<\/div>\n\t\t\t\t<\/div>\n\t\t\t\t\t<\/div>\n\t\t\t\t<\/div>\n\t\t\t\t<\/div>","protected":false},"excerpt":{"rendered":"<p>Radiofrecuencia Corporal La radiofrecuencia corporal es un tratamiento est\u00e9tico no invasivo que utiliza ondas electromagn\u00e9ticas para calentar las capas m\u00e1s profundas de la piel.\u00a0 Este calor provoca la contracci\u00f3n de las fibras de col\u00e1geno y estimula la producci\u00f3n de nuevo col\u00e1geno, lo que resulta una piel m\u00e1s firme y tersa. Adem\u00e1s, ayuda a reducir la [&hellip;]<\/p>\n","protected":false},"author":1,"featured_media":38,"parent":0,"menu_order":0,"comment_status":"closed","ping_status":"closed","template":"elementor_canvas","meta":{"footnotes":""},"class_list":["post-1238","page","type-page","status-publish","has-post-thumbnail","hentry"],"yoast_head":"<!-- This site is optimized with the Yoast SEO plugin v27.6 - https:\/\/yoast.com\/product\/yoast-seo-wordpress\/ -->\n<title>Radiofrequencia Corporal - cristina santiago centro estetico<\/title>\n<meta name=\"robots\" content=\"index, follow, max-snippet:-1, max-image-preview:large, max-video-preview:-1\" \/>\n<link rel=\"canonical\" href=\"https:\/\/cristinasantiagocentroestetico.es\/eu\/radiofrequencia-corporal\/\" \/>\n<meta property=\"og:locale\" content=\"en_US\" \/>\n<meta property=\"og:type\" content=\"article\" \/>\n<meta property=\"og:title\" content=\"Radiofrequencia Corporal - cristina santiago centro estetico\" \/>\n<meta property=\"og:description\" content=\"Radiofrecuencia Corporal La radiofrecuencia corporal es un tratamiento est\u00e9tico no invasivo que utiliza ondas electromagn\u00e9ticas para calentar las capas m\u00e1s profundas de la piel.\u00a0 Este calor provoca la contracci\u00f3n de las fibras de col\u00e1geno y estimula la producci\u00f3n de nuevo col\u00e1geno, lo que resulta una piel m\u00e1s firme y tersa. Adem\u00e1s, ayuda a reducir la [&hellip;]\" \/>\n<meta property=\"og:url\" content=\"https:\/\/cristinasantiagocentroestetico.es\/eu\/radiofrequencia-corporal\/\" \/>\n<meta property=\"og:site_name\" content=\"cristina santiago centro estetico\" \/>\n<meta property=\"article:modified_time\" content=\"2024-12-02T11:41:39+00:00\" \/>\n<meta property=\"og:image\" content=\"https:\/\/cristinasantiagocentroestetico.es\/wp-content\/uploads\/2023\/09\/Captura-desde-2023-09-26-16-42-17.png\" \/>\n\t<meta property=\"og:image:width\" content=\"197\" \/>\n\t<meta property=\"og:image:height\" content=\"177\" \/>\n\t<meta property=\"og:image:type\" content=\"image\/png\" \/>\n<meta name=\"twitter:card\" content=\"summary_large_image\" \/>\n<meta name=\"twitter:label1\" content=\"Est. reading time\" \/>\n\t<meta name=\"twitter:data1\" content=\"1 minutua\" \/>\n<script type=\"application\/ld+json\" class=\"yoast-schema-graph\">{\"@context\":\"https:\\\/\\\/schema.org\",\"@graph\":[{\"@type\":\"WebPage\",\"@id\":\"https:\\\/\\\/cristinasantiagocentroestetico.es\\\/radiofrequencia-corporal\\\/\",\"url\":\"https:\\\/\\\/cristinasantiagocentroestetico.es\\\/radiofrequencia-corporal\\\/\",\"name\":\"Radiofrequencia Corporal - cristina santiago centro estetico\",\"isPartOf\":{\"@id\":\"https:\\\/\\\/cristinasantiagocentroestetico.es\\\/#website\"},\"primaryImageOfPage\":{\"@id\":\"https:\\\/\\\/cristinasantiagocentroestetico.es\\\/radiofrequencia-corporal\\\/#primaryimage\"},\"image\":{\"@id\":\"https:\\\/\\\/cristinasantiagocentroestetico.es\\\/radiofrequencia-corporal\\\/#primaryimage\"},\"thumbnailUrl\":\"https:\\\/\\\/cristinasantiagocentroestetico.es\\\/wp-content\\\/uploads\\\/2023\\\/09\\\/Captura-desde-2023-09-26-16-42-17.png\",\"datePublished\":\"2023-10-03T15:44:35+00:00\",\"dateModified\":\"2024-12-02T11:41:39+00:00\",\"breadcrumb\":{\"@id\":\"https:\\\/\\\/cristinasantiagocentroestetico.es\\\/radiofrequencia-corporal\\\/#breadcrumb\"},\"inLanguage\":\"eu\",\"potentialAction\":[{\"@type\":\"ReadAction\",\"target\":[\"https:\\\/\\\/cristinasantiagocentroestetico.es\\\/radiofrequencia-corporal\\\/\"]}]},{\"@type\":\"ImageObject\",\"inLanguage\":\"eu\",\"@id\":\"https:\\\/\\\/cristinasantiagocentroestetico.es\\\/radiofrequencia-corporal\\\/#primaryimage\",\"url\":\"https:\\\/\\\/cristinasantiagocentroestetico.es\\\/wp-content\\\/uploads\\\/2023\\\/09\\\/Captura-desde-2023-09-26-16-42-17.png\",\"contentUrl\":\"https:\\\/\\\/cristinasantiagocentroestetico.es\\\/wp-content\\\/uploads\\\/2023\\\/09\\\/Captura-desde-2023-09-26-16-42-17.png\",\"width\":197,\"height\":177},{\"@type\":\"BreadcrumbList\",\"@id\":\"https:\\\/\\\/cristinasantiagocentroestetico.es\\\/radiofrequencia-corporal\\\/#breadcrumb\",\"itemListElement\":[{\"@type\":\"ListItem\",\"position\":1,\"name\":\"Portada\",\"item\":\"https:\\\/\\\/cristinasantiagocentroestetico.es\\\/\"},{\"@type\":\"ListItem\",\"position\":2,\"name\":\"Radiofrequencia Corporal\"}]},{\"@type\":\"WebSite\",\"@id\":\"https:\\\/\\\/cristinasantiagocentroestetico.es\\\/#website\",\"url\":\"https:\\\/\\\/cristinasantiagocentroestetico.es\\\/\",\"name\":\"cristina santiago centro estetico\",\"description\":\"Tratamientos de belleza en Bilbao\",\"potentialAction\":[{\"@type\":\"SearchAction\",\"target\":{\"@type\":\"EntryPoint\",\"urlTemplate\":\"https:\\\/\\\/cristinasantiagocentroestetico.es\\\/?s={search_term_string}\"},\"query-input\":{\"@type\":\"PropertyValueSpecification\",\"valueRequired\":true,\"valueName\":\"search_term_string\"}}],\"inLanguage\":\"eu\"}]}<\/script>\n<!-- \/ Yoast SEO plugin. -->","yoast_head_json":{"title":"Radiofrequencia Corporal - cristina santiago centro estetico","robots":{"index":"index","follow":"follow","max-snippet":"max-snippet:-1","max-image-preview":"max-image-preview:large","max-video-preview":"max-video-preview:-1"},"canonical":"https:\/\/cristinasantiagocentroestetico.es\/eu\/radiofrequencia-corporal\/","og_locale":"en_US","og_type":"article","og_title":"Radiofrequencia Corporal - cristina santiago centro estetico","og_description":"Radiofrecuencia Corporal La radiofrecuencia corporal es un tratamiento est\u00e9tico no invasivo que utiliza ondas electromagn\u00e9ticas para calentar las capas m\u00e1s profundas de la piel.\u00a0 Este calor provoca la contracci\u00f3n de las fibras de col\u00e1geno y estimula la producci\u00f3n de nuevo col\u00e1geno, lo que resulta una piel m\u00e1s firme y tersa. Adem\u00e1s, ayuda a reducir la [&hellip;]","og_url":"https:\/\/cristinasantiagocentroestetico.es\/eu\/radiofrequencia-corporal\/","og_site_name":"cristina santiago centro estetico","article_modified_time":"2024-12-02T11:41:39+00:00","og_image":[{"width":197,"height":177,"url":"https:\/\/cristinasantiagocentroestetico.es\/wp-content\/uploads\/2023\/09\/Captura-desde-2023-09-26-16-42-17.png","type":"image\/png"}],"twitter_card":"summary_large_image","twitter_misc":{"Est. reading time":"1 minutua"},"schema":{"@context":"https:\/\/schema.org","@graph":[{"@type":"WebPage","@id":"https:\/\/cristinasantiagocentroestetico.es\/radiofrequencia-corporal\/","url":"https:\/\/cristinasantiagocentroestetico.es\/radiofrequencia-corporal\/","name":"Radiofrequencia Corporal - cristina santiago centro estetico","isPartOf":{"@id":"https:\/\/cristinasantiagocentroestetico.es\/#website"},"primaryImageOfPage":{"@id":"https:\/\/cristinasantiagocentroestetico.es\/radiofrequencia-corporal\/#primaryimage"},"image":{"@id":"https:\/\/cristinasantiagocentroestetico.es\/radiofrequencia-corporal\/#primaryimage"},"thumbnailUrl":"https:\/\/cristinasantiagocentroestetico.es\/wp-content\/uploads\/2023\/09\/Captura-desde-2023-09-26-16-42-17.png","datePublished":"2023-10-03T15:44:35+00:00","dateModified":"2024-12-02T11:41:39+00:00","breadcrumb":{"@id":"https:\/\/cristinasantiagocentroestetico.es\/radiofrequencia-corporal\/#breadcrumb"},"inLanguage":"eu","potentialAction":[{"@type":"ReadAction","target":["https:\/\/cristinasantiagocentroestetico.es\/radiofrequencia-corporal\/"]}]},{"@type":"ImageObject","inLanguage":"eu","@id":"https:\/\/cristinasantiagocentroestetico.es\/radiofrequencia-corporal\/#primaryimage","url":"https:\/\/cristinasantiagocentroestetico.es\/wp-content\/uploads\/2023\/09\/Captura-desde-2023-09-26-16-42-17.png","contentUrl":"https:\/\/cristinasantiagocentroestetico.es\/wp-content\/uploads\/2023\/09\/Captura-desde-2023-09-26-16-42-17.png","width":197,"height":177},{"@type":"BreadcrumbList","@id":"https:\/\/cristinasantiagocentroestetico.es\/radiofrequencia-corporal\/#breadcrumb","itemListElement":[{"@type":"ListItem","position":1,"name":"Portada","item":"https:\/\/cristinasantiagocentroestetico.es\/"},{"@type":"ListItem","position":2,"name":"Radiofrequencia Corporal"}]},{"@type":"WebSite","@id":"https:\/\/cristinasantiagocentroestetico.es\/#website","url":"https:\/\/cristinasantiagocentroestetico.es\/","name":"cristina santiago centro estetico","description":"Tratamientos de belleza en Bilbao","potentialAction":[{"@type":"SearchAction","target":{"@type":"EntryPoint","urlTemplate":"https:\/\/cristinasantiagocentroestetico.es\/?s={search_term_string}"},"query-input":{"@type":"PropertyValueSpecification","valueRequired":true,"valueName":"search_term_string"}}],"inLanguage":"eu"}]}},"jetpack_sharing_enabled":true,"_links":{"self":[{"href":"https:\/\/cristinasantiagocentroestetico.es\/eu\/wp-json\/wp\/v2\/pages\/1238","targetHints":{"allow":["GET"]}}],"collection":[{"href":"https:\/\/cristinasantiagocentroestetico.es\/eu\/wp-json\/wp\/v2\/pages"}],"about":[{"href":"https:\/\/cristinasantiagocentroestetico.es\/eu\/wp-json\/wp\/v2\/types\/page"}],"author":[{"embeddable":true,"href":"https:\/\/cristinasantiagocentroestetico.es\/eu\/wp-json\/wp\/v2\/users\/1"}],"replies":[{"embeddable":true,"href":"https:\/\/cristinasantiagocentroestetico.es\/eu\/wp-json\/wp\/v2\/comments?post=1238"}],"version-history":[{"count":49,"href":"https:\/\/cristinasantiagocentroestetico.es\/eu\/wp-json\/wp\/v2\/pages\/1238\/revisions"}],"predecessor-version":[{"id":4651,"href":"https:\/\/cristinasantiagocentroestetico.es\/eu\/wp-json\/wp\/v2\/pages\/1238\/revisions\/4651"}],"wp:featuredmedia":[{"embeddable":true,"href":"https:\/\/cristinasantiagocentroestetico.es\/eu\/wp-json\/wp\/v2\/media\/38"}],"wp:attachment":[{"href":"https:\/\/cristinasantiagocentroestetico.es\/eu\/wp-json\/wp\/v2\/media?parent=1238"}],"curies":[{"name":"wp","href":"https:\/\/api.w.org\/{rel}","templated":true}]}}