{"id":1301,"date":"2023-10-03T16:32:26","date_gmt":"2023-10-03T16:32:26","guid":{"rendered":"https:\/\/web4.rkinformatika.net\/cristinasantiagocentroestetico\/?page_id=1301"},"modified":"2023-12-01T08:51:01","modified_gmt":"2023-12-01T08:51:01","slug":"pendientes","status":"publish","type":"page","link":"https:\/\/cristinasantiagocentroestetico.es\/eu\/pendientes\/","title":{"rendered":"Pendientes"},"content":{"rendered":"<div data-elementor-type=\"wp-page\" data-elementor-id=\"1301\" class=\"elementor elementor-1301\" data-elementor-post-type=\"page\">\n\t\t\t\t\t\t<section class=\"elementor-section elementor-top-section elementor-element elementor-element-b89239a elementor-section-boxed elementor-section-height-default elementor-section-height-default\" data-id=\"b89239a\" data-element_type=\"section\" data-e-type=\"section\" data-settings=\"{&quot;background_background&quot;:&quot;classic&quot;}\">\n\t\t\t\t\t\t\t<div class=\"elementor-background-overlay\"><\/div>\n\t\t\t\t\t\t\t<div class=\"elementor-container elementor-column-gap-default\">\n\t\t\t\t\t<div class=\"elementor-column elementor-col-100 elementor-top-column elementor-element elementor-element-b2f18ac\" data-id=\"b2f18ac\" data-element_type=\"column\" data-e-type=\"column\">\n\t\t\t<div class=\"elementor-widget-wrap\">\n\t\t\t\t\t\t\t<\/div>\n\t\t<\/div>\n\t\t\t\t\t<\/div>\n\t\t<\/section>\n\t\t\t\t<section class=\"elementor-section elementor-top-section elementor-element elementor-element-75a6a576 elementor-section-boxed elementor-section-height-default elementor-section-height-default\" data-id=\"75a6a576\" data-element_type=\"section\" data-e-type=\"section\" data-settings=\"{&quot;background_background&quot;:&quot;classic&quot;}\">\n\t\t\t\t\t\t<div class=\"elementor-container elementor-column-gap-no\">\n\t\t\t\t\t<div class=\"elementor-column elementor-col-100 elementor-top-column elementor-element elementor-element-2ad93126\" data-id=\"2ad93126\" data-element_type=\"column\" data-e-type=\"column\">\n\t\t\t<div class=\"elementor-widget-wrap elementor-element-populated\">\n\t\t\t\t\t\t<section class=\"elementor-section elementor-inner-section elementor-element elementor-element-59d1390 elementor-section-full_width elementor-section-height-default elementor-section-height-default elementor-invisible\" data-id=\"59d1390\" data-element_type=\"section\" data-e-type=\"section\" data-settings=\"{&quot;animation&quot;:&quot;fadeInUp&quot;}\">\n\t\t\t\t\t\t<div class=\"elementor-container elementor-column-gap-no\">\n\t\t\t\t\t<div class=\"elementor-column elementor-col-50 elementor-inner-column elementor-element elementor-element-ffc1dfd\" data-id=\"ffc1dfd\" data-element_type=\"column\" data-e-type=\"column\">\n\t\t\t<div class=\"elementor-widget-wrap elementor-element-populated\">\n\t\t\t\t\t\t<div class=\"elementor-element elementor-element-b156ea2 elementor-widget elementor-widget-jkit_heading\" data-id=\"b156ea2\" data-element_type=\"widget\" data-e-type=\"widget\" data-widget_type=\"jkit_heading.default\">\n\t\t\t\t<div class=\"elementor-widget-container\">\n\t\t\t\t\t<div  class=\"jeg-elementor-kit jkit-heading  align-center align-tablet- align-mobile- jeg_module___69f1b00b6f656\" ><div class=\"heading-section-title  display-inline-block\"><h2 class=\"heading-title\">Pendientes<\/h2><\/div><\/div>\t\t\t\t<\/div>\n\t\t\t\t<\/div>\n\t\t\t\t<div class=\"elementor-element elementor-element-929c79b elementor-hidden-mobile elementor-widget elementor-widget-jkit_heading\" data-id=\"929c79b\" data-element_type=\"widget\" data-e-type=\"widget\" data-widget_type=\"jkit_heading.default\">\n\t\t\t\t<div class=\"elementor-widget-container\">\n\t\t\t\t\t<div  class=\"jeg-elementor-kit jkit-heading  align-left align-tablet- align-mobile- jeg_module__1_69f1b00b717c9\" ><div class=\"heading-section-title  display-inline-block\"><h2 class=\"heading-title\"><\/h2><\/div><\/div>\t\t\t\t<\/div>\n\t\t\t\t<\/div>\n\t\t\t\t\t<\/div>\n\t\t<\/div>\n\t\t\t\t<div class=\"elementor-column elementor-col-50 elementor-inner-column elementor-element elementor-element-0c16ac5\" data-id=\"0c16ac5\" data-element_type=\"column\" data-e-type=\"column\">\n\t\t\t<div class=\"elementor-widget-wrap elementor-element-populated\">\n\t\t\t\t\t\t<div class=\"elementor-element elementor-element-a66f227 elementor-widget elementor-widget-spacer\" data-id=\"a66f227\" data-element_type=\"widget\" data-e-type=\"widget\" data-widget_type=\"spacer.default\">\n\t\t\t\t<div class=\"elementor-widget-container\">\n\t\t\t\t\t\t\t<div class=\"elementor-spacer\">\n\t\t\t<div class=\"elementor-spacer-inner\"><\/div>\n\t\t<\/div>\n\t\t\t\t\t\t<\/div>\n\t\t\t\t<\/div>\n\t\t\t\t\t<\/div>\n\t\t<\/div>\n\t\t\t\t\t<\/div>\n\t\t<\/section>\n\t\t\t\t\t<\/div>\n\t\t<\/div>\n\t\t\t\t\t<\/div>\n\t\t<\/section>\n\t\t<div class=\"elementor-element elementor-element-6dacdda e-flex e-con-boxed elementor-invisible e-con e-parent\" data-id=\"6dacdda\" data-element_type=\"container\" data-e-type=\"container\" data-settings=\"{&quot;animation&quot;:&quot;fadeInUp&quot;}\">\n\t\t\t\t\t<div class=\"e-con-inner\">\n\t\t<div class=\"elementor-element elementor-element-c740f3d e-con-full e-flex e-con e-child\" data-id=\"c740f3d\" data-element_type=\"container\" data-e-type=\"container\">\n\t\t\t\t<div class=\"elementor-element elementor-element-2512a32 elementor-widget elementor-widget-text-editor\" data-id=\"2512a32\" data-element_type=\"widget\" data-e-type=\"widget\" data-widget_type=\"text-editor.default\">\n\t\t\t\t<div class=\"elementor-widget-container\">\n\t\t\t\t\t\t\t\t\t<div class=\"elementor-element elementor-element-9a453bf e-con-full e-flex e-con e-child\" data-id=\"9a453bf\" data-element_type=\"container\" data-settings=\"{&quot;content_width&quot;:&quot;full&quot;}\"><div class=\"elementor-element elementor-element-a2d2891 elementor-widget elementor-widget-text-editor\" data-id=\"a2d2891\" data-element_type=\"widget\" data-widget_type=\"text-editor.default\"><div class=\"elementor-widget-container\"><p>Colocamos de manera profesional e higi\u00e9nica pendientes en oreja y nariz . tanto a ni\u00f1os como a adultos. Los pendientes que utilizamos son de material hipoalesg\u00e9nicos y esterilizado.<\/p><p>\u00a0<\/p><\/div><\/div><\/div>\t\t\t\t\t\t\t\t<\/div>\n\t\t\t\t<\/div>\n\t\t\t\t<\/div>\n\t\t\t\t\t<\/div>\n\t\t\t\t<\/div>\n\t\t\t\t<\/div>","protected":false},"excerpt":{"rendered":"<p>Pendientes Colocamos de manera profesional e higi\u00e9nica pendientes en oreja y nariz . tanto a ni\u00f1os como a adultos. Los pendientes que utilizamos son de material hipoalesg\u00e9nicos y esterilizado. \u00a0<\/p>","protected":false},"author":1,"featured_media":38,"parent":0,"menu_order":0,"comment_status":"closed","ping_status":"closed","template":"elementor_canvas","meta":{"footnotes":""},"class_list":["post-1301","page","type-page","status-publish","has-post-thumbnail","hentry"],"yoast_head":"<!-- This site is optimized with the Yoast SEO plugin v27.5 - https:\/\/yoast.com\/product\/yoast-seo-wordpress\/ -->\n<title>Pendientes - cristina santiago centro estetico<\/title>\n<meta name=\"robots\" content=\"index, follow, max-snippet:-1, max-image-preview:large, max-video-preview:-1\" \/>\n<link rel=\"canonical\" href=\"https:\/\/cristinasantiagocentroestetico.es\/eu\/pendientes\/\" \/>\n<meta property=\"og:locale\" content=\"en_US\" \/>\n<meta property=\"og:type\" content=\"article\" \/>\n<meta property=\"og:title\" content=\"Pendientes - cristina santiago centro estetico\" \/>\n<meta property=\"og:description\" content=\"Pendientes Colocamos de manera profesional e higi\u00e9nica pendientes en oreja y nariz . tanto a ni\u00f1os como a adultos. Los pendientes que utilizamos son de material hipoalesg\u00e9nicos y esterilizado. \u00a0\" \/>\n<meta property=\"og:url\" content=\"https:\/\/cristinasantiagocentroestetico.es\/eu\/pendientes\/\" \/>\n<meta property=\"og:site_name\" content=\"cristina santiago centro estetico\" \/>\n<meta property=\"article:modified_time\" content=\"2023-12-01T08:51:01+00:00\" \/>\n<meta property=\"og:image\" content=\"https:\/\/cristinasantiagocentroestetico.es\/wp-content\/uploads\/2023\/09\/Captura-desde-2023-09-26-16-42-17.png\" \/>\n\t<meta property=\"og:image:width\" content=\"197\" \/>\n\t<meta property=\"og:image:height\" content=\"177\" \/>\n\t<meta property=\"og:image:type\" content=\"image\/png\" \/>\n<meta name=\"twitter:card\" content=\"summary_large_image\" \/>\n<meta name=\"twitter:label1\" content=\"Est. reading time\" \/>\n\t<meta name=\"twitter:data1\" content=\"1 minutua\" \/>\n<script type=\"application\/ld+json\" class=\"yoast-schema-graph\">{\"@context\":\"https:\\\/\\\/schema.org\",\"@graph\":[{\"@type\":\"WebPage\",\"@id\":\"https:\\\/\\\/cristinasantiagocentroestetico.es\\\/pendientes\\\/\",\"url\":\"https:\\\/\\\/cristinasantiagocentroestetico.es\\\/pendientes\\\/\",\"name\":\"Pendientes - cristina santiago centro estetico\",\"isPartOf\":{\"@id\":\"https:\\\/\\\/cristinasantiagocentroestetico.es\\\/#website\"},\"primaryImageOfPage\":{\"@id\":\"https:\\\/\\\/cristinasantiagocentroestetico.es\\\/pendientes\\\/#primaryimage\"},\"image\":{\"@id\":\"https:\\\/\\\/cristinasantiagocentroestetico.es\\\/pendientes\\\/#primaryimage\"},\"thumbnailUrl\":\"https:\\\/\\\/cristinasantiagocentroestetico.es\\\/wp-content\\\/uploads\\\/2023\\\/09\\\/Captura-desde-2023-09-26-16-42-17.png\",\"datePublished\":\"2023-10-03T16:32:26+00:00\",\"dateModified\":\"2023-12-01T08:51:01+00:00\",\"breadcrumb\":{\"@id\":\"https:\\\/\\\/cristinasantiagocentroestetico.es\\\/pendientes\\\/#breadcrumb\"},\"inLanguage\":\"eu\",\"potentialAction\":[{\"@type\":\"ReadAction\",\"target\":[\"https:\\\/\\\/cristinasantiagocentroestetico.es\\\/pendientes\\\/\"]}]},{\"@type\":\"ImageObject\",\"inLanguage\":\"eu\",\"@id\":\"https:\\\/\\\/cristinasantiagocentroestetico.es\\\/pendientes\\\/#primaryimage\",\"url\":\"https:\\\/\\\/cristinasantiagocentroestetico.es\\\/wp-content\\\/uploads\\\/2023\\\/09\\\/Captura-desde-2023-09-26-16-42-17.png\",\"contentUrl\":\"https:\\\/\\\/cristinasantiagocentroestetico.es\\\/wp-content\\\/uploads\\\/2023\\\/09\\\/Captura-desde-2023-09-26-16-42-17.png\",\"width\":197,\"height\":177},{\"@type\":\"BreadcrumbList\",\"@id\":\"https:\\\/\\\/cristinasantiagocentroestetico.es\\\/pendientes\\\/#breadcrumb\",\"itemListElement\":[{\"@type\":\"ListItem\",\"position\":1,\"name\":\"Portada\",\"item\":\"https:\\\/\\\/cristinasantiagocentroestetico.es\\\/\"},{\"@type\":\"ListItem\",\"position\":2,\"name\":\"Pendientes\"}]},{\"@type\":\"WebSite\",\"@id\":\"https:\\\/\\\/cristinasantiagocentroestetico.es\\\/#website\",\"url\":\"https:\\\/\\\/cristinasantiagocentroestetico.es\\\/\",\"name\":\"cristina santiago centro estetico\",\"description\":\"Tratamientos de belleza en Bilbao\",\"potentialAction\":[{\"@type\":\"SearchAction\",\"target\":{\"@type\":\"EntryPoint\",\"urlTemplate\":\"https:\\\/\\\/cristinasantiagocentroestetico.es\\\/?s={search_term_string}\"},\"query-input\":{\"@type\":\"PropertyValueSpecification\",\"valueRequired\":true,\"valueName\":\"search_term_string\"}}],\"inLanguage\":\"eu\"}]}<\/script>\n<!-- \/ Yoast SEO plugin. -->","yoast_head_json":{"title":"Pendientes - cristina santiago centro estetico","robots":{"index":"index","follow":"follow","max-snippet":"max-snippet:-1","max-image-preview":"max-image-preview:large","max-video-preview":"max-video-preview:-1"},"canonical":"https:\/\/cristinasantiagocentroestetico.es\/eu\/pendientes\/","og_locale":"en_US","og_type":"article","og_title":"Pendientes - cristina santiago centro estetico","og_description":"Pendientes Colocamos de manera profesional e higi\u00e9nica pendientes en oreja y nariz . tanto a ni\u00f1os como a adultos. Los pendientes que utilizamos son de material hipoalesg\u00e9nicos y esterilizado. \u00a0","og_url":"https:\/\/cristinasantiagocentroestetico.es\/eu\/pendientes\/","og_site_name":"cristina santiago centro estetico","article_modified_time":"2023-12-01T08:51:01+00:00","og_image":[{"width":197,"height":177,"url":"https:\/\/cristinasantiagocentroestetico.es\/wp-content\/uploads\/2023\/09\/Captura-desde-2023-09-26-16-42-17.png","type":"image\/png"}],"twitter_card":"summary_large_image","twitter_misc":{"Est. reading time":"1 minutua"},"schema":{"@context":"https:\/\/schema.org","@graph":[{"@type":"WebPage","@id":"https:\/\/cristinasantiagocentroestetico.es\/pendientes\/","url":"https:\/\/cristinasantiagocentroestetico.es\/pendientes\/","name":"Pendientes - cristina santiago centro estetico","isPartOf":{"@id":"https:\/\/cristinasantiagocentroestetico.es\/#website"},"primaryImageOfPage":{"@id":"https:\/\/cristinasantiagocentroestetico.es\/pendientes\/#primaryimage"},"image":{"@id":"https:\/\/cristinasantiagocentroestetico.es\/pendientes\/#primaryimage"},"thumbnailUrl":"https:\/\/cristinasantiagocentroestetico.es\/wp-content\/uploads\/2023\/09\/Captura-desde-2023-09-26-16-42-17.png","datePublished":"2023-10-03T16:32:26+00:00","dateModified":"2023-12-01T08:51:01+00:00","breadcrumb":{"@id":"https:\/\/cristinasantiagocentroestetico.es\/pendientes\/#breadcrumb"},"inLanguage":"eu","potentialAction":[{"@type":"ReadAction","target":["https:\/\/cristinasantiagocentroestetico.es\/pendientes\/"]}]},{"@type":"ImageObject","inLanguage":"eu","@id":"https:\/\/cristinasantiagocentroestetico.es\/pendientes\/#primaryimage","url":"https:\/\/cristinasantiagocentroestetico.es\/wp-content\/uploads\/2023\/09\/Captura-desde-2023-09-26-16-42-17.png","contentUrl":"https:\/\/cristinasantiagocentroestetico.es\/wp-content\/uploads\/2023\/09\/Captura-desde-2023-09-26-16-42-17.png","width":197,"height":177},{"@type":"BreadcrumbList","@id":"https:\/\/cristinasantiagocentroestetico.es\/pendientes\/#breadcrumb","itemListElement":[{"@type":"ListItem","position":1,"name":"Portada","item":"https:\/\/cristinasantiagocentroestetico.es\/"},{"@type":"ListItem","position":2,"name":"Pendientes"}]},{"@type":"WebSite","@id":"https:\/\/cristinasantiagocentroestetico.es\/#website","url":"https:\/\/cristinasantiagocentroestetico.es\/","name":"cristina santiago centro estetico","description":"Tratamientos de belleza en Bilbao","potentialAction":[{"@type":"SearchAction","target":{"@type":"EntryPoint","urlTemplate":"https:\/\/cristinasantiagocentroestetico.es\/?s={search_term_string}"},"query-input":{"@type":"PropertyValueSpecification","valueRequired":true,"valueName":"search_term_string"}}],"inLanguage":"eu"}]}},"jetpack_sharing_enabled":true,"_links":{"self":[{"href":"https:\/\/cristinasantiagocentroestetico.es\/eu\/wp-json\/wp\/v2\/pages\/1301","targetHints":{"allow":["GET"]}}],"collection":[{"href":"https:\/\/cristinasantiagocentroestetico.es\/eu\/wp-json\/wp\/v2\/pages"}],"about":[{"href":"https:\/\/cristinasantiagocentroestetico.es\/eu\/wp-json\/wp\/v2\/types\/page"}],"author":[{"embeddable":true,"href":"https:\/\/cristinasantiagocentroestetico.es\/eu\/wp-json\/wp\/v2\/users\/1"}],"replies":[{"embeddable":true,"href":"https:\/\/cristinasantiagocentroestetico.es\/eu\/wp-json\/wp\/v2\/comments?post=1301"}],"version-history":[{"count":19,"href":"https:\/\/cristinasantiagocentroestetico.es\/eu\/wp-json\/wp\/v2\/pages\/1301\/revisions"}],"predecessor-version":[{"id":2323,"href":"https:\/\/cristinasantiagocentroestetico.es\/eu\/wp-json\/wp\/v2\/pages\/1301\/revisions\/2323"}],"wp:featuredmedia":[{"embeddable":true,"href":"https:\/\/cristinasantiagocentroestetico.es\/eu\/wp-json\/wp\/v2\/media\/38"}],"wp:attachment":[{"href":"https:\/\/cristinasantiagocentroestetico.es\/eu\/wp-json\/wp\/v2\/media?parent=1301"}],"curies":[{"name":"wp","href":"https:\/\/api.w.org\/{rel}","templated":true}]}}