{"id":21,"date":"2023-09-26T14:17:39","date_gmt":"2023-09-26T14:17:39","guid":{"rendered":"https:\/\/web4.rkinformatika.net\/cristinasantiagocentroestetico\/?page_id=21"},"modified":"2024-08-29T15:33:13","modified_gmt":"2024-08-29T15:33:13","slug":"blog","status":"publish","type":"page","link":"https:\/\/cristinasantiagocentroestetico.es\/eu\/blog\/","title":{"rendered":"Blog"},"content":{"rendered":"<style>.elementor-21 .elementor-element.elementor-element-863c7ca{--display:flex;--flex-direction:row;--container-widget-width:initial;--container-widget-height:100%;--container-widget-flex-grow:1;--container-widget-align-self:stretch;--flex-wrap-mobile:wrap;}.elementor-21 .elementor-element.elementor-element-e6775e6{width:var( --container-widget-width, 65.951% );max-width:65.951%;--container-widget-width:65.951%;--container-widget-flex-grow:0;}.elementor-21 .elementor-element.elementor-element-e6775e6.elementor-element{--flex-grow:0;--flex-shrink:0;}.elementor-21 .elementor-element.elementor-element-c53019f{--display:flex;--flex-direction:column;--container-widget-width:100%;--container-widget-height:initial;--container-widget-flex-grow:0;--container-widget-align-self:initial;--flex-wrap-mobile:wrap;}.elementor-21 .elementor-element.elementor-element-884e474{--display:flex;}<\/style>\t\t<div data-elementor-type=\"wp-page\" data-elementor-id=\"21\" class=\"elementor elementor-21\" data-elementor-post-type=\"page\">\n\t\t\t\t<div class=\"elementor-element elementor-element-863c7ca e-flex e-con-boxed e-con e-parent\" data-id=\"863c7ca\" data-element_type=\"container\" data-e-type=\"container\">\n\t\t\t\t\t<div class=\"e-con-inner\">\n\t\t\t\t<div class=\"elementor-element elementor-element-e6775e6 elementor-widget__width-initial elementor-widget elementor-widget-heading\" data-id=\"e6775e6\" data-element_type=\"widget\" data-e-type=\"widget\" data-widget_type=\"heading.default\">\n\t\t\t\t<div class=\"elementor-widget-container\">\n\t\t\t\t\t<h1 class=\"elementor-heading-title elementor-size-default\">RETINOL <\/h1>\t\t\t\t<\/div>\n\t\t\t\t<\/div>\n\t\t\t\t\t<\/div>\n\t\t\t\t<\/div>\n\t\t<div class=\"elementor-element elementor-element-c53019f e-flex e-con-boxed e-con e-parent\" data-id=\"c53019f\" data-element_type=\"container\" data-e-type=\"container\">\n\t\t\t\t\t<div class=\"e-con-inner\">\n\t\t\t\t<div class=\"elementor-element elementor-element-52e9d85 elementor-widget elementor-widget-image\" data-id=\"52e9d85\" data-element_type=\"widget\" data-e-type=\"widget\" data-widget_type=\"image.default\">\n\t\t\t\t<div class=\"elementor-widget-container\">\n\t\t\t\t\t\t\t\t\t\t\t\t\t\t\t<img fetchpriority=\"high\" decoding=\"async\" width=\"800\" height=\"800\" src=\"https:\/\/cristinasantiagocentroestetico.es\/wp-content\/uploads\/2024\/08\/retinol-photo-site.png\" class=\"attachment-large size-large wp-image-4402\" alt=\"\" srcset=\"https:\/\/cristinasantiagocentroestetico.es\/wp-content\/uploads\/2024\/08\/retinol-photo-site.png 800w, https:\/\/cristinasantiagocentroestetico.es\/wp-content\/uploads\/2024\/08\/retinol-photo-site-300x300.png 300w, https:\/\/cristinasantiagocentroestetico.es\/wp-content\/uploads\/2024\/08\/retinol-photo-site-150x150.png 150w, https:\/\/cristinasantiagocentroestetico.es\/wp-content\/uploads\/2024\/08\/retinol-photo-site-768x768.png 768w, https:\/\/cristinasantiagocentroestetico.es\/wp-content\/uploads\/2024\/08\/retinol-photo-site-12x12.png 12w, https:\/\/cristinasantiagocentroestetico.es\/wp-content\/uploads\/2024\/08\/retinol-photo-site-600x600.png 600w, https:\/\/cristinasantiagocentroestetico.es\/wp-content\/uploads\/2024\/08\/retinol-photo-site-100x100.png 100w\" sizes=\"(max-width: 800px) 100vw, 800px\" \/>\t\t\t\t\t\t\t\t\t\t\t\t\t\t\t<\/div>\n\t\t\t\t<\/div>\n\t\t\t\t\t<\/div>\n\t\t\t\t<\/div>\n\t\t<div class=\"elementor-element elementor-element-884e474 e-flex e-con-boxed e-con e-parent\" data-id=\"884e474\" data-element_type=\"container\" data-e-type=\"container\">\n\t\t\t\t\t<div class=\"e-con-inner\">\n\t\t\t\t<div class=\"elementor-element elementor-element-250216f elementor-widget elementor-widget-text-editor\" data-id=\"250216f\" data-element_type=\"widget\" data-e-type=\"widget\" data-widget_type=\"text-editor.default\">\n\t\t\t\t<div class=\"elementor-widget-container\">\n\t\t\t\t\t\t\t\t\t<p>El retinol es uno de esos ingredientes que suena en todas partes cuando hablamos de cuidado de la piel. Ya sea que est\u00e9s tratando de combatir los signos del envejecimiento, lidiando con el acn\u00e9 o buscando una piel m\u00e1s suave y radiante, el retinol parece ser la soluci\u00f3n m\u00e1gica. Pero, \u00bfqu\u00e9 tan cierto es todo lo que se dice sobre \u00e9l? Vamos a desglosarlo.<\/p><h4>\ud83d\udccb <strong>Beneficios del Retinol<\/strong><\/h4><ol><li><p><strong>\ud83e\uddf4 El rey del anti-edad<\/strong>: El retinol es conocido por ser uno de los mejores ingredientes para combatir arrugas y l\u00edneas de expresi\u00f3n. Si buscas mantener una piel joven, este es tu aliado. #AntiEnvejecimiento<\/p><\/li><li><p><strong>\ud83d\udca1 Renovaci\u00f3n celular a tope<\/strong>: Este ingrediente ayuda a que tu piel se renueve m\u00e1s r\u00e1pido, dej\u00e1ndola suave y fresca. Con el tiempo, notar\u00e1s una textura m\u00e1s uniforme y radiante. #Renovaci\u00f3nCelular<\/p><\/li><li><p><strong>\u2600\ufe0f Cuidado con el sol<\/strong>: Un punto importante es que el retinol aumenta la sensibilidad al sol. Si decides usarlo, no puedes olvidarte del protector solar, \u00a1es esencial! #Prot\u00e9geteDelSol<\/p><\/li><li><p><strong>\ud83e\uddd6\u200d\u2640\ufe0f Paciencia, es la clave<\/strong>: No esperes milagros de la noche a la ma\u00f1ana. Los resultados pueden tardar unas semanas en aparecer, pero valen la pena. #Paciencia<\/p><\/li><li><p><strong>\ud83e\udd40 Desp\u00eddete de las manchas<\/strong>: Si tienes manchas oscuras o un tono de piel desigual, el retinol puede ser tu soluci\u00f3n. Ayuda a aclarar esas zonas problem\u00e1ticas. #ManchasFuera<\/p><\/li><li><p><strong>\ud83c\udf19 Mejor por la noche<\/strong>: Lo ideal es aplicar retinol en tu rutina nocturna, ya que este ingrediente puede degradarse con la luz del d\u00eda. #RutinaNocturna<\/p><\/li><li><p><strong>\ud83d\ude2c Puede causar irritaci\u00f3n<\/strong>: Es com\u00fan sentir algo de irritaci\u00f3n al principio. Si es demasiado, puedes reducir la frecuencia de uso o optar por una concentraci\u00f3n m\u00e1s baja. #CuidadoConLaIrritaci\u00f3n<\/p><\/li><li><p><strong>\ud83e\uddd1\u200d\u2695\ufe0f Consulta a un experto<\/strong>: Antes de empezar a usar retinol, especialmente si tienes piel sensible, es recomendable consultar a un dermat\u00f3logo. #ConsultaAlEspecialista<\/p><\/li><li><p><strong>\ud83d\udcc5 Empieza poco a poco<\/strong>: No te lances de lleno. Comienza us\u00e1ndolo 2-3 veces por semana y ve aumentando la frecuencia a medida que tu piel se acostumbra. #InicioLento<\/p><\/li><li><p><strong>\ud83d\udca7 Comb\u00ednalo con hidrataci\u00f3n<\/strong>: El retinol puede secar la piel, por lo que es crucial usar una buena crema hidratante para mantener el equilibrio. #Hidrataci\u00f3nEsencial<\/p><\/li><\/ol><h4>\ud83d\udccb <strong>Curiosidades sobre el Retinol<\/strong><\/h4><ol><li><p><strong>\ud83e\udd55 Primo de la vitamina A<\/strong>: El retinol es una forma de vitamina A, esencial para la salud de la piel. #VitaminaA<\/p><\/li><li><p><strong>\ud83e\uddea Descubrimiento de laboratorio<\/strong>: Fue descubierto en los a\u00f1os 70 mientras los cient\u00edficos buscaban tratamientos para el acn\u00e9. \u00a1Y vaya si lo lograron! #HistoriaDelRetinol<\/p><\/li><li><p><strong>\ud83c\udf43 Existe en la naturaleza<\/strong>: Aunque hoy en d\u00eda se produce de manera sint\u00e9tica, el retinol se encuentra en alimentos como huevos y zanahorias. #NaturalYArtificial<\/p><\/li><li><p><strong>\ud83c\udfaf Acci\u00f3n multiusos<\/strong>: No solo combate arrugas; tambi\u00e9n trata el acn\u00e9, manchas y hasta poros dilatados. \u00a1Un verdadero todoterreno! #MultiBeneficios<\/p><\/li><li><p><strong>\u23f3 M\u00e1s fuerte con el tiempo<\/strong>: Con el uso constante, el retinol mejora la producci\u00f3n de col\u00e1geno, haciendo que la piel se fortalezca y sea m\u00e1s resistente. #PielFuerte<\/p><\/li><li><p><strong>\ud83d\udd2c Viene en diferentes formas<\/strong>: No todos los retinoides son iguales. Existen versiones m\u00e1s suaves como el retinil palmitato, y otras m\u00e1s potentes como el \u00e1cido retinoico. #DiversidadDeRetinoides<\/p><\/li><li><p><strong>\ud83e\uddd1\u200d\u2695\ufe0f Se us\u00f3 primero en hospitales<\/strong>: Antes de llegar al mercado de la belleza, el retinol se utilizaba en hospitales para tratar problemas de piel graves. #IniciosMedicinales<\/p><\/li><li><p><strong>\ud83d\udecc Evita la almohada demasiado pronto<\/strong>: Si aplicas retinol antes de dormir, espera unos 20 minutos antes de acostarte, para que no se transfiera a la almohada. #NoManchesTuAlmohada<\/p><\/li><li><p><strong>\ud83c\udf4b M\u00e1s efectivo cuando est\u00e1 \u00e1cido<\/strong>: Funciona mejor en un entorno ligeramente \u00e1cido, por eso algunos productos lo combinan con ingredientes como el \u00e1cido glic\u00f3lico. #MejoraConAcidez<\/p><\/li><li><p><strong>\ud83d\udcbc No es solo para la cara<\/strong>: \u00a1El retinol puede usarse en el cuello, manos y hasta en los brazos! Mant\u00e9n todo tu cuerpo joven y radiante. #RetinolEnTodoElCuerpo<\/p><\/li><\/ol><h4>\ud83d\udccb <strong>Contraindicaciones del Retinol<\/strong><\/h4><ol><li><p><strong>\ud83d\udeab No durante el embarazo<\/strong>: El retinol est\u00e1 desaconsejado en el embarazo, ya que podr\u00eda afectar al desarrollo del beb\u00e9. #EmbarazoYRetinol<\/p><\/li><li><p><strong>\ud83d\udd25 Puede empeorar la ros\u00e1cea<\/strong>: Si tienes ros\u00e1cea, el retinol podr\u00eda irritar a\u00fan m\u00e1s tu piel. \u00a1Consulta a un dermat\u00f3logo! #CuidadoConLaRos\u00e1cea<\/p><\/li><li><p><strong>\ud83c\udf1e Mayor sensibilidad al sol<\/strong>: Como mencionamos antes, el retinol aumenta la sensibilidad de la piel al sol, as\u00ed que el protector solar es indispensable. #PielSensibleAlSol<\/p><\/li><li><p><strong>\ud83e\ude78 No es para pieles muy sensibles<\/strong>: Si tu piel es ultra sensible o tienes condiciones como eczema, el retinol puede ser demasiado agresivo. #PielSensible<\/p><\/li><li><p><strong>\ud83c\udf21\ufe0f Evitar mezclas con ciertos productos<\/strong>: No combines retinol con exfoliantes fuertes o \u00e1cidos potentes, ya que puede causar irritaci\u00f3n severa. #NoLoMezcles<\/p><\/li><li><p><strong>\ud83e\uddf4 No sobre piel h\u00fameda<\/strong>: Aplicar retinol sobre la piel h\u00fameda puede aumentar la absorci\u00f3n y causar irritaci\u00f3n. Mejor \u00fasalo sobre la piel seca. #PielSecaParaRetinol<\/p><\/li><li><p><strong>\ud83d\ude30 Puede causar descamaci\u00f3n<\/strong>: En las primeras semanas de uso, es com\u00fan que la piel se pele y descame. Es normal, pero puede ser inc\u00f3modo. #Descamaci\u00f3nInicial<\/p><\/li><li><p><strong>\u2757 Evitar en heridas abiertas<\/strong>: No apliques retinol sobre heridas o cortes, ya que puede retrasar la cicatrizaci\u00f3n o irritar m\u00e1s la zona. #EvitaHeridas<\/p><\/li><li><p><strong>\ud83e\udd27 Alergias posibles<\/strong>: Algunas personas desarrollan alergias al retinol, con s\u00edntomas como enrojecimiento y picaz\u00f3n. #Reacci\u00f3nAl\u00e9rgica<\/p><\/li><li><p><strong>\ud83d\udd04 No cambiar de producto frecuentemente<\/strong>: Cambiar de marca o concentraci\u00f3n de retinol demasiado r\u00e1pido puede irritar tu piel. Introduce cambios gradualmente. #CuidadoConLosCambios<\/p><\/li><\/ol><h4>\ud83d\udca1 <strong>M\u00e1s Cosas Interesantes sobre el Retinol<\/strong><\/h4><ul><li><p><strong>\ud83d\udca7 Retinol e hidrataci\u00f3n, inseparables<\/strong>: El retinol tiende a resecar la piel, as\u00ed que no olvides acompa\u00f1arlo con una buena crema hidratante. \u00a1Mant\u00e9n el equilibrio!<\/p><\/li><li><p><strong>\ud83d\udc86\u200d\u2640\ufe0f Empieza suave y sube la dosis<\/strong>: No te lances con una alta concentraci\u00f3n desde el primer d\u00eda. Empieza con f\u00f3rmulas suaves y deja que tu piel se acostumbre.<\/p><\/li><li><p><strong>\ud83c\udf89 No todo el mundo se \u00abpela\u00bb<\/strong>: La descamaci\u00f3n es com\u00fan, pero no todos la experimentan. No te preocupes si no te pasa, \u00a1el retinol sigue funcionando!<\/p><\/li><li><p><strong>\ud83c\udf31 Ingredientes calmantes<\/strong>: Ingredientes como el \u00e1cido hialur\u00f3nico o la niacinamida ayudan a calmar la piel y a reducir la irritaci\u00f3n cuando usas retinol.<\/p><\/li><li><p><strong>\u231b Efectos a largo plazo<\/strong>: El retinol es una inversi\u00f3n a largo plazo. Los resultados m\u00e1s visibles pueden tardar meses, pero valen la pena.<\/p><\/li><li><p><strong>\ud83d\udc69\u200d\ud83d\udd2c No todo es retinol puro<\/strong>: Algunos productos contienen derivados de retinol, como el retinil palmitato, que son m\u00e1s suaves para pieles sensibles.<\/p><\/li><li><p><strong>\ud83d\uded1 Menos es m\u00e1s<\/strong>: Con el retinol, una peque\u00f1a cantidad es suficiente. No exageres, porque podr\u00edas irritar tu piel.<\/p><\/li><li><p><strong>\ud83d\udc44 No te olvides de los labios<\/strong>: \u00a1S\u00ed! Hay b\u00e1lsamos labiales con retinol que ayudan a mantener tus labios suaves y sin arrugas.<\/p><\/li><li><p><strong>\ud83c\udf51 Retinol vs. retinoides<\/strong>: El retinol es solo una forma de retinoide. Existen otros m\u00e1s potentes que se usan con prescripci\u00f3n m\u00e9dica.<\/p><\/li><li><p><strong>\ud83e\uddf4 Dale un \u00abboost\u00bb a tu rutina<\/strong>: Introduce el retinol gradualmente en tu rutina para evitar sobrecargar tu piel y obtener mejores resultados.<\/p><\/li><\/ul><h3>Conclusi\u00f3n<\/h3><p>El retinol es un ingrediente poderoso que, si se usa correctamente, puede transformar tu piel. Desde la reducci\u00f3n de arrugas hasta la mejora del tono y textura, sus beneficios son amplios. Sin embargo, tambi\u00e9n es importante conocer sus contraindicaciones y curiosidades para asegurarte de que lo est\u00e1s usando de la mejor manera posible. \u00a1Cuida tu piel y disfruta de los beneficios del retinol!<\/p>\t\t\t\t\t\t\t\t<\/div>\n\t\t\t\t<\/div>\n\t\t\t\t\t<\/div>\n\t\t\t\t<\/div>\n\t\t\t\t<\/div>","protected":false},"excerpt":{"rendered":"<p>RETINOL El retinol es uno de esos ingredientes que suena en todas partes cuando hablamos de cuidado de la piel. Ya sea que est\u00e9s tratando de combatir los signos del envejecimiento, lidiando con el acn\u00e9 o buscando una piel m\u00e1s suave y radiante, el retinol parece ser la soluci\u00f3n m\u00e1gica. Pero, \u00bfqu\u00e9 tan cierto es [&hellip;]<\/p>\n","protected":false},"author":1,"featured_media":38,"parent":0,"menu_order":0,"comment_status":"closed","ping_status":"closed","template":"elementor_canvas","meta":{"footnotes":""},"class_list":["post-21","page","type-page","status-publish","has-post-thumbnail","hentry"],"yoast_head":"<!-- This site is optimized with the Yoast SEO plugin v27.3 - https:\/\/yoast.com\/product\/yoast-seo-wordpress\/ -->\n<title>Blog - cristina santiago centro estetico<\/title>\n<meta name=\"robots\" content=\"index, follow, max-snippet:-1, max-image-preview:large, max-video-preview:-1\" \/>\n<link rel=\"canonical\" href=\"https:\/\/cristinasantiagocentroestetico.es\/eu\/blog\/\" \/>\n<meta property=\"og:locale\" content=\"en_US\" \/>\n<meta property=\"og:type\" content=\"article\" \/>\n<meta property=\"og:title\" content=\"Blog - cristina santiago centro estetico\" \/>\n<meta property=\"og:description\" content=\"RETINOL El retinol es uno de esos ingredientes que suena en todas partes cuando hablamos de cuidado de la piel. Ya sea que est\u00e9s tratando de combatir los signos del envejecimiento, lidiando con el acn\u00e9 o buscando una piel m\u00e1s suave y radiante, el retinol parece ser la soluci\u00f3n m\u00e1gica. Pero, \u00bfqu\u00e9 tan cierto es [&hellip;]\" \/>\n<meta property=\"og:url\" content=\"https:\/\/cristinasantiagocentroestetico.es\/eu\/blog\/\" \/>\n<meta property=\"og:site_name\" content=\"cristina santiago centro estetico\" \/>\n<meta property=\"article:modified_time\" content=\"2024-08-29T15:33:13+00:00\" \/>\n<meta property=\"og:image\" content=\"https:\/\/cristinasantiagocentroestetico.es\/wp-content\/uploads\/2023\/09\/Captura-desde-2023-09-26-16-42-17.png\" \/>\n\t<meta property=\"og:image:width\" content=\"197\" \/>\n\t<meta property=\"og:image:height\" content=\"177\" \/>\n\t<meta property=\"og:image:type\" content=\"image\/png\" \/>\n<meta name=\"twitter:card\" content=\"summary_large_image\" \/>\n<meta name=\"twitter:label1\" content=\"Est. reading time\" \/>\n\t<meta name=\"twitter:data1\" content=\"6 minutua\" \/>\n<script type=\"application\/ld+json\" class=\"yoast-schema-graph\">{\"@context\":\"https:\\\/\\\/schema.org\",\"@graph\":[{\"@type\":\"WebPage\",\"@id\":\"https:\\\/\\\/cristinasantiagocentroestetico.es\\\/blog\\\/\",\"url\":\"https:\\\/\\\/cristinasantiagocentroestetico.es\\\/blog\\\/\",\"name\":\"Blog - cristina santiago centro estetico\",\"isPartOf\":{\"@id\":\"https:\\\/\\\/cristinasantiagocentroestetico.es\\\/#website\"},\"primaryImageOfPage\":{\"@id\":\"https:\\\/\\\/cristinasantiagocentroestetico.es\\\/blog\\\/#primaryimage\"},\"image\":{\"@id\":\"https:\\\/\\\/cristinasantiagocentroestetico.es\\\/blog\\\/#primaryimage\"},\"thumbnailUrl\":\"https:\\\/\\\/cristinasantiagocentroestetico.es\\\/wp-content\\\/uploads\\\/2023\\\/09\\\/Captura-desde-2023-09-26-16-42-17.png\",\"datePublished\":\"2023-09-26T14:17:39+00:00\",\"dateModified\":\"2024-08-29T15:33:13+00:00\",\"breadcrumb\":{\"@id\":\"https:\\\/\\\/cristinasantiagocentroestetico.es\\\/blog\\\/#breadcrumb\"},\"inLanguage\":\"eu\",\"potentialAction\":[{\"@type\":\"ReadAction\",\"target\":[\"https:\\\/\\\/cristinasantiagocentroestetico.es\\\/blog\\\/\"]}]},{\"@type\":\"ImageObject\",\"inLanguage\":\"eu\",\"@id\":\"https:\\\/\\\/cristinasantiagocentroestetico.es\\\/blog\\\/#primaryimage\",\"url\":\"https:\\\/\\\/cristinasantiagocentroestetico.es\\\/wp-content\\\/uploads\\\/2023\\\/09\\\/Captura-desde-2023-09-26-16-42-17.png\",\"contentUrl\":\"https:\\\/\\\/cristinasantiagocentroestetico.es\\\/wp-content\\\/uploads\\\/2023\\\/09\\\/Captura-desde-2023-09-26-16-42-17.png\",\"width\":197,\"height\":177},{\"@type\":\"BreadcrumbList\",\"@id\":\"https:\\\/\\\/cristinasantiagocentroestetico.es\\\/blog\\\/#breadcrumb\",\"itemListElement\":[{\"@type\":\"ListItem\",\"position\":1,\"name\":\"Portada\",\"item\":\"https:\\\/\\\/cristinasantiagocentroestetico.es\\\/\"},{\"@type\":\"ListItem\",\"position\":2,\"name\":\"Blog\"}]},{\"@type\":\"WebSite\",\"@id\":\"https:\\\/\\\/cristinasantiagocentroestetico.es\\\/#website\",\"url\":\"https:\\\/\\\/cristinasantiagocentroestetico.es\\\/\",\"name\":\"cristina santiago centro estetico\",\"description\":\"Tratamientos de belleza en Bilbao\",\"potentialAction\":[{\"@type\":\"SearchAction\",\"target\":{\"@type\":\"EntryPoint\",\"urlTemplate\":\"https:\\\/\\\/cristinasantiagocentroestetico.es\\\/?s={search_term_string}\"},\"query-input\":{\"@type\":\"PropertyValueSpecification\",\"valueRequired\":true,\"valueName\":\"search_term_string\"}}],\"inLanguage\":\"eu\"}]}<\/script>\n<!-- \/ Yoast SEO plugin. -->","yoast_head_json":{"title":"Blog - cristina santiago centro estetico","robots":{"index":"index","follow":"follow","max-snippet":"max-snippet:-1","max-image-preview":"max-image-preview:large","max-video-preview":"max-video-preview:-1"},"canonical":"https:\/\/cristinasantiagocentroestetico.es\/eu\/blog\/","og_locale":"en_US","og_type":"article","og_title":"Blog - cristina santiago centro estetico","og_description":"RETINOL El retinol es uno de esos ingredientes que suena en todas partes cuando hablamos de cuidado de la piel. Ya sea que est\u00e9s tratando de combatir los signos del envejecimiento, lidiando con el acn\u00e9 o buscando una piel m\u00e1s suave y radiante, el retinol parece ser la soluci\u00f3n m\u00e1gica. Pero, \u00bfqu\u00e9 tan cierto es [&hellip;]","og_url":"https:\/\/cristinasantiagocentroestetico.es\/eu\/blog\/","og_site_name":"cristina santiago centro estetico","article_modified_time":"2024-08-29T15:33:13+00:00","og_image":[{"width":197,"height":177,"url":"https:\/\/cristinasantiagocentroestetico.es\/wp-content\/uploads\/2023\/09\/Captura-desde-2023-09-26-16-42-17.png","type":"image\/png"}],"twitter_card":"summary_large_image","twitter_misc":{"Est. reading time":"6 minutua"},"schema":{"@context":"https:\/\/schema.org","@graph":[{"@type":"WebPage","@id":"https:\/\/cristinasantiagocentroestetico.es\/blog\/","url":"https:\/\/cristinasantiagocentroestetico.es\/blog\/","name":"Blog - cristina santiago centro estetico","isPartOf":{"@id":"https:\/\/cristinasantiagocentroestetico.es\/#website"},"primaryImageOfPage":{"@id":"https:\/\/cristinasantiagocentroestetico.es\/blog\/#primaryimage"},"image":{"@id":"https:\/\/cristinasantiagocentroestetico.es\/blog\/#primaryimage"},"thumbnailUrl":"https:\/\/cristinasantiagocentroestetico.es\/wp-content\/uploads\/2023\/09\/Captura-desde-2023-09-26-16-42-17.png","datePublished":"2023-09-26T14:17:39+00:00","dateModified":"2024-08-29T15:33:13+00:00","breadcrumb":{"@id":"https:\/\/cristinasantiagocentroestetico.es\/blog\/#breadcrumb"},"inLanguage":"eu","potentialAction":[{"@type":"ReadAction","target":["https:\/\/cristinasantiagocentroestetico.es\/blog\/"]}]},{"@type":"ImageObject","inLanguage":"eu","@id":"https:\/\/cristinasantiagocentroestetico.es\/blog\/#primaryimage","url":"https:\/\/cristinasantiagocentroestetico.es\/wp-content\/uploads\/2023\/09\/Captura-desde-2023-09-26-16-42-17.png","contentUrl":"https:\/\/cristinasantiagocentroestetico.es\/wp-content\/uploads\/2023\/09\/Captura-desde-2023-09-26-16-42-17.png","width":197,"height":177},{"@type":"BreadcrumbList","@id":"https:\/\/cristinasantiagocentroestetico.es\/blog\/#breadcrumb","itemListElement":[{"@type":"ListItem","position":1,"name":"Portada","item":"https:\/\/cristinasantiagocentroestetico.es\/"},{"@type":"ListItem","position":2,"name":"Blog"}]},{"@type":"WebSite","@id":"https:\/\/cristinasantiagocentroestetico.es\/#website","url":"https:\/\/cristinasantiagocentroestetico.es\/","name":"cristina santiago centro estetico","description":"Tratamientos de belleza en Bilbao","potentialAction":[{"@type":"SearchAction","target":{"@type":"EntryPoint","urlTemplate":"https:\/\/cristinasantiagocentroestetico.es\/?s={search_term_string}"},"query-input":{"@type":"PropertyValueSpecification","valueRequired":true,"valueName":"search_term_string"}}],"inLanguage":"eu"}]}},"jetpack_sharing_enabled":true,"_links":{"self":[{"href":"https:\/\/cristinasantiagocentroestetico.es\/eu\/wp-json\/wp\/v2\/pages\/21","targetHints":{"allow":["GET"]}}],"collection":[{"href":"https:\/\/cristinasantiagocentroestetico.es\/eu\/wp-json\/wp\/v2\/pages"}],"about":[{"href":"https:\/\/cristinasantiagocentroestetico.es\/eu\/wp-json\/wp\/v2\/types\/page"}],"author":[{"embeddable":true,"href":"https:\/\/cristinasantiagocentroestetico.es\/eu\/wp-json\/wp\/v2\/users\/1"}],"replies":[{"embeddable":true,"href":"https:\/\/cristinasantiagocentroestetico.es\/eu\/wp-json\/wp\/v2\/comments?post=21"}],"version-history":[{"count":28,"href":"https:\/\/cristinasantiagocentroestetico.es\/eu\/wp-json\/wp\/v2\/pages\/21\/revisions"}],"predecessor-version":[{"id":4411,"href":"https:\/\/cristinasantiagocentroestetico.es\/eu\/wp-json\/wp\/v2\/pages\/21\/revisions\/4411"}],"wp:featuredmedia":[{"embeddable":true,"href":"https:\/\/cristinasantiagocentroestetico.es\/eu\/wp-json\/wp\/v2\/media\/38"}],"wp:attachment":[{"href":"https:\/\/cristinasantiagocentroestetico.es\/eu\/wp-json\/wp\/v2\/media?parent=21"}],"curies":[{"name":"wp","href":"https:\/\/api.w.org\/{rel}","templated":true}]}}