{"id":4632,"date":"2024-11-28T11:35:13","date_gmt":"2024-11-28T11:35:13","guid":{"rendered":"https:\/\/cristinasantiagocentroestetico.es\/?page_id=4632"},"modified":"2024-11-28T11:35:18","modified_gmt":"2024-11-28T11:35:18","slug":"politica-de-privacidad","status":"publish","type":"page","link":"https:\/\/cristinasantiagocentroestetico.es\/eu\/politica-de-privacidad\/","title":{"rendered":"Politica de Privacidad"},"content":{"rendered":"<p>Esta Pol\u00edtica de Privacidad se aplica a los tratamientos de datos de car\u00e1cter personal que \u00a0Centro de est\u00e9tica Cristina Santiago-  adelante el Centro\u2013 realiza como Responsable de los mismos, en relaci\u00f3n con los datos que los usuarios facilitan como consecuencia de la contrataci\u00f3n de los productos que vende RESPONSABLE, o recabados en cualquiera de la secciones del sitio web <a href=\"https:\/\/cristinasantiagocentroestetico.es\/eu\/\">https:\/\/cristinasantiagocentroestetico.es\/<\/a><\/p>\n\n\n\n<p>EL CENTRO se reserva la facultad de modificar esta Pol\u00edtica con el objeto de adaptarla a novedades legislativas, criterios jurisprudenciales, pr\u00e1cticas del sector, o intereses de la entidad. Cualquier modificaci\u00f3n en la misma ser\u00e1 anunciada con la debida antelaci\u00f3n, a fin de que tengas perfecto conocimiento de su contenido.<\/p>\n\n\n\n<p><strong>1.- Responsable del tratamiento.<\/strong><\/p>\n\n\n\n<p>El Responsable del tratamiento de sus datos personales es:<\/p>\n\n\n\n<ul class=\"wp-block-list\">\n<li>RESPONSABLE: \u00a0Cristina Santiago Ruiz.<\/li>\n\n\n\n<li>NIF: 30619655P<\/li>\n\n\n\n<li>DIRECCION: De Azkue Resurreccion Maria Kalea, 7, 48004 Bilbo, Bizkaia<\/li>\n\n\n\n<li>Tlf: 667 529 571<\/li>\n\n\n\n<li>email: cristinasantiagoruiz4@gmail.es<\/li>\n<\/ul>\n\n\n\n<p><strong>2.- Finalidades del tratamiento.<\/strong><\/p>\n\n\n\n<p>Sus datos personales s\u00f3lo se utilizar\u00e1n para las siguientes finalidades:<\/p>\n\n\n\n<ul class=\"wp-block-list\">\n<li><strong>Gestionar el acceso completo y la utilizaci\u00f3n<\/strong>\u00a0correcta de la web.<\/li>\n\n\n\n<li><strong>Para comunicar con usted<\/strong>\u00a0en respuesta a sus solicitudes de presupuestos, comentarios y preguntas que nos realice a trav\u00e9s de los Servicios o los formularios de contacto de nuestra p\u00e1gina web.<\/li>\n\n\n\n<li><strong>Gestionar, administrar y facturar<\/strong>\u00a0la compraventa de los productos seleccionados.<\/li>\n\n\n\n<li><strong>Comunicaciones Comerciales (Bolet\u00edn de ofertas)<\/strong>: Podremos utilizar sus datos para contactarle, tanto por v\u00eda electr\u00f3nica como no electr\u00f3nica, para realizar encuestas, obtener su opini\u00f3n sobre el producto contratado o servicio prestado y, ocasionalmente, remitirle ofertas o promociones relacionadas con nuestros servicios. Puede revocar en cualquier momento la recepci\u00f3n de estas notificaciones utilizando el mecanismo implementado al efecto en las mismas, o bien, remitiendo un escrito con el asunto \u201cBaja\u201d a cristinasantiagoruiz4@gmail.es<\/li>\n<\/ul>\n\n\n\n<p>No trataremos sus datos personales para ninguna otra finalidad m\u00e1s all\u00e1 de las descritas anteriormente salvo que venga impuesto por ley o exista alg\u00fan requerimiento judicial.<\/p>\n\n\n\n<p><strong>Conservaci\u00f3n de datos:<\/strong>&nbsp;Los datos personales necesarios para gestionar el acceso y\/o registro a nuestra p\u00e1gina web y la compra de productos se conservar\u00e1n y tratar\u00e1n mientras se mantenga la relaci\u00f3n contractual, incluyendo posibles devoluciones, quejas o reclamaciones asociadas a la compra del producto o servicio en particular, as\u00ed como el cumplimiento de los plazos legalmente establecidos.<\/p>\n\n\n\n<p>Los datos facilitados para el env\u00edo del bolet\u00edn de ofertas\/newsletter los trataremos hasta que te des de baja o canceles tu suscripci\u00f3n.<\/p>\n\n\n\n<p>Todo ello, sin perjuicio de la posibilidad de ejercitar su derecho de supresi\u00f3n, limitaci\u00f3n, etc. en cuyo caso EL CENTRO bloquear\u00e1 sus datos durante el tiempo que persistan sus obligaciones legales.<\/p>\n\n\n\n<p><strong>3.- Legitimaci\u00f3n Del Tratamiento.<\/strong><\/p>\n\n\n\n<p><strong>La base legal<\/strong>&nbsp;para el tratamiento de los datos es la legitimaci\u00f3n por&nbsp;<strong>consentimiento del interesado<\/strong>&nbsp;para las finalidades anteriormente descritas, que se solicitar\u00e1 en el momento:<\/p>\n\n\n\n<ul class=\"wp-block-list\">\n<li>Anterior a proceder a tratar sus datos,<\/li>\n\n\n\n<li>De proceder al registro como usuario o,<\/li>\n\n\n\n<li>De proceder a la contrataci\u00f3n de los productos de CENTRO DE EST\u00c9TICA CRISTINA SANTIAGO.<\/li>\n<\/ul>\n\n\n\n<p>Las solicitudes de informaci\u00f3n que nos haga llegar, as\u00ed como la eventual contrataci\u00f3n de los productos de CENTRO DE EST\u00c9TICA CRISTINA SANTIAGO, requieren que el interesado nos facilite de forma voluntaria los datos necesarios para poder atenderle o prestarle los Servicios. La obligatoriedad o necesidad de facilitarnos esos datos se se\u00f1alar\u00e1 con un asterisco\u00a0<strong>(*)<\/strong>\u00a0en los formularios o secciones correspondientes a cada servicio.<\/p>\n\n\n\n<p>No obstante el interesado puede, libremente, negarse a facilitarnos esos datos o, posteriormente, revocar el consentimiento previamente otorgado para tratar sus datos, si bien esa negativa implicar\u00e1 la imposibilidad de que podamos atender su petici\u00f3n o prestarle el servicio.<\/p>\n\n\n\n<p>CENTRO DE EST\u00c9TICA CRISTINA SANTIAGO entiende que al facilitarnos esos datos, el interesado declara, acepta y consiente expresamente en su tratamiento para las finalidades anteriormente descritas.<\/p>\n\n\n\n<p>Igualmente podremos tratar sus datos en base al\u00a0<strong>inter\u00e9s leg\u00edtimo<\/strong>\u00a0de CENTRO DE EST\u00c9TICA CRISTINA SANTIAGO en mantener y fidelizar a sus clientes y\/o usuarios y atender mejor sus expectativas o intereses previamente manifestados, ej.: mejorar servicios y productos, garantizar la seguridad, prevenir el fraude, gestionar solicitudes, consultas o reclamaciones, ofrecer productos y servicios propios similares a los contratados, informar sobre promociones etc.<\/p>\n\n\n\n<p>Por supuesto, usted puede en cualquier momento manifestar su oposici\u00f3n al uso de sus datos con la finalidad de prospecci\u00f3n comercial, sin que ello afecte a la ejecuci\u00f3n del contrato que hubiera suscrito.<\/p>\n\n\n\n<p><strong>4.- Comunicaci\u00f3n de datos<\/strong><\/p>\n\n\n\n<p>CENTRO DE EST\u00c9TICA CRISTINA SANTIAGO puede ceder sus datos personales a entidades bancarias, servicios t\u00e9cnicos en lo referente a las garant\u00edas de los productos o empresas de transporte a fin de poder remitirle el producto a la direcci\u00f3n que nos haya facilitado. CENTRO DE EST\u00c9TICA CRISTINA SANTIAGO, no ceder\u00e1 sus datos personales a otros terceros salvo que estemos obligados legalmente a ello o usted nos lo haya autorizado expresamente.<\/p>\n\n\n\n<p>No obstante, para poder prestarle o interactuar con los productos que nos solicite, y, en general, cumplir con las finalidades descritas en el punto dos (2) de este documento, le informamos que las siguientes entidades que nos prestan servicios podr\u00edan acceder a sus datos personales.<\/p>\n\n\n\n<figure class=\"wp-block-table\"><table class=\"has-fixed-layout\"><tbody><tr><td><strong>Pais<\/strong><\/td><td><strong>Empresa<\/strong><\/td><td><strong>Servicios<\/strong><\/td><td><strong>Garant\u00edas<\/strong><\/td><\/tr><tr><td>EE.UU<\/td><td>The Rocket Science Group, LLC.<\/td><td>MailChimp (Campa\u00f1as de marketing)<\/td><td>Private Shield (Escudo de Privacidad)*<\/td><\/tr><tr><td>EE.UU<\/td><td>Google, LLC<\/td><td>Servicios de anal\u00edtica web.<\/td><td>https:\/\/policies.google.com\/privacy\/partners?hl=es<\/td><\/tr><tr><td>&nbsp;<\/td><td>&nbsp;<\/td><td>&nbsp;<\/td><td>&nbsp;<\/td><\/tr><tr><td>&nbsp;<\/td><td>&nbsp;<\/td><td>&nbsp;<\/td><td>&nbsp;<\/td><\/tr><tr><td colspan=\"4\">*Decisi\u00f3n (UE) 2016\/1250 de la Comisi\u00f3n de 12 de junio de 2016 con arreglo a la directiva 95\/46 del Parlamento Europeo y del Consejo, sobre la adecuaci\u00f3n de la protecci\u00f3n conferida por el Escudo de la Privacidad UE-EEUU.<\/td><\/tr><\/tbody><\/table><\/figure>\n\n\n\n<p><strong>5.- Derechos de las personas interesadas.<\/strong><\/p>\n\n\n\n<p>Cualquier persona tiene derecho a obtener confirmaci\u00f3n sobre si en CENTRO DE EST\u00c9TICA CRISTINA SANTIAGO se tratan datos personales que le conciernan, o no. De esta manera, tambi\u00e9n nos aseguramos de que la informaci\u00f3n sea precisa y veraz.<\/p>\n\n\n\n<ul class=\"wp-block-list\">\n<li><strong>Derecho de acceso:\u00a0<\/strong>permite al interesado conocer y obtener informaci\u00f3n sobre sus datos de car\u00e1cter personal sometidos a tratamiento.<\/li>\n\n\n\n<li><strong>Derecho de rectificaci\u00f3n:<\/strong>\u00a0permite corregir errores, modificar los datos que resulten ser inexactos o incompletos y garantizar la certeza de la informaci\u00f3n objeto del tratamiento.<\/li>\n\n\n\n<li><strong>Derecho de supresi\u00f3n:\u00a0<\/strong>permite solicitar la eliminaci\u00f3n de los datos objeto de tratamiento.<\/li>\n\n\n\n<li><strong>Derecho de oposici\u00f3n:<\/strong>\u00a0derecho del interesado a que no se lleve a cabo el tratamiento de sus datos de car\u00e1cter personal o se cese en el mismo.<\/li>\n\n\n\n<li><strong>Limitaci\u00f3n del tratamiento:<\/strong>\u00a0En determinadas circunstancias, los interesados podr\u00e1n solicitar la limitaci\u00f3n del tratamiento de sus datos, en cuyo caso \u00fanicamente se conservar\u00e1n para el ejercicio o defensa de reclamaciones.<\/li>\n\n\n\n<li><strong>Portabilidad de los datos:<\/strong>\u00a0las personas interesadas pueden solicitar recibir los datos que le incumban y que nos haya facilitado o que \u2013siempre que t\u00e9cnicamente sea posible\u2013 se los enviemos a otro responsable de tratamiento de su elecci\u00f3n, en un formato estructurado de uso com\u00fan y lectura mec\u00e1nica.<\/li>\n\n\n\n<li><strong>Derecho a no ser objeto de decisiones individuales automatizadas<\/strong>\u00a0(incluida la elaboraci\u00f3n de perfiles): derecho a no ser objeto de una decisi\u00f3n basada en el tratamiento automatizado que produzca efectos o afecte significativamente.<\/li>\n<\/ul>\n\n\n\n<p>Asimismo, el interesado tiene derecho a retirar en cualquier momento el consentimiento prestado, sin que ello afecte a la licitud del tratamiento basado en el consentimiento prestado en el momento de facilitarnos sus datos.<\/p>\n\n\n\n<p>Si desea ejercer alguno de los derechos expuestos, rogamos que nos remita carta con todos sus datos, incluyendo DNI a: De Azkue Resurreccion Maria Kalea, 7, 48004 Bilbo, Bizkaia, o nos env\u00ede un e-mail a cristinasantiagoruiz4@gmail.es<\/p>\n\n\n\n<p>CENTRO DE EST\u00c9TICA CRISTINA SANTIAGO le informa igualmente del derecho que le asiste de presentar una reclamaci\u00f3n ante la Agencia Espa\u00f1ola de Protecci\u00f3n de Datos (<a href=\"http:\/\/www.agpd.es\/\">www.agpd.es<\/a>).<\/p>\n\n\n\n<p><strong>Medidas de seguridad.<\/strong><\/p>\n\n\n\n<p>Finalmente se informa que CENTRO DE EST\u00c9TICA CRISTINA SANTIAGO adoptar\u00e1 en su sistema de informaci\u00f3n las medidas t\u00e9cnicas y organizativas adecuadas, dando cumplimiento al principio de responsabilidad proactiva, a fin de garantizar la seguridad y confidencialidad de los datos almacenados, evitando as\u00ed, su alteraci\u00f3n, p\u00e9rdida, tratamiento o acceso no autorizado; teniendo en cuenta el estado de la t\u00e9cnica, los costes de aplicaci\u00f3n, y la naturaleza, el alcance, el contexto y los fines del tratamiento, as\u00ed como riesgos de probabilidad y gravedad variables asociadas a cada uno de los tratamientos.<\/p>","protected":false},"excerpt":{"rendered":"<p>Esta Pol\u00edtica de Privacidad se aplica a los tratamientos de datos de car\u00e1cter personal que \u00a0Centro de est\u00e9tica Cristina Santiago- adelante el Centro\u2013 realiza como Responsable de los mismos, en relaci\u00f3n con los datos que los usuarios facilitan como consecuencia de la contrataci\u00f3n de los productos que vende RESPONSABLE, o recabados en cualquiera de la [&hellip;]<\/p>\n","protected":false},"author":1,"featured_media":0,"parent":0,"menu_order":0,"comment_status":"closed","ping_status":"closed","template":"","meta":{"footnotes":""},"class_list":["post-4632","page","type-page","status-publish","hentry"],"yoast_head":"<!-- This site is optimized with the Yoast SEO plugin v27.5 - https:\/\/yoast.com\/product\/yoast-seo-wordpress\/ -->\n<title>Politica de Privacidad - cristina santiago centro estetico<\/title>\n<meta name=\"robots\" content=\"index, follow, max-snippet:-1, max-image-preview:large, max-video-preview:-1\" \/>\n<link rel=\"canonical\" href=\"https:\/\/cristinasantiagocentroestetico.es\/eu\/politica-de-privacidad\/\" \/>\n<meta property=\"og:locale\" content=\"en_US\" \/>\n<meta property=\"og:type\" content=\"article\" \/>\n<meta property=\"og:title\" content=\"Politica de Privacidad - cristina santiago centro estetico\" \/>\n<meta property=\"og:description\" content=\"Esta Pol\u00edtica de Privacidad se aplica a los tratamientos de datos de car\u00e1cter personal que \u00a0Centro de est\u00e9tica Cristina Santiago- adelante el Centro\u2013 realiza como Responsable de los mismos, en relaci\u00f3n con los datos que los usuarios facilitan como consecuencia de la contrataci\u00f3n de los productos que vende RESPONSABLE, o recabados en cualquiera de la [&hellip;]\" \/>\n<meta property=\"og:url\" content=\"https:\/\/cristinasantiagocentroestetico.es\/eu\/politica-de-privacidad\/\" \/>\n<meta property=\"og:site_name\" content=\"cristina santiago centro estetico\" \/>\n<meta property=\"article:modified_time\" content=\"2024-11-28T11:35:18+00:00\" \/>\n<meta name=\"twitter:card\" content=\"summary_large_image\" \/>\n<meta name=\"twitter:label1\" content=\"Est. reading time\" \/>\n\t<meta name=\"twitter:data1\" content=\"7 minutua\" \/>\n<script type=\"application\/ld+json\" class=\"yoast-schema-graph\">{\"@context\":\"https:\\\/\\\/schema.org\",\"@graph\":[{\"@type\":\"WebPage\",\"@id\":\"https:\\\/\\\/cristinasantiagocentroestetico.es\\\/politica-de-privacidad\\\/\",\"url\":\"https:\\\/\\\/cristinasantiagocentroestetico.es\\\/politica-de-privacidad\\\/\",\"name\":\"Politica de Privacidad - cristina santiago centro estetico\",\"isPartOf\":{\"@id\":\"https:\\\/\\\/cristinasantiagocentroestetico.es\\\/#website\"},\"datePublished\":\"2024-11-28T11:35:13+00:00\",\"dateModified\":\"2024-11-28T11:35:18+00:00\",\"breadcrumb\":{\"@id\":\"https:\\\/\\\/cristinasantiagocentroestetico.es\\\/politica-de-privacidad\\\/#breadcrumb\"},\"inLanguage\":\"eu\",\"potentialAction\":[{\"@type\":\"ReadAction\",\"target\":[\"https:\\\/\\\/cristinasantiagocentroestetico.es\\\/politica-de-privacidad\\\/\"]}]},{\"@type\":\"BreadcrumbList\",\"@id\":\"https:\\\/\\\/cristinasantiagocentroestetico.es\\\/politica-de-privacidad\\\/#breadcrumb\",\"itemListElement\":[{\"@type\":\"ListItem\",\"position\":1,\"name\":\"Portada\",\"item\":\"https:\\\/\\\/cristinasantiagocentroestetico.es\\\/\"},{\"@type\":\"ListItem\",\"position\":2,\"name\":\"Politica de Privacidad\"}]},{\"@type\":\"WebSite\",\"@id\":\"https:\\\/\\\/cristinasantiagocentroestetico.es\\\/#website\",\"url\":\"https:\\\/\\\/cristinasantiagocentroestetico.es\\\/\",\"name\":\"cristina santiago centro estetico\",\"description\":\"Tratamientos de belleza en Bilbao\",\"potentialAction\":[{\"@type\":\"SearchAction\",\"target\":{\"@type\":\"EntryPoint\",\"urlTemplate\":\"https:\\\/\\\/cristinasantiagocentroestetico.es\\\/?s={search_term_string}\"},\"query-input\":{\"@type\":\"PropertyValueSpecification\",\"valueRequired\":true,\"valueName\":\"search_term_string\"}}],\"inLanguage\":\"eu\"}]}<\/script>\n<!-- \/ Yoast SEO plugin. -->","yoast_head_json":{"title":"Politica de Privacidad - cristina santiago centro estetico","robots":{"index":"index","follow":"follow","max-snippet":"max-snippet:-1","max-image-preview":"max-image-preview:large","max-video-preview":"max-video-preview:-1"},"canonical":"https:\/\/cristinasantiagocentroestetico.es\/eu\/politica-de-privacidad\/","og_locale":"en_US","og_type":"article","og_title":"Politica de Privacidad - cristina santiago centro estetico","og_description":"Esta Pol\u00edtica de Privacidad se aplica a los tratamientos de datos de car\u00e1cter personal que \u00a0Centro de est\u00e9tica Cristina Santiago- adelante el Centro\u2013 realiza como Responsable de los mismos, en relaci\u00f3n con los datos que los usuarios facilitan como consecuencia de la contrataci\u00f3n de los productos que vende RESPONSABLE, o recabados en cualquiera de la [&hellip;]","og_url":"https:\/\/cristinasantiagocentroestetico.es\/eu\/politica-de-privacidad\/","og_site_name":"cristina santiago centro estetico","article_modified_time":"2024-11-28T11:35:18+00:00","twitter_card":"summary_large_image","twitter_misc":{"Est. reading time":"7 minutua"},"schema":{"@context":"https:\/\/schema.org","@graph":[{"@type":"WebPage","@id":"https:\/\/cristinasantiagocentroestetico.es\/politica-de-privacidad\/","url":"https:\/\/cristinasantiagocentroestetico.es\/politica-de-privacidad\/","name":"Politica de Privacidad - cristina santiago centro estetico","isPartOf":{"@id":"https:\/\/cristinasantiagocentroestetico.es\/#website"},"datePublished":"2024-11-28T11:35:13+00:00","dateModified":"2024-11-28T11:35:18+00:00","breadcrumb":{"@id":"https:\/\/cristinasantiagocentroestetico.es\/politica-de-privacidad\/#breadcrumb"},"inLanguage":"eu","potentialAction":[{"@type":"ReadAction","target":["https:\/\/cristinasantiagocentroestetico.es\/politica-de-privacidad\/"]}]},{"@type":"BreadcrumbList","@id":"https:\/\/cristinasantiagocentroestetico.es\/politica-de-privacidad\/#breadcrumb","itemListElement":[{"@type":"ListItem","position":1,"name":"Portada","item":"https:\/\/cristinasantiagocentroestetico.es\/"},{"@type":"ListItem","position":2,"name":"Politica de Privacidad"}]},{"@type":"WebSite","@id":"https:\/\/cristinasantiagocentroestetico.es\/#website","url":"https:\/\/cristinasantiagocentroestetico.es\/","name":"cristina santiago centro estetico","description":"Tratamientos de belleza en Bilbao","potentialAction":[{"@type":"SearchAction","target":{"@type":"EntryPoint","urlTemplate":"https:\/\/cristinasantiagocentroestetico.es\/?s={search_term_string}"},"query-input":{"@type":"PropertyValueSpecification","valueRequired":true,"valueName":"search_term_string"}}],"inLanguage":"eu"}]}},"jetpack_sharing_enabled":true,"_links":{"self":[{"href":"https:\/\/cristinasantiagocentroestetico.es\/eu\/wp-json\/wp\/v2\/pages\/4632","targetHints":{"allow":["GET"]}}],"collection":[{"href":"https:\/\/cristinasantiagocentroestetico.es\/eu\/wp-json\/wp\/v2\/pages"}],"about":[{"href":"https:\/\/cristinasantiagocentroestetico.es\/eu\/wp-json\/wp\/v2\/types\/page"}],"author":[{"embeddable":true,"href":"https:\/\/cristinasantiagocentroestetico.es\/eu\/wp-json\/wp\/v2\/users\/1"}],"replies":[{"embeddable":true,"href":"https:\/\/cristinasantiagocentroestetico.es\/eu\/wp-json\/wp\/v2\/comments?post=4632"}],"version-history":[{"count":1,"href":"https:\/\/cristinasantiagocentroestetico.es\/eu\/wp-json\/wp\/v2\/pages\/4632\/revisions"}],"predecessor-version":[{"id":4633,"href":"https:\/\/cristinasantiagocentroestetico.es\/eu\/wp-json\/wp\/v2\/pages\/4632\/revisions\/4633"}],"wp:attachment":[{"href":"https:\/\/cristinasantiagocentroestetico.es\/eu\/wp-json\/wp\/v2\/media?parent=4632"}],"curies":[{"name":"wp","href":"https:\/\/api.w.org\/{rel}","templated":true}]}}